{"id":992464,"date":"2025-03-04T19:17:46","date_gmt":"2025-03-04T18:17:46","guid":{"rendered":"https:\/\/nb-bijoux.fr\/?post_type=product&#038;p=992464"},"modified":"2025-03-05T15:43:47","modified_gmt":"2025-03-05T14:43:47","slug":"fibule-acanthe","status":"publish","type":"product","link":"https:\/\/nb-bijoux.fr\/?product=fibule-acanthe","title":{"rendered":"Fibule Acanthe"},"content":{"rendered":"<div class=\"vgblk-rw-wrapper limit-wrapper\">Pour conserver l\u2019\u00e9clat de votre fibule, \u00e9vitez tout contact avec les produits cosm\u00e9tiques et rangez-la dans son \u00e9crin lorsque vous ne la portez pas.<\/p>\n<p>&nbsp;<\/p>\n<p><strong>Important:<\/strong><\/p>\n<p>Pour votre s\u00e9curit\u00e9, prenez soin de remettre syst\u00e9matiquement l\u2019embout de s\u00fbret\u00e9 \u00e0 l\u2019extr\u00e9mit\u00e9 de la fibule.<\/p>\n<p>&nbsp;<\/p><\/div>\n<p><!-- .vgblk-rw-wrapper --><\/p>\n","protected":false},"excerpt":{"rendered":"<p style=\"text-align: left;\">La fibule Acanthe enti\u00e8rement r\u00e9alis\u00e9e \u00e0 la main en argent 925 capture l\u2019essence de la nature dans un design \u00e9pur\u00e9 et contemporain.<\/p>\n<p style=\"text-align: left;\">Compos\u00e9e de trois feuilles \u00e9lanc\u00e9es en argent bross\u00e9, elle \u00e9voque subtilement la silhouette graphique des plantes aux lignes affirm\u00e9es.<\/p>\n<p>Polyvalente, la fibule peut se porter selon votre style, fix\u00e9e sur une \u00e9toffe l\u00e9g\u00e8re, un revers de veste ou bien encore une cravate.<\/p>\n<p style=\"text-align: left;\">Ce bijou accessoire apporte une touche d\u2019\u00e9l\u00e9gance contemporaine et structure votre tenue.<\/p>\n<p>&nbsp;<\/p>\n","protected":false},"featured_media":992386,"comment_status":"open","ping_status":"closed","template":"","meta":[],"product_brand":[],"product_cat":[108],"product_tag":[342,350,351,349,341],"class_list":{"0":"post-992464","1":"product","2":"type-product","3":"status-publish","4":"has-post-thumbnail","6":"product_cat-pieces-uniques","7":"product_tag-bijou-accessoire","8":"product_tag-bijou-de-ceremonie","9":"product_tag-bijou-elegant","10":"product_tag-epingle-a-cravate","11":"product_tag-fibule","13":"first","14":"instock","15":"shipping-taxable","16":"purchasable","17":"product-type-simple"},"yoast_head":"<!-- This site is optimized with the Yoast SEO plugin v27.5 - https:\/\/yoast.com\/product\/yoast-seo-wordpress\/ -->\n<title>Fibule Acanthe - Najette Bordji, cr\u00e9atrice de bijoux artisan d&#039;art<\/title>\n<meta name=\"description\" content=\"Affirmez votre \u00e9l\u00e9gance avec la fibule Acanthe. Sur une \u00e9toffe l\u00e9g\u00e8re ou un revers de veste, elle est l&#039;accessoire parfait pour structurer votre tenue!\" \/>\n<meta name=\"robots\" content=\"index, follow, max-snippet:-1, max-image-preview:large, max-video-preview:-1\" \/>\n<link rel=\"canonical\" href=\"https:\/\/nb-bijoux.fr\/?product=fibule-acanthe\" \/>\n<meta property=\"og:locale\" content=\"fr_FR\" \/>\n<meta property=\"og:type\" content=\"article\" \/>\n<meta property=\"og:title\" content=\"Fibule Acanthe - Najette Bordji, cr\u00e9atrice de bijoux artisan d&#039;art\" \/>\n<meta property=\"og:description\" content=\"Affirmez votre \u00e9l\u00e9gance avec la fibule Acanthe. Sur une \u00e9toffe l\u00e9g\u00e8re ou un revers de veste, elle est l&#039;accessoire parfait pour structurer votre tenue!\" \/>\n<meta property=\"og:url\" content=\"https:\/\/nb-bijoux.fr\/?product=fibule-acanthe\" \/>\n<meta property=\"og:site_name\" content=\"Najette Bordji, cr\u00e9atrice de bijoux artisan d&#039;art\" \/>\n<meta property=\"article:publisher\" content=\"https:\/\/www.facebook.com\/najette.bordjibijoux\" \/>\n<meta property=\"article:modified_time\" content=\"2025-03-05T14:43:47+00:00\" \/>\n<meta property=\"og:image\" content=\"https:\/\/nb-bijoux.fr\/wp-content\/uploads\/2025\/02\/Bijoux-Noel-2024-1824-Modifier.jpg\" \/>\n\t<meta property=\"og:image:width\" content=\"2048\" \/>\n\t<meta property=\"og:image:height\" content=\"2048\" \/>\n\t<meta property=\"og:image:type\" content=\"image\/jpeg\" \/>\n<meta name=\"twitter:card\" content=\"summary_large_image\" \/>\n<meta name=\"twitter:label1\" content=\"Dur\u00e9e de lecture estim\u00e9e\" \/>\n\t<meta name=\"twitter:data1\" content=\"1 minute\" \/>\n<script type=\"application\/ld+json\" class=\"yoast-schema-graph\">{\"@context\":\"https:\\\/\\\/schema.org\",\"@graph\":[{\"@type\":\"WebPage\",\"@id\":\"https:\\\/\\\/nb-bijoux.fr\\\/?product=fibule-acanthe\",\"url\":\"https:\\\/\\\/nb-bijoux.fr\\\/?product=fibule-acanthe\",\"name\":\"Fibule Acanthe - Najette Bordji, cr\u00e9atrice de bijoux artisan d&#039;art\",\"isPartOf\":{\"@id\":\"https:\\\/\\\/nb-bijoux.fr\\\/#website\"},\"primaryImageOfPage\":{\"@id\":\"https:\\\/\\\/nb-bijoux.fr\\\/?product=fibule-acanthe#primaryimage\"},\"image\":{\"@id\":\"https:\\\/\\\/nb-bijoux.fr\\\/?product=fibule-acanthe#primaryimage\"},\"thumbnailUrl\":\"https:\\\/\\\/nb-bijoux.fr\\\/wp-content\\\/uploads\\\/2025\\\/02\\\/Bijoux-Noel-2024-1824-Modifier.jpg\",\"datePublished\":\"2025-03-04T18:17:46+00:00\",\"dateModified\":\"2025-03-05T14:43:47+00:00\",\"description\":\"Affirmez votre \u00e9l\u00e9gance avec la fibule Acanthe. Sur une \u00e9toffe l\u00e9g\u00e8re ou un revers de veste, elle est l'accessoire parfait pour structurer votre tenue!\",\"breadcrumb\":{\"@id\":\"https:\\\/\\\/nb-bijoux.fr\\\/?product=fibule-acanthe#breadcrumb\"},\"inLanguage\":\"fr-FR\",\"potentialAction\":[{\"@type\":\"ReadAction\",\"target\":[\"https:\\\/\\\/nb-bijoux.fr\\\/?product=fibule-acanthe\"]}]},{\"@type\":\"ImageObject\",\"inLanguage\":\"fr-FR\",\"@id\":\"https:\\\/\\\/nb-bijoux.fr\\\/?product=fibule-acanthe#primaryimage\",\"url\":\"https:\\\/\\\/nb-bijoux.fr\\\/wp-content\\\/uploads\\\/2025\\\/02\\\/Bijoux-Noel-2024-1824-Modifier.jpg\",\"contentUrl\":\"https:\\\/\\\/nb-bijoux.fr\\\/wp-content\\\/uploads\\\/2025\\\/02\\\/Bijoux-Noel-2024-1824-Modifier.jpg\",\"width\":2048,\"height\":2048},{\"@type\":\"BreadcrumbList\",\"@id\":\"https:\\\/\\\/nb-bijoux.fr\\\/?product=fibule-acanthe#breadcrumb\",\"itemListElement\":[{\"@type\":\"ListItem\",\"position\":1,\"name\":\"Accueil\",\"item\":\"https:\\\/\\\/nb-bijoux.fr\\\/\"},{\"@type\":\"ListItem\",\"position\":2,\"name\":\"Collections\",\"item\":\"https:\\\/\\\/nb-bijoux.fr\\\/?page_id=4339\"},{\"@type\":\"ListItem\",\"position\":3,\"name\":\"Fibule Acanthe\"}]},{\"@type\":\"WebSite\",\"@id\":\"https:\\\/\\\/nb-bijoux.fr\\\/#website\",\"url\":\"https:\\\/\\\/nb-bijoux.fr\\\/\",\"name\":\"nb-bijoux\",\"description\":\"La boutique de Najette Bordji, bijoux d&#039;art et Haute-Fantaisie\",\"publisher\":{\"@id\":\"https:\\\/\\\/nb-bijoux.fr\\\/#organization\"},\"potentialAction\":[{\"@type\":\"SearchAction\",\"target\":{\"@type\":\"EntryPoint\",\"urlTemplate\":\"https:\\\/\\\/nb-bijoux.fr\\\/?s={search_term_string}\"},\"query-input\":{\"@type\":\"PropertyValueSpecification\",\"valueRequired\":true,\"valueName\":\"search_term_string\"}}],\"inLanguage\":\"fr-FR\"},{\"@type\":\"Organization\",\"@id\":\"https:\\\/\\\/nb-bijoux.fr\\\/#organization\",\"name\":\"Boutique de Najette Bordji, cr\u00e9atrice de bijoux artisan d'Art\",\"url\":\"https:\\\/\\\/nb-bijoux.fr\\\/\",\"logo\":{\"@type\":\"ImageObject\",\"inLanguage\":\"fr-FR\",\"@id\":\"https:\\\/\\\/nb-bijoux.fr\\\/#\\\/schema\\\/logo\\\/image\\\/\",\"url\":\"https:\\\/\\\/nb-bijoux.fr\\\/wp-content\\\/uploads\\\/2023\\\/08\\\/cropped-cropped-cropped-logo.png\",\"contentUrl\":\"https:\\\/\\\/nb-bijoux.fr\\\/wp-content\\\/uploads\\\/2023\\\/08\\\/cropped-cropped-cropped-logo.png\",\"width\":400,\"height\":60,\"caption\":\"Boutique de Najette Bordji, cr\u00e9atrice de bijoux artisan d'Art\"},\"image\":{\"@id\":\"https:\\\/\\\/nb-bijoux.fr\\\/#\\\/schema\\\/logo\\\/image\\\/\"},\"sameAs\":[\"https:\\\/\\\/www.facebook.com\\\/najette.bordjibijoux\",\"https:\\\/\\\/www.instagram.com\\\/najettebordji\\\/\"]}]}<\/script>\n<!-- \/ Yoast SEO plugin. -->","yoast_head_json":{"title":"Fibule Acanthe - Najette Bordji, cr\u00e9atrice de bijoux artisan d&#039;art","description":"Affirmez votre \u00e9l\u00e9gance avec la fibule Acanthe. Sur une \u00e9toffe l\u00e9g\u00e8re ou un revers de veste, elle est l'accessoire parfait pour structurer votre tenue!","robots":{"index":"index","follow":"follow","max-snippet":"max-snippet:-1","max-image-preview":"max-image-preview:large","max-video-preview":"max-video-preview:-1"},"canonical":"https:\/\/nb-bijoux.fr\/?product=fibule-acanthe","og_locale":"fr_FR","og_type":"article","og_title":"Fibule Acanthe - Najette Bordji, cr\u00e9atrice de bijoux artisan d&#039;art","og_description":"Affirmez votre \u00e9l\u00e9gance avec la fibule Acanthe. Sur une \u00e9toffe l\u00e9g\u00e8re ou un revers de veste, elle est l'accessoire parfait pour structurer votre tenue!","og_url":"https:\/\/nb-bijoux.fr\/?product=fibule-acanthe","og_site_name":"Najette Bordji, cr\u00e9atrice de bijoux artisan d&#039;art","article_publisher":"https:\/\/www.facebook.com\/najette.bordjibijoux","article_modified_time":"2025-03-05T14:43:47+00:00","og_image":[{"width":2048,"height":2048,"url":"https:\/\/nb-bijoux.fr\/wp-content\/uploads\/2025\/02\/Bijoux-Noel-2024-1824-Modifier.jpg","type":"image\/jpeg"}],"twitter_card":"summary_large_image","twitter_misc":{"Dur\u00e9e de lecture estim\u00e9e":"1 minute"},"schema":{"@context":"https:\/\/schema.org","@graph":[{"@type":"WebPage","@id":"https:\/\/nb-bijoux.fr\/?product=fibule-acanthe","url":"https:\/\/nb-bijoux.fr\/?product=fibule-acanthe","name":"Fibule Acanthe - Najette Bordji, cr\u00e9atrice de bijoux artisan d&#039;art","isPartOf":{"@id":"https:\/\/nb-bijoux.fr\/#website"},"primaryImageOfPage":{"@id":"https:\/\/nb-bijoux.fr\/?product=fibule-acanthe#primaryimage"},"image":{"@id":"https:\/\/nb-bijoux.fr\/?product=fibule-acanthe#primaryimage"},"thumbnailUrl":"https:\/\/nb-bijoux.fr\/wp-content\/uploads\/2025\/02\/Bijoux-Noel-2024-1824-Modifier.jpg","datePublished":"2025-03-04T18:17:46+00:00","dateModified":"2025-03-05T14:43:47+00:00","description":"Affirmez votre \u00e9l\u00e9gance avec la fibule Acanthe. Sur une \u00e9toffe l\u00e9g\u00e8re ou un revers de veste, elle est l'accessoire parfait pour structurer votre tenue!","breadcrumb":{"@id":"https:\/\/nb-bijoux.fr\/?product=fibule-acanthe#breadcrumb"},"inLanguage":"fr-FR","potentialAction":[{"@type":"ReadAction","target":["https:\/\/nb-bijoux.fr\/?product=fibule-acanthe"]}]},{"@type":"ImageObject","inLanguage":"fr-FR","@id":"https:\/\/nb-bijoux.fr\/?product=fibule-acanthe#primaryimage","url":"https:\/\/nb-bijoux.fr\/wp-content\/uploads\/2025\/02\/Bijoux-Noel-2024-1824-Modifier.jpg","contentUrl":"https:\/\/nb-bijoux.fr\/wp-content\/uploads\/2025\/02\/Bijoux-Noel-2024-1824-Modifier.jpg","width":2048,"height":2048},{"@type":"BreadcrumbList","@id":"https:\/\/nb-bijoux.fr\/?product=fibule-acanthe#breadcrumb","itemListElement":[{"@type":"ListItem","position":1,"name":"Accueil","item":"https:\/\/nb-bijoux.fr\/"},{"@type":"ListItem","position":2,"name":"Collections","item":"https:\/\/nb-bijoux.fr\/?page_id=4339"},{"@type":"ListItem","position":3,"name":"Fibule Acanthe"}]},{"@type":"WebSite","@id":"https:\/\/nb-bijoux.fr\/#website","url":"https:\/\/nb-bijoux.fr\/","name":"nb-bijoux","description":"La boutique de Najette Bordji, bijoux d&#039;art et Haute-Fantaisie","publisher":{"@id":"https:\/\/nb-bijoux.fr\/#organization"},"potentialAction":[{"@type":"SearchAction","target":{"@type":"EntryPoint","urlTemplate":"https:\/\/nb-bijoux.fr\/?s={search_term_string}"},"query-input":{"@type":"PropertyValueSpecification","valueRequired":true,"valueName":"search_term_string"}}],"inLanguage":"fr-FR"},{"@type":"Organization","@id":"https:\/\/nb-bijoux.fr\/#organization","name":"Boutique de Najette Bordji, cr\u00e9atrice de bijoux artisan d'Art","url":"https:\/\/nb-bijoux.fr\/","logo":{"@type":"ImageObject","inLanguage":"fr-FR","@id":"https:\/\/nb-bijoux.fr\/#\/schema\/logo\/image\/","url":"https:\/\/nb-bijoux.fr\/wp-content\/uploads\/2023\/08\/cropped-cropped-cropped-logo.png","contentUrl":"https:\/\/nb-bijoux.fr\/wp-content\/uploads\/2023\/08\/cropped-cropped-cropped-logo.png","width":400,"height":60,"caption":"Boutique de Najette Bordji, cr\u00e9atrice de bijoux artisan d'Art"},"image":{"@id":"https:\/\/nb-bijoux.fr\/#\/schema\/logo\/image\/"},"sameAs":["https:\/\/www.facebook.com\/najette.bordjibijoux","https:\/\/www.instagram.com\/najettebordji\/"]}]}},"_links":{"self":[{"href":"https:\/\/nb-bijoux.fr\/index.php?rest_route=\/wp\/v2\/product\/992464","targetHints":{"allow":["GET"]}}],"collection":[{"href":"https:\/\/nb-bijoux.fr\/index.php?rest_route=\/wp\/v2\/product"}],"about":[{"href":"https:\/\/nb-bijoux.fr\/index.php?rest_route=\/wp\/v2\/types\/product"}],"replies":[{"embeddable":true,"href":"https:\/\/nb-bijoux.fr\/index.php?rest_route=%2Fwp%2Fv2%2Fcomments&post=992464"}],"version-history":[{"count":0,"href":"https:\/\/nb-bijoux.fr\/index.php?rest_route=\/wp\/v2\/product\/992464\/revisions"}],"wp:featuredmedia":[{"embeddable":true,"href":"https:\/\/nb-bijoux.fr\/index.php?rest_route=\/wp\/v2\/media\/992386"}],"wp:attachment":[{"href":"https:\/\/nb-bijoux.fr\/index.php?rest_route=%2Fwp%2Fv2%2Fmedia&parent=992464"}],"wp:term":[{"taxonomy":"product_brand","embeddable":true,"href":"https:\/\/nb-bijoux.fr\/index.php?rest_route=%2Fwp%2Fv2%2Fproduct_brand&post=992464"},{"taxonomy":"product_cat","embeddable":true,"href":"https:\/\/nb-bijoux.fr\/index.php?rest_route=%2Fwp%2Fv2%2Fproduct_cat&post=992464"},{"taxonomy":"product_tag","embeddable":true,"href":"https:\/\/nb-bijoux.fr\/index.php?rest_route=%2Fwp%2Fv2%2Fproduct_tag&post=992464"}],"curies":[{"name":"wp","href":"https:\/\/api.w.org\/{rel}","templated":true}]}}