{"id":992356,"date":"2025-02-23T19:56:36","date_gmt":"2025-02-23T18:56:36","guid":{"rendered":"https:\/\/nb-bijoux.fr\/?post_type=product&#038;p=992356"},"modified":"2025-02-24T13:47:43","modified_gmt":"2025-02-24T12:47:43","slug":"fibule-orsay","status":"publish","type":"product","link":"https:\/\/nb-bijoux.fr\/?product=fibule-orsay","title":{"rendered":"Fibule Orsay"},"content":{"rendered":"<div class=\"vgblk-rw-wrapper limit-wrapper\">Pour conserver l&rsquo;\u00e9clat de votre fibule, \u00e9vitez tout contact avec les produits cosm\u00e9tiques et rangez-la dans son \u00e9crin lorsque vous ne la portez pas.<\/p>\n<p>&nbsp;<\/p>\n<p><strong>Important:<\/strong><\/p>\n<p>Pour votre s\u00e9curit\u00e9, prenez soin de remettre syst\u00e9matiquement l&#8217;embout de s\u00fbret\u00e9 \u00e0 l&rsquo;extr\u00e9mit\u00e9 de la fibule.<\/p>\n<p>&nbsp;<\/p>\n<p>&nbsp;<\/p>\n<p>&nbsp;<\/p>\n<p>&nbsp;<\/p><\/div>\n<p><!-- .vgblk-rw-wrapper --><\/p>\n","protected":false},"excerpt":{"rendered":"<p style=\"text-align: left;\" data-start=\"141\" data-end=\"415\">Inspir\u00e9e par l\u2019architecture et le raffinement du style Art D\u00e9co, la fibule \u00ab\u00a0Orsay\u00a0\u00bb est une pi\u00e8ce sculpturale et intemporelle.<\/p>\n<p style=\"text-align: left;\" data-start=\"141\" data-end=\"415\">Compos\u00e9e de trois arcs superpos\u00e9s en argent 925 bross\u00e9, elle joue sur les volumes et les contrastes de lumi\u00e8re pour un rendu graphique et moderne.<\/p>\n<p style=\"text-align: left;\" data-start=\"417\" data-end=\"576\">Que ce soit pour sublimer une \u00e9toffe l\u00e9g\u00e8re, un revers de veste ou structurer une tenue sophistiqu\u00e9e, cette fibule en argent devient un accessoire d\u2019exception, entre bijou et objet d\u2019art.<\/p>\n<p style=\"text-align: left;\">Cette pi\u00e8ce unique est une signature \u00e9l\u00e9gante pour celles et ceux qui aiment allier design et intemporalit\u00e9.<\/p>\n","protected":false},"featured_media":992372,"comment_status":"open","ping_status":"closed","template":"","meta":[],"product_brand":[],"product_cat":[108],"product_tag":[342,344,341,343],"class_list":{"0":"post-992356","1":"product","2":"type-product","3":"status-publish","4":"has-post-thumbnail","6":"product_cat-pieces-uniques","7":"product_tag-bijou-accessoire","8":"product_tag-broche","9":"product_tag-fibule","10":"product_tag-piece-unique-argent-925","12":"first","13":"instock","14":"shipping-taxable","15":"purchasable","16":"product-type-simple"},"yoast_head":"<!-- This site is optimized with the Yoast SEO plugin v27.5 - https:\/\/yoast.com\/product\/yoast-seo-wordpress\/ -->\n<title>Fibule Orsay - Najette Bordji, cr\u00e9atrice de bijoux artisan d&#039;art<\/title>\n<meta name=\"description\" content=\"D\u00e9couvrez la fibule en argent &#039;Orsay&#039;, un bijou inspir\u00e9 de l&#039;Art D\u00e9co aux lignes architecturales \u00e9l\u00e9gantes. Une pi\u00e8ce raffin\u00e9e pour sublimer vos tenues!\" \/>\n<meta name=\"robots\" content=\"index, follow, max-snippet:-1, max-image-preview:large, max-video-preview:-1\" \/>\n<link rel=\"canonical\" href=\"https:\/\/nb-bijoux.fr\/?product=fibule-orsay\" \/>\n<meta property=\"og:locale\" content=\"fr_FR\" \/>\n<meta property=\"og:type\" content=\"article\" \/>\n<meta property=\"og:title\" content=\"Fibule Orsay - Najette Bordji, cr\u00e9atrice de bijoux artisan d&#039;art\" \/>\n<meta property=\"og:description\" content=\"D\u00e9couvrez la fibule en argent &#039;Orsay&#039;, un bijou inspir\u00e9 de l&#039;Art D\u00e9co aux lignes architecturales \u00e9l\u00e9gantes. Une pi\u00e8ce raffin\u00e9e pour sublimer vos tenues!\" \/>\n<meta property=\"og:url\" content=\"https:\/\/nb-bijoux.fr\/?product=fibule-orsay\" \/>\n<meta property=\"og:site_name\" content=\"Najette Bordji, cr\u00e9atrice de bijoux artisan d&#039;art\" \/>\n<meta property=\"article:publisher\" content=\"https:\/\/www.facebook.com\/najette.bordjibijoux\" \/>\n<meta property=\"article:modified_time\" content=\"2025-02-24T12:47:43+00:00\" \/>\n<meta property=\"og:image\" content=\"https:\/\/nb-bijoux.fr\/wp-content\/uploads\/2025\/02\/Fibule-Orsay-entiere.jpg\" \/>\n\t<meta property=\"og:image:width\" content=\"2048\" \/>\n\t<meta property=\"og:image:height\" content=\"2048\" \/>\n\t<meta property=\"og:image:type\" content=\"image\/jpeg\" \/>\n<meta name=\"twitter:card\" content=\"summary_large_image\" \/>\n<meta name=\"twitter:label1\" content=\"Dur\u00e9e de lecture estim\u00e9e\" \/>\n\t<meta name=\"twitter:data1\" content=\"1 minute\" \/>\n<script type=\"application\/ld+json\" class=\"yoast-schema-graph\">{\"@context\":\"https:\\\/\\\/schema.org\",\"@graph\":[{\"@type\":\"WebPage\",\"@id\":\"https:\\\/\\\/nb-bijoux.fr\\\/?product=fibule-orsay\",\"url\":\"https:\\\/\\\/nb-bijoux.fr\\\/?product=fibule-orsay\",\"name\":\"Fibule Orsay - Najette Bordji, cr\u00e9atrice de bijoux artisan d&#039;art\",\"isPartOf\":{\"@id\":\"https:\\\/\\\/nb-bijoux.fr\\\/#website\"},\"primaryImageOfPage\":{\"@id\":\"https:\\\/\\\/nb-bijoux.fr\\\/?product=fibule-orsay#primaryimage\"},\"image\":{\"@id\":\"https:\\\/\\\/nb-bijoux.fr\\\/?product=fibule-orsay#primaryimage\"},\"thumbnailUrl\":\"https:\\\/\\\/nb-bijoux.fr\\\/wp-content\\\/uploads\\\/2025\\\/02\\\/Fibule-Orsay-entiere.jpg\",\"datePublished\":\"2025-02-23T18:56:36+00:00\",\"dateModified\":\"2025-02-24T12:47:43+00:00\",\"description\":\"D\u00e9couvrez la fibule en argent 'Orsay', un bijou inspir\u00e9 de l'Art D\u00e9co aux lignes architecturales \u00e9l\u00e9gantes. Une pi\u00e8ce raffin\u00e9e pour sublimer vos tenues!\",\"breadcrumb\":{\"@id\":\"https:\\\/\\\/nb-bijoux.fr\\\/?product=fibule-orsay#breadcrumb\"},\"inLanguage\":\"fr-FR\",\"potentialAction\":[{\"@type\":\"ReadAction\",\"target\":[\"https:\\\/\\\/nb-bijoux.fr\\\/?product=fibule-orsay\"]}]},{\"@type\":\"ImageObject\",\"inLanguage\":\"fr-FR\",\"@id\":\"https:\\\/\\\/nb-bijoux.fr\\\/?product=fibule-orsay#primaryimage\",\"url\":\"https:\\\/\\\/nb-bijoux.fr\\\/wp-content\\\/uploads\\\/2025\\\/02\\\/Fibule-Orsay-entiere.jpg\",\"contentUrl\":\"https:\\\/\\\/nb-bijoux.fr\\\/wp-content\\\/uploads\\\/2025\\\/02\\\/Fibule-Orsay-entiere.jpg\",\"width\":2048,\"height\":2048},{\"@type\":\"BreadcrumbList\",\"@id\":\"https:\\\/\\\/nb-bijoux.fr\\\/?product=fibule-orsay#breadcrumb\",\"itemListElement\":[{\"@type\":\"ListItem\",\"position\":1,\"name\":\"Accueil\",\"item\":\"https:\\\/\\\/nb-bijoux.fr\\\/\"},{\"@type\":\"ListItem\",\"position\":2,\"name\":\"Collections\",\"item\":\"https:\\\/\\\/nb-bijoux.fr\\\/?page_id=4339\"},{\"@type\":\"ListItem\",\"position\":3,\"name\":\"Fibule Orsay\"}]},{\"@type\":\"WebSite\",\"@id\":\"https:\\\/\\\/nb-bijoux.fr\\\/#website\",\"url\":\"https:\\\/\\\/nb-bijoux.fr\\\/\",\"name\":\"nb-bijoux\",\"description\":\"La boutique de Najette Bordji, bijoux d&#039;art et Haute-Fantaisie\",\"publisher\":{\"@id\":\"https:\\\/\\\/nb-bijoux.fr\\\/#organization\"},\"potentialAction\":[{\"@type\":\"SearchAction\",\"target\":{\"@type\":\"EntryPoint\",\"urlTemplate\":\"https:\\\/\\\/nb-bijoux.fr\\\/?s={search_term_string}\"},\"query-input\":{\"@type\":\"PropertyValueSpecification\",\"valueRequired\":true,\"valueName\":\"search_term_string\"}}],\"inLanguage\":\"fr-FR\"},{\"@type\":\"Organization\",\"@id\":\"https:\\\/\\\/nb-bijoux.fr\\\/#organization\",\"name\":\"Boutique de Najette Bordji, cr\u00e9atrice de bijoux artisan d'Art\",\"url\":\"https:\\\/\\\/nb-bijoux.fr\\\/\",\"logo\":{\"@type\":\"ImageObject\",\"inLanguage\":\"fr-FR\",\"@id\":\"https:\\\/\\\/nb-bijoux.fr\\\/#\\\/schema\\\/logo\\\/image\\\/\",\"url\":\"https:\\\/\\\/nb-bijoux.fr\\\/wp-content\\\/uploads\\\/2023\\\/08\\\/cropped-cropped-cropped-logo.png\",\"contentUrl\":\"https:\\\/\\\/nb-bijoux.fr\\\/wp-content\\\/uploads\\\/2023\\\/08\\\/cropped-cropped-cropped-logo.png\",\"width\":400,\"height\":60,\"caption\":\"Boutique de Najette Bordji, cr\u00e9atrice de bijoux artisan d'Art\"},\"image\":{\"@id\":\"https:\\\/\\\/nb-bijoux.fr\\\/#\\\/schema\\\/logo\\\/image\\\/\"},\"sameAs\":[\"https:\\\/\\\/www.facebook.com\\\/najette.bordjibijoux\",\"https:\\\/\\\/www.instagram.com\\\/najettebordji\\\/\"]}]}<\/script>\n<!-- \/ Yoast SEO plugin. -->","yoast_head_json":{"title":"Fibule Orsay - Najette Bordji, cr\u00e9atrice de bijoux artisan d&#039;art","description":"D\u00e9couvrez la fibule en argent 'Orsay', un bijou inspir\u00e9 de l'Art D\u00e9co aux lignes architecturales \u00e9l\u00e9gantes. Une pi\u00e8ce raffin\u00e9e pour sublimer vos tenues!","robots":{"index":"index","follow":"follow","max-snippet":"max-snippet:-1","max-image-preview":"max-image-preview:large","max-video-preview":"max-video-preview:-1"},"canonical":"https:\/\/nb-bijoux.fr\/?product=fibule-orsay","og_locale":"fr_FR","og_type":"article","og_title":"Fibule Orsay - Najette Bordji, cr\u00e9atrice de bijoux artisan d&#039;art","og_description":"D\u00e9couvrez la fibule en argent 'Orsay', un bijou inspir\u00e9 de l'Art D\u00e9co aux lignes architecturales \u00e9l\u00e9gantes. Une pi\u00e8ce raffin\u00e9e pour sublimer vos tenues!","og_url":"https:\/\/nb-bijoux.fr\/?product=fibule-orsay","og_site_name":"Najette Bordji, cr\u00e9atrice de bijoux artisan d&#039;art","article_publisher":"https:\/\/www.facebook.com\/najette.bordjibijoux","article_modified_time":"2025-02-24T12:47:43+00:00","og_image":[{"width":2048,"height":2048,"url":"https:\/\/nb-bijoux.fr\/wp-content\/uploads\/2025\/02\/Fibule-Orsay-entiere.jpg","type":"image\/jpeg"}],"twitter_card":"summary_large_image","twitter_misc":{"Dur\u00e9e de lecture estim\u00e9e":"1 minute"},"schema":{"@context":"https:\/\/schema.org","@graph":[{"@type":"WebPage","@id":"https:\/\/nb-bijoux.fr\/?product=fibule-orsay","url":"https:\/\/nb-bijoux.fr\/?product=fibule-orsay","name":"Fibule Orsay - Najette Bordji, cr\u00e9atrice de bijoux artisan d&#039;art","isPartOf":{"@id":"https:\/\/nb-bijoux.fr\/#website"},"primaryImageOfPage":{"@id":"https:\/\/nb-bijoux.fr\/?product=fibule-orsay#primaryimage"},"image":{"@id":"https:\/\/nb-bijoux.fr\/?product=fibule-orsay#primaryimage"},"thumbnailUrl":"https:\/\/nb-bijoux.fr\/wp-content\/uploads\/2025\/02\/Fibule-Orsay-entiere.jpg","datePublished":"2025-02-23T18:56:36+00:00","dateModified":"2025-02-24T12:47:43+00:00","description":"D\u00e9couvrez la fibule en argent 'Orsay', un bijou inspir\u00e9 de l'Art D\u00e9co aux lignes architecturales \u00e9l\u00e9gantes. Une pi\u00e8ce raffin\u00e9e pour sublimer vos tenues!","breadcrumb":{"@id":"https:\/\/nb-bijoux.fr\/?product=fibule-orsay#breadcrumb"},"inLanguage":"fr-FR","potentialAction":[{"@type":"ReadAction","target":["https:\/\/nb-bijoux.fr\/?product=fibule-orsay"]}]},{"@type":"ImageObject","inLanguage":"fr-FR","@id":"https:\/\/nb-bijoux.fr\/?product=fibule-orsay#primaryimage","url":"https:\/\/nb-bijoux.fr\/wp-content\/uploads\/2025\/02\/Fibule-Orsay-entiere.jpg","contentUrl":"https:\/\/nb-bijoux.fr\/wp-content\/uploads\/2025\/02\/Fibule-Orsay-entiere.jpg","width":2048,"height":2048},{"@type":"BreadcrumbList","@id":"https:\/\/nb-bijoux.fr\/?product=fibule-orsay#breadcrumb","itemListElement":[{"@type":"ListItem","position":1,"name":"Accueil","item":"https:\/\/nb-bijoux.fr\/"},{"@type":"ListItem","position":2,"name":"Collections","item":"https:\/\/nb-bijoux.fr\/?page_id=4339"},{"@type":"ListItem","position":3,"name":"Fibule Orsay"}]},{"@type":"WebSite","@id":"https:\/\/nb-bijoux.fr\/#website","url":"https:\/\/nb-bijoux.fr\/","name":"nb-bijoux","description":"La boutique de Najette Bordji, bijoux d&#039;art et Haute-Fantaisie","publisher":{"@id":"https:\/\/nb-bijoux.fr\/#organization"},"potentialAction":[{"@type":"SearchAction","target":{"@type":"EntryPoint","urlTemplate":"https:\/\/nb-bijoux.fr\/?s={search_term_string}"},"query-input":{"@type":"PropertyValueSpecification","valueRequired":true,"valueName":"search_term_string"}}],"inLanguage":"fr-FR"},{"@type":"Organization","@id":"https:\/\/nb-bijoux.fr\/#organization","name":"Boutique de Najette Bordji, cr\u00e9atrice de bijoux artisan d'Art","url":"https:\/\/nb-bijoux.fr\/","logo":{"@type":"ImageObject","inLanguage":"fr-FR","@id":"https:\/\/nb-bijoux.fr\/#\/schema\/logo\/image\/","url":"https:\/\/nb-bijoux.fr\/wp-content\/uploads\/2023\/08\/cropped-cropped-cropped-logo.png","contentUrl":"https:\/\/nb-bijoux.fr\/wp-content\/uploads\/2023\/08\/cropped-cropped-cropped-logo.png","width":400,"height":60,"caption":"Boutique de Najette Bordji, cr\u00e9atrice de bijoux artisan d'Art"},"image":{"@id":"https:\/\/nb-bijoux.fr\/#\/schema\/logo\/image\/"},"sameAs":["https:\/\/www.facebook.com\/najette.bordjibijoux","https:\/\/www.instagram.com\/najettebordji\/"]}]}},"_links":{"self":[{"href":"https:\/\/nb-bijoux.fr\/index.php?rest_route=\/wp\/v2\/product\/992356","targetHints":{"allow":["GET"]}}],"collection":[{"href":"https:\/\/nb-bijoux.fr\/index.php?rest_route=\/wp\/v2\/product"}],"about":[{"href":"https:\/\/nb-bijoux.fr\/index.php?rest_route=\/wp\/v2\/types\/product"}],"replies":[{"embeddable":true,"href":"https:\/\/nb-bijoux.fr\/index.php?rest_route=%2Fwp%2Fv2%2Fcomments&post=992356"}],"version-history":[{"count":0,"href":"https:\/\/nb-bijoux.fr\/index.php?rest_route=\/wp\/v2\/product\/992356\/revisions"}],"wp:featuredmedia":[{"embeddable":true,"href":"https:\/\/nb-bijoux.fr\/index.php?rest_route=\/wp\/v2\/media\/992372"}],"wp:attachment":[{"href":"https:\/\/nb-bijoux.fr\/index.php?rest_route=%2Fwp%2Fv2%2Fmedia&parent=992356"}],"wp:term":[{"taxonomy":"product_brand","embeddable":true,"href":"https:\/\/nb-bijoux.fr\/index.php?rest_route=%2Fwp%2Fv2%2Fproduct_brand&post=992356"},{"taxonomy":"product_cat","embeddable":true,"href":"https:\/\/nb-bijoux.fr\/index.php?rest_route=%2Fwp%2Fv2%2Fproduct_cat&post=992356"},{"taxonomy":"product_tag","embeddable":true,"href":"https:\/\/nb-bijoux.fr\/index.php?rest_route=%2Fwp%2Fv2%2Fproduct_tag&post=992356"}],"curies":[{"name":"wp","href":"https:\/\/api.w.org\/{rel}","templated":true}]}}