{"id":992314,"date":"2025-02-10T12:01:31","date_gmt":"2025-02-10T11:01:31","guid":{"rendered":"https:\/\/nb-bijoux.fr\/?post_type=product&#038;p=992314"},"modified":"2025-02-11T18:25:34","modified_gmt":"2025-02-11T17:25:34","slug":"pendentif-neree","status":"publish","type":"product","link":"https:\/\/nb-bijoux.fr\/?product=pendentif-neree","title":{"rendered":"Pendentif N\u00e9r\u00e9e"},"content":{"rendered":"<div class=\"vgblk-rw-wrapper limit-wrapper\">La ch\u00e2ine est r\u00e9glable \u00e0 43 ou 46 centim\u00e8tres de longueur.<\/p>\n<p>Pour pr\u00e9server l&rsquo;\u00e9clat de votre pendentif, rangez-le dans son \u00e9crin lorsque vous ne le portez pas et \u00e9vitez tout contact avec les produits cosm\u00e9tiques.<\/p><\/div>\n<p><!-- .vgblk-rw-wrapper --><\/p>\n","protected":false},"excerpt":{"rendered":"<p style=\"text-align: left;\">Inspir\u00e9 par l\u2019univers marin, le pendentif N\u00e9r\u00e9e allie simplicit\u00e9 et \u00e9l\u00e9gance. Compos\u00e9 d\u2019une perle de nacre en forme de goutte, suspendue \u00e0 une cha\u00eene fine en laiton dor\u00e9 \u00e0 l\u2019or fin, ce bijou incarne l\u2019\u00e9l\u00e9gance naturelle et intemporelle.<\/p>\n<p style=\"text-align: left;\">Symbole de douceur et de f\u00e9minit\u00e9, N\u00e9r\u00e9e se porte seul pour une touche subtile ou en accumulation pour un style plus affirm\u00e9.<\/p>\n<p style=\"text-align: left;\">Chaque perle de nacre \u00e9tant unique, de l\u00e9g\u00e8res variations peuvent exister, rendant chaque pi\u00e8ce pr\u00e9cieuse et singuli\u00e8re.<\/p>\n","protected":false},"featured_media":992316,"comment_status":"open","ping_status":"closed","template":"","meta":[],"product_brand":[],"product_cat":[33],"product_tag":[209,121,226],"class_list":{"0":"post-992314","1":"product","2":"type-product","3":"status-publish","4":"has-post-thumbnail","6":"product_cat-colliers","7":"product_tag-nacre","8":"product_tag-pendentif","9":"product_tag-perle-deau-douce","11":"first","12":"instock","13":"shipping-taxable","14":"purchasable","15":"product-type-simple"},"yoast_head":"<!-- This site is optimized with the Yoast SEO plugin v27.5 - https:\/\/yoast.com\/product\/yoast-seo-wordpress\/ -->\n<title>Pendentif N\u00e9r\u00e9e - Najette Bordji, cr\u00e9atrice de bijoux artisan d&#039;art<\/title>\n<meta name=\"description\" content=\"Simplicit\u00e9 et \u00e9l\u00e9gance naturelle avec le pendentif N\u00e9r\u00e9e : une perle de nacre en forme de goutte, symbole de douceur et de f\u00e9minit\u00e9.\" \/>\n<meta name=\"robots\" content=\"index, follow, max-snippet:-1, max-image-preview:large, max-video-preview:-1\" \/>\n<link rel=\"canonical\" href=\"https:\/\/nb-bijoux.fr\/?product=pendentif-neree\" \/>\n<meta property=\"og:locale\" content=\"fr_FR\" \/>\n<meta property=\"og:type\" content=\"article\" \/>\n<meta property=\"og:title\" content=\"Pendentif N\u00e9r\u00e9e - Najette Bordji, cr\u00e9atrice de bijoux artisan d&#039;art\" \/>\n<meta property=\"og:description\" content=\"Simplicit\u00e9 et \u00e9l\u00e9gance naturelle avec le pendentif N\u00e9r\u00e9e : une perle de nacre en forme de goutte, symbole de douceur et de f\u00e9minit\u00e9.\" \/>\n<meta property=\"og:url\" content=\"https:\/\/nb-bijoux.fr\/?product=pendentif-neree\" \/>\n<meta property=\"og:site_name\" content=\"Najette Bordji, cr\u00e9atrice de bijoux artisan d&#039;art\" \/>\n<meta property=\"article:publisher\" content=\"https:\/\/www.facebook.com\/najette.bordjibijoux\" \/>\n<meta property=\"article:modified_time\" content=\"2025-02-11T17:25:34+00:00\" \/>\n<meta property=\"og:image\" content=\"https:\/\/nb-bijoux.fr\/wp-content\/uploads\/2025\/02\/Pendentif-Neree.jpg\" \/>\n\t<meta property=\"og:image:width\" content=\"2048\" \/>\n\t<meta property=\"og:image:height\" content=\"2048\" \/>\n\t<meta property=\"og:image:type\" content=\"image\/jpeg\" \/>\n<meta name=\"twitter:card\" content=\"summary_large_image\" \/>\n<meta name=\"twitter:label1\" content=\"Dur\u00e9e de lecture estim\u00e9e\" \/>\n\t<meta name=\"twitter:data1\" content=\"1 minute\" \/>\n<script type=\"application\/ld+json\" class=\"yoast-schema-graph\">{\"@context\":\"https:\\\/\\\/schema.org\",\"@graph\":[{\"@type\":\"WebPage\",\"@id\":\"https:\\\/\\\/nb-bijoux.fr\\\/?product=pendentif-neree\",\"url\":\"https:\\\/\\\/nb-bijoux.fr\\\/?product=pendentif-neree\",\"name\":\"Pendentif N\u00e9r\u00e9e - Najette Bordji, cr\u00e9atrice de bijoux artisan d&#039;art\",\"isPartOf\":{\"@id\":\"https:\\\/\\\/nb-bijoux.fr\\\/#website\"},\"primaryImageOfPage\":{\"@id\":\"https:\\\/\\\/nb-bijoux.fr\\\/?product=pendentif-neree#primaryimage\"},\"image\":{\"@id\":\"https:\\\/\\\/nb-bijoux.fr\\\/?product=pendentif-neree#primaryimage\"},\"thumbnailUrl\":\"https:\\\/\\\/nb-bijoux.fr\\\/wp-content\\\/uploads\\\/2025\\\/02\\\/Pendentif-Neree.jpg\",\"datePublished\":\"2025-02-10T11:01:31+00:00\",\"dateModified\":\"2025-02-11T17:25:34+00:00\",\"description\":\"Simplicit\u00e9 et \u00e9l\u00e9gance naturelle avec le pendentif N\u00e9r\u00e9e : une perle de nacre en forme de goutte, symbole de douceur et de f\u00e9minit\u00e9.\",\"breadcrumb\":{\"@id\":\"https:\\\/\\\/nb-bijoux.fr\\\/?product=pendentif-neree#breadcrumb\"},\"inLanguage\":\"fr-FR\",\"potentialAction\":[{\"@type\":\"ReadAction\",\"target\":[\"https:\\\/\\\/nb-bijoux.fr\\\/?product=pendentif-neree\"]}]},{\"@type\":\"ImageObject\",\"inLanguage\":\"fr-FR\",\"@id\":\"https:\\\/\\\/nb-bijoux.fr\\\/?product=pendentif-neree#primaryimage\",\"url\":\"https:\\\/\\\/nb-bijoux.fr\\\/wp-content\\\/uploads\\\/2025\\\/02\\\/Pendentif-Neree.jpg\",\"contentUrl\":\"https:\\\/\\\/nb-bijoux.fr\\\/wp-content\\\/uploads\\\/2025\\\/02\\\/Pendentif-Neree.jpg\",\"width\":2048,\"height\":2048},{\"@type\":\"BreadcrumbList\",\"@id\":\"https:\\\/\\\/nb-bijoux.fr\\\/?product=pendentif-neree#breadcrumb\",\"itemListElement\":[{\"@type\":\"ListItem\",\"position\":1,\"name\":\"Accueil\",\"item\":\"https:\\\/\\\/nb-bijoux.fr\\\/\"},{\"@type\":\"ListItem\",\"position\":2,\"name\":\"Collections\",\"item\":\"https:\\\/\\\/nb-bijoux.fr\\\/?page_id=4339\"},{\"@type\":\"ListItem\",\"position\":3,\"name\":\"Pendentif N\u00e9r\u00e9e\"}]},{\"@type\":\"WebSite\",\"@id\":\"https:\\\/\\\/nb-bijoux.fr\\\/#website\",\"url\":\"https:\\\/\\\/nb-bijoux.fr\\\/\",\"name\":\"nb-bijoux\",\"description\":\"La boutique de Najette Bordji, bijoux d&#039;art et Haute-Fantaisie\",\"publisher\":{\"@id\":\"https:\\\/\\\/nb-bijoux.fr\\\/#organization\"},\"potentialAction\":[{\"@type\":\"SearchAction\",\"target\":{\"@type\":\"EntryPoint\",\"urlTemplate\":\"https:\\\/\\\/nb-bijoux.fr\\\/?s={search_term_string}\"},\"query-input\":{\"@type\":\"PropertyValueSpecification\",\"valueRequired\":true,\"valueName\":\"search_term_string\"}}],\"inLanguage\":\"fr-FR\"},{\"@type\":\"Organization\",\"@id\":\"https:\\\/\\\/nb-bijoux.fr\\\/#organization\",\"name\":\"Boutique de Najette Bordji, cr\u00e9atrice de bijoux artisan d'Art\",\"url\":\"https:\\\/\\\/nb-bijoux.fr\\\/\",\"logo\":{\"@type\":\"ImageObject\",\"inLanguage\":\"fr-FR\",\"@id\":\"https:\\\/\\\/nb-bijoux.fr\\\/#\\\/schema\\\/logo\\\/image\\\/\",\"url\":\"https:\\\/\\\/nb-bijoux.fr\\\/wp-content\\\/uploads\\\/2023\\\/08\\\/cropped-cropped-cropped-logo.png\",\"contentUrl\":\"https:\\\/\\\/nb-bijoux.fr\\\/wp-content\\\/uploads\\\/2023\\\/08\\\/cropped-cropped-cropped-logo.png\",\"width\":400,\"height\":60,\"caption\":\"Boutique de Najette Bordji, cr\u00e9atrice de bijoux artisan d'Art\"},\"image\":{\"@id\":\"https:\\\/\\\/nb-bijoux.fr\\\/#\\\/schema\\\/logo\\\/image\\\/\"},\"sameAs\":[\"https:\\\/\\\/www.facebook.com\\\/najette.bordjibijoux\",\"https:\\\/\\\/www.instagram.com\\\/najettebordji\\\/\"]}]}<\/script>\n<!-- \/ Yoast SEO plugin. -->","yoast_head_json":{"title":"Pendentif N\u00e9r\u00e9e - Najette Bordji, cr\u00e9atrice de bijoux artisan d&#039;art","description":"Simplicit\u00e9 et \u00e9l\u00e9gance naturelle avec le pendentif N\u00e9r\u00e9e : une perle de nacre en forme de goutte, symbole de douceur et de f\u00e9minit\u00e9.","robots":{"index":"index","follow":"follow","max-snippet":"max-snippet:-1","max-image-preview":"max-image-preview:large","max-video-preview":"max-video-preview:-1"},"canonical":"https:\/\/nb-bijoux.fr\/?product=pendentif-neree","og_locale":"fr_FR","og_type":"article","og_title":"Pendentif N\u00e9r\u00e9e - Najette Bordji, cr\u00e9atrice de bijoux artisan d&#039;art","og_description":"Simplicit\u00e9 et \u00e9l\u00e9gance naturelle avec le pendentif N\u00e9r\u00e9e : une perle de nacre en forme de goutte, symbole de douceur et de f\u00e9minit\u00e9.","og_url":"https:\/\/nb-bijoux.fr\/?product=pendentif-neree","og_site_name":"Najette Bordji, cr\u00e9atrice de bijoux artisan d&#039;art","article_publisher":"https:\/\/www.facebook.com\/najette.bordjibijoux","article_modified_time":"2025-02-11T17:25:34+00:00","og_image":[{"width":2048,"height":2048,"url":"https:\/\/nb-bijoux.fr\/wp-content\/uploads\/2025\/02\/Pendentif-Neree.jpg","type":"image\/jpeg"}],"twitter_card":"summary_large_image","twitter_misc":{"Dur\u00e9e de lecture estim\u00e9e":"1 minute"},"schema":{"@context":"https:\/\/schema.org","@graph":[{"@type":"WebPage","@id":"https:\/\/nb-bijoux.fr\/?product=pendentif-neree","url":"https:\/\/nb-bijoux.fr\/?product=pendentif-neree","name":"Pendentif N\u00e9r\u00e9e - Najette Bordji, cr\u00e9atrice de bijoux artisan d&#039;art","isPartOf":{"@id":"https:\/\/nb-bijoux.fr\/#website"},"primaryImageOfPage":{"@id":"https:\/\/nb-bijoux.fr\/?product=pendentif-neree#primaryimage"},"image":{"@id":"https:\/\/nb-bijoux.fr\/?product=pendentif-neree#primaryimage"},"thumbnailUrl":"https:\/\/nb-bijoux.fr\/wp-content\/uploads\/2025\/02\/Pendentif-Neree.jpg","datePublished":"2025-02-10T11:01:31+00:00","dateModified":"2025-02-11T17:25:34+00:00","description":"Simplicit\u00e9 et \u00e9l\u00e9gance naturelle avec le pendentif N\u00e9r\u00e9e : une perle de nacre en forme de goutte, symbole de douceur et de f\u00e9minit\u00e9.","breadcrumb":{"@id":"https:\/\/nb-bijoux.fr\/?product=pendentif-neree#breadcrumb"},"inLanguage":"fr-FR","potentialAction":[{"@type":"ReadAction","target":["https:\/\/nb-bijoux.fr\/?product=pendentif-neree"]}]},{"@type":"ImageObject","inLanguage":"fr-FR","@id":"https:\/\/nb-bijoux.fr\/?product=pendentif-neree#primaryimage","url":"https:\/\/nb-bijoux.fr\/wp-content\/uploads\/2025\/02\/Pendentif-Neree.jpg","contentUrl":"https:\/\/nb-bijoux.fr\/wp-content\/uploads\/2025\/02\/Pendentif-Neree.jpg","width":2048,"height":2048},{"@type":"BreadcrumbList","@id":"https:\/\/nb-bijoux.fr\/?product=pendentif-neree#breadcrumb","itemListElement":[{"@type":"ListItem","position":1,"name":"Accueil","item":"https:\/\/nb-bijoux.fr\/"},{"@type":"ListItem","position":2,"name":"Collections","item":"https:\/\/nb-bijoux.fr\/?page_id=4339"},{"@type":"ListItem","position":3,"name":"Pendentif N\u00e9r\u00e9e"}]},{"@type":"WebSite","@id":"https:\/\/nb-bijoux.fr\/#website","url":"https:\/\/nb-bijoux.fr\/","name":"nb-bijoux","description":"La boutique de Najette Bordji, bijoux d&#039;art et Haute-Fantaisie","publisher":{"@id":"https:\/\/nb-bijoux.fr\/#organization"},"potentialAction":[{"@type":"SearchAction","target":{"@type":"EntryPoint","urlTemplate":"https:\/\/nb-bijoux.fr\/?s={search_term_string}"},"query-input":{"@type":"PropertyValueSpecification","valueRequired":true,"valueName":"search_term_string"}}],"inLanguage":"fr-FR"},{"@type":"Organization","@id":"https:\/\/nb-bijoux.fr\/#organization","name":"Boutique de Najette Bordji, cr\u00e9atrice de bijoux artisan d'Art","url":"https:\/\/nb-bijoux.fr\/","logo":{"@type":"ImageObject","inLanguage":"fr-FR","@id":"https:\/\/nb-bijoux.fr\/#\/schema\/logo\/image\/","url":"https:\/\/nb-bijoux.fr\/wp-content\/uploads\/2023\/08\/cropped-cropped-cropped-logo.png","contentUrl":"https:\/\/nb-bijoux.fr\/wp-content\/uploads\/2023\/08\/cropped-cropped-cropped-logo.png","width":400,"height":60,"caption":"Boutique de Najette Bordji, cr\u00e9atrice de bijoux artisan d'Art"},"image":{"@id":"https:\/\/nb-bijoux.fr\/#\/schema\/logo\/image\/"},"sameAs":["https:\/\/www.facebook.com\/najette.bordjibijoux","https:\/\/www.instagram.com\/najettebordji\/"]}]}},"_links":{"self":[{"href":"https:\/\/nb-bijoux.fr\/index.php?rest_route=\/wp\/v2\/product\/992314","targetHints":{"allow":["GET"]}}],"collection":[{"href":"https:\/\/nb-bijoux.fr\/index.php?rest_route=\/wp\/v2\/product"}],"about":[{"href":"https:\/\/nb-bijoux.fr\/index.php?rest_route=\/wp\/v2\/types\/product"}],"replies":[{"embeddable":true,"href":"https:\/\/nb-bijoux.fr\/index.php?rest_route=%2Fwp%2Fv2%2Fcomments&post=992314"}],"version-history":[{"count":0,"href":"https:\/\/nb-bijoux.fr\/index.php?rest_route=\/wp\/v2\/product\/992314\/revisions"}],"wp:featuredmedia":[{"embeddable":true,"href":"https:\/\/nb-bijoux.fr\/index.php?rest_route=\/wp\/v2\/media\/992316"}],"wp:attachment":[{"href":"https:\/\/nb-bijoux.fr\/index.php?rest_route=%2Fwp%2Fv2%2Fmedia&parent=992314"}],"wp:term":[{"taxonomy":"product_brand","embeddable":true,"href":"https:\/\/nb-bijoux.fr\/index.php?rest_route=%2Fwp%2Fv2%2Fproduct_brand&post=992314"},{"taxonomy":"product_cat","embeddable":true,"href":"https:\/\/nb-bijoux.fr\/index.php?rest_route=%2Fwp%2Fv2%2Fproduct_cat&post=992314"},{"taxonomy":"product_tag","embeddable":true,"href":"https:\/\/nb-bijoux.fr\/index.php?rest_route=%2Fwp%2Fv2%2Fproduct_tag&post=992314"}],"curies":[{"name":"wp","href":"https:\/\/api.w.org\/{rel}","templated":true}]}}