{"id":992282,"date":"2025-02-05T17:17:37","date_gmt":"2025-02-05T16:17:37","guid":{"rendered":"https:\/\/nb-bijoux.fr\/?post_type=product&#038;p=992282"},"modified":"2025-02-05T17:53:11","modified_gmt":"2025-02-05T16:53:11","slug":"bague-etreinte","status":"publish","type":"product","link":"https:\/\/nb-bijoux.fr\/?product=bague-etreinte","title":{"rendered":"Bague Etreinte"},"content":{"rendered":"<div class=\"vgblk-rw-wrapper limit-wrapper\">Merci de noter que le poids de la bague peut varier en fonction de sa taille.<\/p>\n<p>Pour conserver l&rsquo;\u00e9clat de votre bague, \u00e9vitez tout contact avec les produits chimiques et rangez-la dans son \u00e9crin lorsque vous ne la portez pas.<\/p><\/div>\n<p><!-- .vgblk-rw-wrapper --><\/p>\n","protected":false},"excerpt":{"rendered":"<p style=\"text-align: left;\">Un fil d\u2019argent s\u2019enlace en un doux tourbillon autour du doigt, se croisant en un point d\u2019\u00e9quilibre parfait.<\/p>\n<p>Symbole d\u2019un lien ind\u00e9fectible et intemporel, cette bague joue sur la force du m\u00e9tal et la l\u00e9g\u00e8ret\u00e9 du geste.<\/p>\n<p style=\"text-align: left;\">Un bijou \u00e0 la fois \u00e9pur\u00e9 et enveloppant, reflet de l\u2019harmonie entre simplicit\u00e9 et caract\u00e8re, gage d&rsquo;attachement \u00e0 un \u00eatre cher.<\/p>\n<p style=\"text-align: left;\"><strong>Votre taille n\u2019est pas en stock ?<\/strong><\/p>\n<p>Cette bague est disponible sur commande, avec un d\u00e9lai de fabrication d\u2019environ une semaine (hors week-ends et jours f\u00e9ri\u00e9s).<\/p>\n<p>&nbsp;<\/p>\n","protected":false},"featured_media":992308,"comment_status":"open","ping_status":"closed","template":"","meta":[],"product_brand":[],"product_cat":[40],"product_tag":[334,39,278],"class_list":{"0":"post-992282","1":"product","2":"type-product","3":"status-publish","4":"has-post-thumbnail","6":"product_cat-bagues","7":"product_tag-argent-925","8":"product_tag-bague","9":"product_tag-bijoux-contemporains","11":"first","12":"instock","13":"shipping-taxable","14":"purchasable","15":"product-type-variable"},"yoast_head":"<!-- This site is optimized with the Yoast SEO plugin v27.5 - https:\/\/yoast.com\/product\/yoast-seo-wordpress\/ -->\n<title>Bague Etreinte - Najette Bordji, cr\u00e9atrice de bijoux artisan d&#039;art<\/title>\n<meta name=\"robots\" content=\"index, follow, max-snippet:-1, max-image-preview:large, max-video-preview:-1\" \/>\n<link rel=\"canonical\" href=\"https:\/\/nb-bijoux.fr\/?product=bague-etreinte\" \/>\n<meta property=\"og:locale\" content=\"fr_FR\" \/>\n<meta property=\"og:type\" content=\"article\" \/>\n<meta property=\"og:title\" content=\"Bague Etreinte - Najette Bordji, cr\u00e9atrice de bijoux artisan d&#039;art\" \/>\n<meta property=\"og:description\" content=\"Un fil d\u2019argent s\u2019enlace en un doux tourbillon autour du doigt, se croisant en un point d\u2019\u00e9quilibre parfait. Symbole d\u2019un lien ind\u00e9fectible et intemporel, cette bague joue sur la force du m\u00e9tal et la l\u00e9g\u00e8ret\u00e9 du geste. Un bijou \u00e0 la fois \u00e9pur\u00e9 et enveloppant, reflet de l\u2019harmonie entre simplicit\u00e9 et caract\u00e8re, gage d&#039;attachement \u00e0 un \u00eatre cher. Votre taille n\u2019est pas en stock ? Cette bague est disponible sur commande, avec un d\u00e9lai de fabrication d\u2019environ une semaine (hors week-ends et jours f\u00e9ri\u00e9s).  &nbsp;\" \/>\n<meta property=\"og:url\" content=\"https:\/\/nb-bijoux.fr\/?product=bague-etreinte\" \/>\n<meta property=\"og:site_name\" content=\"Najette Bordji, cr\u00e9atrice de bijoux artisan d&#039;art\" \/>\n<meta property=\"article:publisher\" content=\"https:\/\/www.facebook.com\/najette.bordjibijoux\" \/>\n<meta property=\"article:modified_time\" content=\"2025-02-05T16:53:11+00:00\" \/>\n<meta property=\"og:image\" content=\"https:\/\/nb-bijoux.fr\/wp-content\/uploads\/2025\/02\/Bague-Etreinte-.jpg\" \/>\n\t<meta property=\"og:image:width\" content=\"2048\" \/>\n\t<meta property=\"og:image:height\" content=\"2048\" \/>\n\t<meta property=\"og:image:type\" content=\"image\/jpeg\" \/>\n<meta name=\"twitter:card\" content=\"summary_large_image\" \/>\n<meta name=\"twitter:label1\" content=\"Dur\u00e9e de lecture estim\u00e9e\" \/>\n\t<meta name=\"twitter:data1\" content=\"1 minute\" \/>\n<script type=\"application\/ld+json\" class=\"yoast-schema-graph\">{\"@context\":\"https:\\\/\\\/schema.org\",\"@graph\":[{\"@type\":\"WebPage\",\"@id\":\"https:\\\/\\\/nb-bijoux.fr\\\/?product=bague-etreinte\",\"url\":\"https:\\\/\\\/nb-bijoux.fr\\\/?product=bague-etreinte\",\"name\":\"Bague Etreinte - Najette Bordji, cr\u00e9atrice de bijoux artisan d&#039;art\",\"isPartOf\":{\"@id\":\"https:\\\/\\\/nb-bijoux.fr\\\/#website\"},\"primaryImageOfPage\":{\"@id\":\"https:\\\/\\\/nb-bijoux.fr\\\/?product=bague-etreinte#primaryimage\"},\"image\":{\"@id\":\"https:\\\/\\\/nb-bijoux.fr\\\/?product=bague-etreinte#primaryimage\"},\"thumbnailUrl\":\"https:\\\/\\\/nb-bijoux.fr\\\/wp-content\\\/uploads\\\/2025\\\/02\\\/Bague-Etreinte-.jpg\",\"datePublished\":\"2025-02-05T16:17:37+00:00\",\"dateModified\":\"2025-02-05T16:53:11+00:00\",\"breadcrumb\":{\"@id\":\"https:\\\/\\\/nb-bijoux.fr\\\/?product=bague-etreinte#breadcrumb\"},\"inLanguage\":\"fr-FR\",\"potentialAction\":[{\"@type\":\"ReadAction\",\"target\":[\"https:\\\/\\\/nb-bijoux.fr\\\/?product=bague-etreinte\"]}]},{\"@type\":\"ImageObject\",\"inLanguage\":\"fr-FR\",\"@id\":\"https:\\\/\\\/nb-bijoux.fr\\\/?product=bague-etreinte#primaryimage\",\"url\":\"https:\\\/\\\/nb-bijoux.fr\\\/wp-content\\\/uploads\\\/2025\\\/02\\\/Bague-Etreinte-.jpg\",\"contentUrl\":\"https:\\\/\\\/nb-bijoux.fr\\\/wp-content\\\/uploads\\\/2025\\\/02\\\/Bague-Etreinte-.jpg\",\"width\":2048,\"height\":2048},{\"@type\":\"BreadcrumbList\",\"@id\":\"https:\\\/\\\/nb-bijoux.fr\\\/?product=bague-etreinte#breadcrumb\",\"itemListElement\":[{\"@type\":\"ListItem\",\"position\":1,\"name\":\"Accueil\",\"item\":\"https:\\\/\\\/nb-bijoux.fr\\\/\"},{\"@type\":\"ListItem\",\"position\":2,\"name\":\"Collections\",\"item\":\"https:\\\/\\\/nb-bijoux.fr\\\/?page_id=4339\"},{\"@type\":\"ListItem\",\"position\":3,\"name\":\"Bague Etreinte\"}]},{\"@type\":\"WebSite\",\"@id\":\"https:\\\/\\\/nb-bijoux.fr\\\/#website\",\"url\":\"https:\\\/\\\/nb-bijoux.fr\\\/\",\"name\":\"nb-bijoux\",\"description\":\"La boutique de Najette Bordji, bijoux d&#039;art et Haute-Fantaisie\",\"publisher\":{\"@id\":\"https:\\\/\\\/nb-bijoux.fr\\\/#organization\"},\"potentialAction\":[{\"@type\":\"SearchAction\",\"target\":{\"@type\":\"EntryPoint\",\"urlTemplate\":\"https:\\\/\\\/nb-bijoux.fr\\\/?s={search_term_string}\"},\"query-input\":{\"@type\":\"PropertyValueSpecification\",\"valueRequired\":true,\"valueName\":\"search_term_string\"}}],\"inLanguage\":\"fr-FR\"},{\"@type\":\"Organization\",\"@id\":\"https:\\\/\\\/nb-bijoux.fr\\\/#organization\",\"name\":\"Boutique de Najette Bordji, cr\u00e9atrice de bijoux artisan d'Art\",\"url\":\"https:\\\/\\\/nb-bijoux.fr\\\/\",\"logo\":{\"@type\":\"ImageObject\",\"inLanguage\":\"fr-FR\",\"@id\":\"https:\\\/\\\/nb-bijoux.fr\\\/#\\\/schema\\\/logo\\\/image\\\/\",\"url\":\"https:\\\/\\\/nb-bijoux.fr\\\/wp-content\\\/uploads\\\/2023\\\/08\\\/cropped-cropped-cropped-logo.png\",\"contentUrl\":\"https:\\\/\\\/nb-bijoux.fr\\\/wp-content\\\/uploads\\\/2023\\\/08\\\/cropped-cropped-cropped-logo.png\",\"width\":400,\"height\":60,\"caption\":\"Boutique de Najette Bordji, cr\u00e9atrice de bijoux artisan d'Art\"},\"image\":{\"@id\":\"https:\\\/\\\/nb-bijoux.fr\\\/#\\\/schema\\\/logo\\\/image\\\/\"},\"sameAs\":[\"https:\\\/\\\/www.facebook.com\\\/najette.bordjibijoux\",\"https:\\\/\\\/www.instagram.com\\\/najettebordji\\\/\"]}]}<\/script>\n<!-- \/ Yoast SEO plugin. -->","yoast_head_json":{"title":"Bague Etreinte - Najette Bordji, cr\u00e9atrice de bijoux artisan d&#039;art","robots":{"index":"index","follow":"follow","max-snippet":"max-snippet:-1","max-image-preview":"max-image-preview:large","max-video-preview":"max-video-preview:-1"},"canonical":"https:\/\/nb-bijoux.fr\/?product=bague-etreinte","og_locale":"fr_FR","og_type":"article","og_title":"Bague Etreinte - Najette Bordji, cr\u00e9atrice de bijoux artisan d&#039;art","og_description":"Un fil d\u2019argent s\u2019enlace en un doux tourbillon autour du doigt, se croisant en un point d\u2019\u00e9quilibre parfait. Symbole d\u2019un lien ind\u00e9fectible et intemporel, cette bague joue sur la force du m\u00e9tal et la l\u00e9g\u00e8ret\u00e9 du geste. Un bijou \u00e0 la fois \u00e9pur\u00e9 et enveloppant, reflet de l\u2019harmonie entre simplicit\u00e9 et caract\u00e8re, gage d'attachement \u00e0 un \u00eatre cher. Votre taille n\u2019est pas en stock ? Cette bague est disponible sur commande, avec un d\u00e9lai de fabrication d\u2019environ une semaine (hors week-ends et jours f\u00e9ri\u00e9s).  &nbsp;","og_url":"https:\/\/nb-bijoux.fr\/?product=bague-etreinte","og_site_name":"Najette Bordji, cr\u00e9atrice de bijoux artisan d&#039;art","article_publisher":"https:\/\/www.facebook.com\/najette.bordjibijoux","article_modified_time":"2025-02-05T16:53:11+00:00","og_image":[{"width":2048,"height":2048,"url":"https:\/\/nb-bijoux.fr\/wp-content\/uploads\/2025\/02\/Bague-Etreinte-.jpg","type":"image\/jpeg"}],"twitter_card":"summary_large_image","twitter_misc":{"Dur\u00e9e de lecture estim\u00e9e":"1 minute"},"schema":{"@context":"https:\/\/schema.org","@graph":[{"@type":"WebPage","@id":"https:\/\/nb-bijoux.fr\/?product=bague-etreinte","url":"https:\/\/nb-bijoux.fr\/?product=bague-etreinte","name":"Bague Etreinte - Najette Bordji, cr\u00e9atrice de bijoux artisan d&#039;art","isPartOf":{"@id":"https:\/\/nb-bijoux.fr\/#website"},"primaryImageOfPage":{"@id":"https:\/\/nb-bijoux.fr\/?product=bague-etreinte#primaryimage"},"image":{"@id":"https:\/\/nb-bijoux.fr\/?product=bague-etreinte#primaryimage"},"thumbnailUrl":"https:\/\/nb-bijoux.fr\/wp-content\/uploads\/2025\/02\/Bague-Etreinte-.jpg","datePublished":"2025-02-05T16:17:37+00:00","dateModified":"2025-02-05T16:53:11+00:00","breadcrumb":{"@id":"https:\/\/nb-bijoux.fr\/?product=bague-etreinte#breadcrumb"},"inLanguage":"fr-FR","potentialAction":[{"@type":"ReadAction","target":["https:\/\/nb-bijoux.fr\/?product=bague-etreinte"]}]},{"@type":"ImageObject","inLanguage":"fr-FR","@id":"https:\/\/nb-bijoux.fr\/?product=bague-etreinte#primaryimage","url":"https:\/\/nb-bijoux.fr\/wp-content\/uploads\/2025\/02\/Bague-Etreinte-.jpg","contentUrl":"https:\/\/nb-bijoux.fr\/wp-content\/uploads\/2025\/02\/Bague-Etreinte-.jpg","width":2048,"height":2048},{"@type":"BreadcrumbList","@id":"https:\/\/nb-bijoux.fr\/?product=bague-etreinte#breadcrumb","itemListElement":[{"@type":"ListItem","position":1,"name":"Accueil","item":"https:\/\/nb-bijoux.fr\/"},{"@type":"ListItem","position":2,"name":"Collections","item":"https:\/\/nb-bijoux.fr\/?page_id=4339"},{"@type":"ListItem","position":3,"name":"Bague Etreinte"}]},{"@type":"WebSite","@id":"https:\/\/nb-bijoux.fr\/#website","url":"https:\/\/nb-bijoux.fr\/","name":"nb-bijoux","description":"La boutique de Najette Bordji, bijoux d&#039;art et Haute-Fantaisie","publisher":{"@id":"https:\/\/nb-bijoux.fr\/#organization"},"potentialAction":[{"@type":"SearchAction","target":{"@type":"EntryPoint","urlTemplate":"https:\/\/nb-bijoux.fr\/?s={search_term_string}"},"query-input":{"@type":"PropertyValueSpecification","valueRequired":true,"valueName":"search_term_string"}}],"inLanguage":"fr-FR"},{"@type":"Organization","@id":"https:\/\/nb-bijoux.fr\/#organization","name":"Boutique de Najette Bordji, cr\u00e9atrice de bijoux artisan d'Art","url":"https:\/\/nb-bijoux.fr\/","logo":{"@type":"ImageObject","inLanguage":"fr-FR","@id":"https:\/\/nb-bijoux.fr\/#\/schema\/logo\/image\/","url":"https:\/\/nb-bijoux.fr\/wp-content\/uploads\/2023\/08\/cropped-cropped-cropped-logo.png","contentUrl":"https:\/\/nb-bijoux.fr\/wp-content\/uploads\/2023\/08\/cropped-cropped-cropped-logo.png","width":400,"height":60,"caption":"Boutique de Najette Bordji, cr\u00e9atrice de bijoux artisan d'Art"},"image":{"@id":"https:\/\/nb-bijoux.fr\/#\/schema\/logo\/image\/"},"sameAs":["https:\/\/www.facebook.com\/najette.bordjibijoux","https:\/\/www.instagram.com\/najettebordji\/"]}]}},"_links":{"self":[{"href":"https:\/\/nb-bijoux.fr\/index.php?rest_route=\/wp\/v2\/product\/992282","targetHints":{"allow":["GET"]}}],"collection":[{"href":"https:\/\/nb-bijoux.fr\/index.php?rest_route=\/wp\/v2\/product"}],"about":[{"href":"https:\/\/nb-bijoux.fr\/index.php?rest_route=\/wp\/v2\/types\/product"}],"replies":[{"embeddable":true,"href":"https:\/\/nb-bijoux.fr\/index.php?rest_route=%2Fwp%2Fv2%2Fcomments&post=992282"}],"version-history":[{"count":0,"href":"https:\/\/nb-bijoux.fr\/index.php?rest_route=\/wp\/v2\/product\/992282\/revisions"}],"wp:featuredmedia":[{"embeddable":true,"href":"https:\/\/nb-bijoux.fr\/index.php?rest_route=\/wp\/v2\/media\/992308"}],"wp:attachment":[{"href":"https:\/\/nb-bijoux.fr\/index.php?rest_route=%2Fwp%2Fv2%2Fmedia&parent=992282"}],"wp:term":[{"taxonomy":"product_brand","embeddable":true,"href":"https:\/\/nb-bijoux.fr\/index.php?rest_route=%2Fwp%2Fv2%2Fproduct_brand&post=992282"},{"taxonomy":"product_cat","embeddable":true,"href":"https:\/\/nb-bijoux.fr\/index.php?rest_route=%2Fwp%2Fv2%2Fproduct_cat&post=992282"},{"taxonomy":"product_tag","embeddable":true,"href":"https:\/\/nb-bijoux.fr\/index.php?rest_route=%2Fwp%2Fv2%2Fproduct_tag&post=992282"}],"curies":[{"name":"wp","href":"https:\/\/api.w.org\/{rel}","templated":true}]}}