{"id":991991,"date":"2024-12-04T21:57:51","date_gmt":"2024-12-04T20:57:51","guid":{"rendered":"https:\/\/nb-bijoux.fr\/?post_type=product&#038;p=991991"},"modified":"2024-12-04T21:57:52","modified_gmt":"2024-12-04T20:57:52","slug":"boucles-doreilles-mira","status":"publish","type":"product","link":"https:\/\/nb-bijoux.fr\/?product=boucles-doreilles-mira","title":{"rendered":"Boucles d&rsquo;oreilles Mira"},"content":{"rendered":"<div class=\"vgblk-rw-wrapper limit-wrapper\">Ces boucles d\u2019oreilles sont accompagn\u00e9es d\u2019une paire suppl\u00e9mentaire de poussettes en silicone.<\/p>\n<p>&nbsp;<\/p>\n<p>Pour conserver l\u2019\u00e9clat de vos boucles d\u2019oreilles, rangez-les dans leur \u00e9crin lorsque vous ne les portez pas et \u00e9vitez tout contact avec l\u2019humidit\u00e9 et les produits cosm\u00e9tiques.<\/p><\/div>\n<p><!-- .vgblk-rw-wrapper --><\/p>\n","protected":false},"excerpt":{"rendered":"<p>Myst\u00e9rieuses et captivantes, les boucles d\u2019oreilles \u00ab\u00a0Mira\u00a0\u00bb associent la finesse \u00e9lanc\u00e9 \u00e0 un \u00e9clat argent\u00e9 intemporel. Une cr\u00e9ation parfaite pour briller en toute simplicit\u00e9.<\/p>\n","protected":false},"featured_media":991984,"comment_status":"open","ping_status":"closed","template":"","meta":[],"product_brand":[],"product_cat":[24],"product_tag":[325,277],"class_list":{"0":"post-991991","1":"product","2":"type-product","3":"status-publish","4":"has-post-thumbnail","6":"product_cat-boucles-oreilles","7":"product_tag-bijoux-geometriques","8":"product_tag-boucles-doreilles-en-argent","10":"first","11":"instock","12":"shipping-taxable","13":"purchasable","14":"product-type-simple"},"yoast_head":"<!-- This site is optimized with the Yoast SEO plugin v27.5 - https:\/\/yoast.com\/product\/yoast-seo-wordpress\/ -->\n<title>Boucles d&#039;oreilles Mira - Najette Bordji, cr\u00e9atrice de bijoux artisan d&#039;art<\/title>\n<meta name=\"description\" content=\"&quot;Craquez pour les boucles d&#039;oreilles Mira, des bijoux en argent au style fin et myst\u00e9rieux, id\u00e9als pour briller avec subtilit\u00e9.&quot;\" \/>\n<meta name=\"robots\" content=\"index, follow, max-snippet:-1, max-image-preview:large, max-video-preview:-1\" \/>\n<link rel=\"canonical\" href=\"https:\/\/nb-bijoux.fr\/?product=boucles-doreilles-mira\" \/>\n<meta property=\"og:locale\" content=\"fr_FR\" \/>\n<meta property=\"og:type\" content=\"article\" \/>\n<meta property=\"og:title\" content=\"Boucles d&#039;oreilles Mira - Najette Bordji, cr\u00e9atrice de bijoux artisan d&#039;art\" \/>\n<meta property=\"og:description\" content=\"&quot;Craquez pour les boucles d&#039;oreilles Mira, des bijoux en argent au style fin et myst\u00e9rieux, id\u00e9als pour briller avec subtilit\u00e9.&quot;\" \/>\n<meta property=\"og:url\" content=\"https:\/\/nb-bijoux.fr\/?product=boucles-doreilles-mira\" \/>\n<meta property=\"og:site_name\" content=\"Najette Bordji, cr\u00e9atrice de bijoux artisan d&#039;art\" \/>\n<meta property=\"article:publisher\" content=\"https:\/\/www.facebook.com\/najette.bordjibijoux\" \/>\n<meta property=\"article:modified_time\" content=\"2024-12-04T20:57:52+00:00\" \/>\n<meta property=\"og:image\" content=\"https:\/\/nb-bijoux.fr\/wp-content\/uploads\/2024\/12\/Bijoux-Noel-2024-1475-Modifier.jpg\" \/>\n\t<meta property=\"og:image:width\" content=\"2048\" \/>\n\t<meta property=\"og:image:height\" content=\"2048\" \/>\n\t<meta property=\"og:image:type\" content=\"image\/jpeg\" \/>\n<meta name=\"twitter:card\" content=\"summary_large_image\" \/>\n<meta name=\"twitter:label1\" content=\"Dur\u00e9e de lecture estim\u00e9e\" \/>\n\t<meta name=\"twitter:data1\" content=\"1 minute\" \/>\n<script type=\"application\/ld+json\" class=\"yoast-schema-graph\">{\"@context\":\"https:\\\/\\\/schema.org\",\"@graph\":[{\"@type\":\"WebPage\",\"@id\":\"https:\\\/\\\/nb-bijoux.fr\\\/?product=boucles-doreilles-mira\",\"url\":\"https:\\\/\\\/nb-bijoux.fr\\\/?product=boucles-doreilles-mira\",\"name\":\"Boucles d'oreilles Mira - Najette Bordji, cr\u00e9atrice de bijoux artisan d&#039;art\",\"isPartOf\":{\"@id\":\"https:\\\/\\\/nb-bijoux.fr\\\/#website\"},\"primaryImageOfPage\":{\"@id\":\"https:\\\/\\\/nb-bijoux.fr\\\/?product=boucles-doreilles-mira#primaryimage\"},\"image\":{\"@id\":\"https:\\\/\\\/nb-bijoux.fr\\\/?product=boucles-doreilles-mira#primaryimage\"},\"thumbnailUrl\":\"https:\\\/\\\/nb-bijoux.fr\\\/wp-content\\\/uploads\\\/2024\\\/12\\\/Bijoux-Noel-2024-1475-Modifier.jpg\",\"datePublished\":\"2024-12-04T20:57:51+00:00\",\"dateModified\":\"2024-12-04T20:57:52+00:00\",\"description\":\"\\\"Craquez pour les boucles d'oreilles Mira, des bijoux en argent au style fin et myst\u00e9rieux, id\u00e9als pour briller avec subtilit\u00e9.\\\"\",\"breadcrumb\":{\"@id\":\"https:\\\/\\\/nb-bijoux.fr\\\/?product=boucles-doreilles-mira#breadcrumb\"},\"inLanguage\":\"fr-FR\",\"potentialAction\":[{\"@type\":\"ReadAction\",\"target\":[\"https:\\\/\\\/nb-bijoux.fr\\\/?product=boucles-doreilles-mira\"]}]},{\"@type\":\"ImageObject\",\"inLanguage\":\"fr-FR\",\"@id\":\"https:\\\/\\\/nb-bijoux.fr\\\/?product=boucles-doreilles-mira#primaryimage\",\"url\":\"https:\\\/\\\/nb-bijoux.fr\\\/wp-content\\\/uploads\\\/2024\\\/12\\\/Bijoux-Noel-2024-1475-Modifier.jpg\",\"contentUrl\":\"https:\\\/\\\/nb-bijoux.fr\\\/wp-content\\\/uploads\\\/2024\\\/12\\\/Bijoux-Noel-2024-1475-Modifier.jpg\",\"width\":2048,\"height\":2048},{\"@type\":\"BreadcrumbList\",\"@id\":\"https:\\\/\\\/nb-bijoux.fr\\\/?product=boucles-doreilles-mira#breadcrumb\",\"itemListElement\":[{\"@type\":\"ListItem\",\"position\":1,\"name\":\"Accueil\",\"item\":\"https:\\\/\\\/nb-bijoux.fr\\\/\"},{\"@type\":\"ListItem\",\"position\":2,\"name\":\"Collections\",\"item\":\"https:\\\/\\\/nb-bijoux.fr\\\/?page_id=4339\"},{\"@type\":\"ListItem\",\"position\":3,\"name\":\"Boucles d&rsquo;oreilles Mira\"}]},{\"@type\":\"WebSite\",\"@id\":\"https:\\\/\\\/nb-bijoux.fr\\\/#website\",\"url\":\"https:\\\/\\\/nb-bijoux.fr\\\/\",\"name\":\"nb-bijoux\",\"description\":\"La boutique de Najette Bordji, bijoux d&#039;art et Haute-Fantaisie\",\"publisher\":{\"@id\":\"https:\\\/\\\/nb-bijoux.fr\\\/#organization\"},\"potentialAction\":[{\"@type\":\"SearchAction\",\"target\":{\"@type\":\"EntryPoint\",\"urlTemplate\":\"https:\\\/\\\/nb-bijoux.fr\\\/?s={search_term_string}\"},\"query-input\":{\"@type\":\"PropertyValueSpecification\",\"valueRequired\":true,\"valueName\":\"search_term_string\"}}],\"inLanguage\":\"fr-FR\"},{\"@type\":\"Organization\",\"@id\":\"https:\\\/\\\/nb-bijoux.fr\\\/#organization\",\"name\":\"Boutique de Najette Bordji, cr\u00e9atrice de bijoux artisan d'Art\",\"url\":\"https:\\\/\\\/nb-bijoux.fr\\\/\",\"logo\":{\"@type\":\"ImageObject\",\"inLanguage\":\"fr-FR\",\"@id\":\"https:\\\/\\\/nb-bijoux.fr\\\/#\\\/schema\\\/logo\\\/image\\\/\",\"url\":\"https:\\\/\\\/nb-bijoux.fr\\\/wp-content\\\/uploads\\\/2023\\\/08\\\/cropped-cropped-cropped-logo.png\",\"contentUrl\":\"https:\\\/\\\/nb-bijoux.fr\\\/wp-content\\\/uploads\\\/2023\\\/08\\\/cropped-cropped-cropped-logo.png\",\"width\":400,\"height\":60,\"caption\":\"Boutique de Najette Bordji, cr\u00e9atrice de bijoux artisan d'Art\"},\"image\":{\"@id\":\"https:\\\/\\\/nb-bijoux.fr\\\/#\\\/schema\\\/logo\\\/image\\\/\"},\"sameAs\":[\"https:\\\/\\\/www.facebook.com\\\/najette.bordjibijoux\",\"https:\\\/\\\/www.instagram.com\\\/najettebordji\\\/\"]}]}<\/script>\n<!-- \/ Yoast SEO plugin. -->","yoast_head_json":{"title":"Boucles d'oreilles Mira - Najette Bordji, cr\u00e9atrice de bijoux artisan d&#039;art","description":"\"Craquez pour les boucles d'oreilles Mira, des bijoux en argent au style fin et myst\u00e9rieux, id\u00e9als pour briller avec subtilit\u00e9.\"","robots":{"index":"index","follow":"follow","max-snippet":"max-snippet:-1","max-image-preview":"max-image-preview:large","max-video-preview":"max-video-preview:-1"},"canonical":"https:\/\/nb-bijoux.fr\/?product=boucles-doreilles-mira","og_locale":"fr_FR","og_type":"article","og_title":"Boucles d'oreilles Mira - Najette Bordji, cr\u00e9atrice de bijoux artisan d&#039;art","og_description":"\"Craquez pour les boucles d'oreilles Mira, des bijoux en argent au style fin et myst\u00e9rieux, id\u00e9als pour briller avec subtilit\u00e9.\"","og_url":"https:\/\/nb-bijoux.fr\/?product=boucles-doreilles-mira","og_site_name":"Najette Bordji, cr\u00e9atrice de bijoux artisan d&#039;art","article_publisher":"https:\/\/www.facebook.com\/najette.bordjibijoux","article_modified_time":"2024-12-04T20:57:52+00:00","og_image":[{"width":2048,"height":2048,"url":"https:\/\/nb-bijoux.fr\/wp-content\/uploads\/2024\/12\/Bijoux-Noel-2024-1475-Modifier.jpg","type":"image\/jpeg"}],"twitter_card":"summary_large_image","twitter_misc":{"Dur\u00e9e de lecture estim\u00e9e":"1 minute"},"schema":{"@context":"https:\/\/schema.org","@graph":[{"@type":"WebPage","@id":"https:\/\/nb-bijoux.fr\/?product=boucles-doreilles-mira","url":"https:\/\/nb-bijoux.fr\/?product=boucles-doreilles-mira","name":"Boucles d'oreilles Mira - Najette Bordji, cr\u00e9atrice de bijoux artisan d&#039;art","isPartOf":{"@id":"https:\/\/nb-bijoux.fr\/#website"},"primaryImageOfPage":{"@id":"https:\/\/nb-bijoux.fr\/?product=boucles-doreilles-mira#primaryimage"},"image":{"@id":"https:\/\/nb-bijoux.fr\/?product=boucles-doreilles-mira#primaryimage"},"thumbnailUrl":"https:\/\/nb-bijoux.fr\/wp-content\/uploads\/2024\/12\/Bijoux-Noel-2024-1475-Modifier.jpg","datePublished":"2024-12-04T20:57:51+00:00","dateModified":"2024-12-04T20:57:52+00:00","description":"\"Craquez pour les boucles d'oreilles Mira, des bijoux en argent au style fin et myst\u00e9rieux, id\u00e9als pour briller avec subtilit\u00e9.\"","breadcrumb":{"@id":"https:\/\/nb-bijoux.fr\/?product=boucles-doreilles-mira#breadcrumb"},"inLanguage":"fr-FR","potentialAction":[{"@type":"ReadAction","target":["https:\/\/nb-bijoux.fr\/?product=boucles-doreilles-mira"]}]},{"@type":"ImageObject","inLanguage":"fr-FR","@id":"https:\/\/nb-bijoux.fr\/?product=boucles-doreilles-mira#primaryimage","url":"https:\/\/nb-bijoux.fr\/wp-content\/uploads\/2024\/12\/Bijoux-Noel-2024-1475-Modifier.jpg","contentUrl":"https:\/\/nb-bijoux.fr\/wp-content\/uploads\/2024\/12\/Bijoux-Noel-2024-1475-Modifier.jpg","width":2048,"height":2048},{"@type":"BreadcrumbList","@id":"https:\/\/nb-bijoux.fr\/?product=boucles-doreilles-mira#breadcrumb","itemListElement":[{"@type":"ListItem","position":1,"name":"Accueil","item":"https:\/\/nb-bijoux.fr\/"},{"@type":"ListItem","position":2,"name":"Collections","item":"https:\/\/nb-bijoux.fr\/?page_id=4339"},{"@type":"ListItem","position":3,"name":"Boucles d&rsquo;oreilles Mira"}]},{"@type":"WebSite","@id":"https:\/\/nb-bijoux.fr\/#website","url":"https:\/\/nb-bijoux.fr\/","name":"nb-bijoux","description":"La boutique de Najette Bordji, bijoux d&#039;art et Haute-Fantaisie","publisher":{"@id":"https:\/\/nb-bijoux.fr\/#organization"},"potentialAction":[{"@type":"SearchAction","target":{"@type":"EntryPoint","urlTemplate":"https:\/\/nb-bijoux.fr\/?s={search_term_string}"},"query-input":{"@type":"PropertyValueSpecification","valueRequired":true,"valueName":"search_term_string"}}],"inLanguage":"fr-FR"},{"@type":"Organization","@id":"https:\/\/nb-bijoux.fr\/#organization","name":"Boutique de Najette Bordji, cr\u00e9atrice de bijoux artisan d'Art","url":"https:\/\/nb-bijoux.fr\/","logo":{"@type":"ImageObject","inLanguage":"fr-FR","@id":"https:\/\/nb-bijoux.fr\/#\/schema\/logo\/image\/","url":"https:\/\/nb-bijoux.fr\/wp-content\/uploads\/2023\/08\/cropped-cropped-cropped-logo.png","contentUrl":"https:\/\/nb-bijoux.fr\/wp-content\/uploads\/2023\/08\/cropped-cropped-cropped-logo.png","width":400,"height":60,"caption":"Boutique de Najette Bordji, cr\u00e9atrice de bijoux artisan d'Art"},"image":{"@id":"https:\/\/nb-bijoux.fr\/#\/schema\/logo\/image\/"},"sameAs":["https:\/\/www.facebook.com\/najette.bordjibijoux","https:\/\/www.instagram.com\/najettebordji\/"]}]}},"_links":{"self":[{"href":"https:\/\/nb-bijoux.fr\/index.php?rest_route=\/wp\/v2\/product\/991991","targetHints":{"allow":["GET"]}}],"collection":[{"href":"https:\/\/nb-bijoux.fr\/index.php?rest_route=\/wp\/v2\/product"}],"about":[{"href":"https:\/\/nb-bijoux.fr\/index.php?rest_route=\/wp\/v2\/types\/product"}],"replies":[{"embeddable":true,"href":"https:\/\/nb-bijoux.fr\/index.php?rest_route=%2Fwp%2Fv2%2Fcomments&post=991991"}],"version-history":[{"count":0,"href":"https:\/\/nb-bijoux.fr\/index.php?rest_route=\/wp\/v2\/product\/991991\/revisions"}],"wp:featuredmedia":[{"embeddable":true,"href":"https:\/\/nb-bijoux.fr\/index.php?rest_route=\/wp\/v2\/media\/991984"}],"wp:attachment":[{"href":"https:\/\/nb-bijoux.fr\/index.php?rest_route=%2Fwp%2Fv2%2Fmedia&parent=991991"}],"wp:term":[{"taxonomy":"product_brand","embeddable":true,"href":"https:\/\/nb-bijoux.fr\/index.php?rest_route=%2Fwp%2Fv2%2Fproduct_brand&post=991991"},{"taxonomy":"product_cat","embeddable":true,"href":"https:\/\/nb-bijoux.fr\/index.php?rest_route=%2Fwp%2Fv2%2Fproduct_cat&post=991991"},{"taxonomy":"product_tag","embeddable":true,"href":"https:\/\/nb-bijoux.fr\/index.php?rest_route=%2Fwp%2Fv2%2Fproduct_tag&post=991991"}],"curies":[{"name":"wp","href":"https:\/\/api.w.org\/{rel}","templated":true}]}}