{"id":991843,"date":"2024-11-21T16:44:01","date_gmt":"2024-11-21T15:44:01","guid":{"rendered":"https:\/\/nb-bijoux.fr\/?post_type=product&#038;p=991843"},"modified":"2024-12-03T11:25:16","modified_gmt":"2024-12-03T10:25:16","slug":"pendentif-calypso","status":"publish","type":"product","link":"https:\/\/nb-bijoux.fr\/?product=pendentif-calypso","title":{"rendered":"Pendentif Calypso"},"content":{"rendered":"<div class=\"vgblk-rw-wrapper limit-wrapper\">La cha\u00eene de ce pendentif comporte un anneau interm\u00e9diaire \u00e0 2,5 centim\u00e8tres de l&rsquo;anneau du bout afin d&rsquo;optimiser sa longueur selon votre go\u00fbt, 45 ou 42,5 centim\u00e8tres.<\/p>\n<p>&nbsp;<\/p>\n<p>Pour conserver l&rsquo;\u00e9clat de votre bijou, rangez-le dans son \u00e9crin ou sa pochette lorsque vous ne le portez pas et \u00e9vitez tout contact avec l&rsquo;humidit\u00e9 et les produits cosm\u00e9tiques.<\/p><\/div>\n<p><!-- .vgblk-rw-wrapper --><\/p>\n","protected":false},"excerpt":{"rendered":"<p>Un \u00e9clat de raffinement et de myst\u00e8re. Sur une cha\u00eene d\u00e9licate, le pendentif Calypso d\u00e9voile un anneau de pr\u00e9cieuses perles facett\u00e9es \u2013 spinelle noir profond, diopside vert lumineux, grenat envo\u00fbtant et \u0153il de tigre chatoyant&#8230; Une pi\u00e8ce unique qui c\u00e9l\u00e8bre la beaut\u00e9 brute et authentique des pierres naturelles, pour sublimer le grain de votre peau.<\/p>\n","protected":false},"featured_media":991962,"comment_status":"open","ping_status":"closed","template":"","meta":[],"product_brand":[],"product_cat":[33],"product_tag":[307,308,34,305,306,140],"class_list":{"0":"post-991843","1":"product","2":"type-product","3":"status-publish","4":"has-post-thumbnail","6":"product_cat-colliers","7":"product_tag-bijou-de-soiree","8":"product_tag-bijou-dore","9":"product_tag-collier","10":"product_tag-pendentif-calypso","11":"product_tag-pendentif-en-laiton-dore-a-lor-fin","12":"product_tag-pierres-naturelles","14":"first","15":"instock","16":"shipping-taxable","17":"purchasable","18":"product-type-variable"},"yoast_head":"<!-- This site is optimized with the Yoast SEO plugin v27.5 - https:\/\/yoast.com\/product\/yoast-seo-wordpress\/ -->\n<title>Pendentif Calypso - Najette Bordji, cr\u00e9atrice de bijoux artisan d&#039;art<\/title>\n<meta name=\"description\" content=\"Succombez au raffinement du pendentif Calypso compos\u00e9 de perles naturelles facett\u00e9es r\u00e9v\u00e9lant l&#039;\u00e9clat des pierres sur le grain de votre peau!\" \/>\n<meta name=\"robots\" content=\"index, follow, max-snippet:-1, max-image-preview:large, max-video-preview:-1\" \/>\n<link rel=\"canonical\" href=\"https:\/\/nb-bijoux.fr\/?product=pendentif-calypso\" \/>\n<meta property=\"og:locale\" content=\"fr_FR\" \/>\n<meta property=\"og:type\" content=\"article\" \/>\n<meta property=\"og:title\" content=\"Pendentif Calypso - Najette Bordji, cr\u00e9atrice de bijoux artisan d&#039;art\" \/>\n<meta property=\"og:description\" content=\"Succombez au raffinement du pendentif Calypso compos\u00e9 de perles naturelles facett\u00e9es r\u00e9v\u00e9lant l&#039;\u00e9clat des pierres sur le grain de votre peau!\" \/>\n<meta property=\"og:url\" content=\"https:\/\/nb-bijoux.fr\/?product=pendentif-calypso\" \/>\n<meta property=\"og:site_name\" content=\"Najette Bordji, cr\u00e9atrice de bijoux artisan d&#039;art\" \/>\n<meta property=\"article:publisher\" content=\"https:\/\/www.facebook.com\/najette.bordjibijoux\" \/>\n<meta property=\"article:modified_time\" content=\"2024-12-03T10:25:16+00:00\" \/>\n<meta property=\"og:image\" content=\"https:\/\/nb-bijoux.fr\/wp-content\/uploads\/2024\/12\/Bijoux-Noel-2024-1153-Modifier.jpg\" \/>\n\t<meta property=\"og:image:width\" content=\"2048\" \/>\n\t<meta property=\"og:image:height\" content=\"2048\" \/>\n\t<meta property=\"og:image:type\" content=\"image\/jpeg\" \/>\n<meta name=\"twitter:card\" content=\"summary_large_image\" \/>\n<meta name=\"twitter:label1\" content=\"Dur\u00e9e de lecture estim\u00e9e\" \/>\n\t<meta name=\"twitter:data1\" content=\"1 minute\" \/>\n<script type=\"application\/ld+json\" class=\"yoast-schema-graph\">{\"@context\":\"https:\\\/\\\/schema.org\",\"@graph\":[{\"@type\":\"WebPage\",\"@id\":\"https:\\\/\\\/nb-bijoux.fr\\\/?product=pendentif-calypso\",\"url\":\"https:\\\/\\\/nb-bijoux.fr\\\/?product=pendentif-calypso\",\"name\":\"Pendentif Calypso - Najette Bordji, cr\u00e9atrice de bijoux artisan d&#039;art\",\"isPartOf\":{\"@id\":\"https:\\\/\\\/nb-bijoux.fr\\\/#website\"},\"primaryImageOfPage\":{\"@id\":\"https:\\\/\\\/nb-bijoux.fr\\\/?product=pendentif-calypso#primaryimage\"},\"image\":{\"@id\":\"https:\\\/\\\/nb-bijoux.fr\\\/?product=pendentif-calypso#primaryimage\"},\"thumbnailUrl\":\"https:\\\/\\\/nb-bijoux.fr\\\/wp-content\\\/uploads\\\/2024\\\/12\\\/Bijoux-Noel-2024-1153-Modifier.jpg\",\"datePublished\":\"2024-11-21T15:44:01+00:00\",\"dateModified\":\"2024-12-03T10:25:16+00:00\",\"description\":\"Succombez au raffinement du pendentif Calypso compos\u00e9 de perles naturelles facett\u00e9es r\u00e9v\u00e9lant l'\u00e9clat des pierres sur le grain de votre peau!\",\"breadcrumb\":{\"@id\":\"https:\\\/\\\/nb-bijoux.fr\\\/?product=pendentif-calypso#breadcrumb\"},\"inLanguage\":\"fr-FR\",\"potentialAction\":[{\"@type\":\"ReadAction\",\"target\":[\"https:\\\/\\\/nb-bijoux.fr\\\/?product=pendentif-calypso\"]}]},{\"@type\":\"ImageObject\",\"inLanguage\":\"fr-FR\",\"@id\":\"https:\\\/\\\/nb-bijoux.fr\\\/?product=pendentif-calypso#primaryimage\",\"url\":\"https:\\\/\\\/nb-bijoux.fr\\\/wp-content\\\/uploads\\\/2024\\\/12\\\/Bijoux-Noel-2024-1153-Modifier.jpg\",\"contentUrl\":\"https:\\\/\\\/nb-bijoux.fr\\\/wp-content\\\/uploads\\\/2024\\\/12\\\/Bijoux-Noel-2024-1153-Modifier.jpg\",\"width\":2048,\"height\":2048},{\"@type\":\"BreadcrumbList\",\"@id\":\"https:\\\/\\\/nb-bijoux.fr\\\/?product=pendentif-calypso#breadcrumb\",\"itemListElement\":[{\"@type\":\"ListItem\",\"position\":1,\"name\":\"Accueil\",\"item\":\"https:\\\/\\\/nb-bijoux.fr\\\/\"},{\"@type\":\"ListItem\",\"position\":2,\"name\":\"Collections\",\"item\":\"https:\\\/\\\/nb-bijoux.fr\\\/?page_id=4339\"},{\"@type\":\"ListItem\",\"position\":3,\"name\":\"Pendentif Calypso\"}]},{\"@type\":\"WebSite\",\"@id\":\"https:\\\/\\\/nb-bijoux.fr\\\/#website\",\"url\":\"https:\\\/\\\/nb-bijoux.fr\\\/\",\"name\":\"nb-bijoux\",\"description\":\"La boutique de Najette Bordji, bijoux d&#039;art et Haute-Fantaisie\",\"publisher\":{\"@id\":\"https:\\\/\\\/nb-bijoux.fr\\\/#organization\"},\"potentialAction\":[{\"@type\":\"SearchAction\",\"target\":{\"@type\":\"EntryPoint\",\"urlTemplate\":\"https:\\\/\\\/nb-bijoux.fr\\\/?s={search_term_string}\"},\"query-input\":{\"@type\":\"PropertyValueSpecification\",\"valueRequired\":true,\"valueName\":\"search_term_string\"}}],\"inLanguage\":\"fr-FR\"},{\"@type\":\"Organization\",\"@id\":\"https:\\\/\\\/nb-bijoux.fr\\\/#organization\",\"name\":\"Boutique de Najette Bordji, cr\u00e9atrice de bijoux artisan d'Art\",\"url\":\"https:\\\/\\\/nb-bijoux.fr\\\/\",\"logo\":{\"@type\":\"ImageObject\",\"inLanguage\":\"fr-FR\",\"@id\":\"https:\\\/\\\/nb-bijoux.fr\\\/#\\\/schema\\\/logo\\\/image\\\/\",\"url\":\"https:\\\/\\\/nb-bijoux.fr\\\/wp-content\\\/uploads\\\/2023\\\/08\\\/cropped-cropped-cropped-logo.png\",\"contentUrl\":\"https:\\\/\\\/nb-bijoux.fr\\\/wp-content\\\/uploads\\\/2023\\\/08\\\/cropped-cropped-cropped-logo.png\",\"width\":400,\"height\":60,\"caption\":\"Boutique de Najette Bordji, cr\u00e9atrice de bijoux artisan d'Art\"},\"image\":{\"@id\":\"https:\\\/\\\/nb-bijoux.fr\\\/#\\\/schema\\\/logo\\\/image\\\/\"},\"sameAs\":[\"https:\\\/\\\/www.facebook.com\\\/najette.bordjibijoux\",\"https:\\\/\\\/www.instagram.com\\\/najettebordji\\\/\"]}]}<\/script>\n<!-- \/ Yoast SEO plugin. -->","yoast_head_json":{"title":"Pendentif Calypso - Najette Bordji, cr\u00e9atrice de bijoux artisan d&#039;art","description":"Succombez au raffinement du pendentif Calypso compos\u00e9 de perles naturelles facett\u00e9es r\u00e9v\u00e9lant l'\u00e9clat des pierres sur le grain de votre peau!","robots":{"index":"index","follow":"follow","max-snippet":"max-snippet:-1","max-image-preview":"max-image-preview:large","max-video-preview":"max-video-preview:-1"},"canonical":"https:\/\/nb-bijoux.fr\/?product=pendentif-calypso","og_locale":"fr_FR","og_type":"article","og_title":"Pendentif Calypso - Najette Bordji, cr\u00e9atrice de bijoux artisan d&#039;art","og_description":"Succombez au raffinement du pendentif Calypso compos\u00e9 de perles naturelles facett\u00e9es r\u00e9v\u00e9lant l'\u00e9clat des pierres sur le grain de votre peau!","og_url":"https:\/\/nb-bijoux.fr\/?product=pendentif-calypso","og_site_name":"Najette Bordji, cr\u00e9atrice de bijoux artisan d&#039;art","article_publisher":"https:\/\/www.facebook.com\/najette.bordjibijoux","article_modified_time":"2024-12-03T10:25:16+00:00","og_image":[{"width":2048,"height":2048,"url":"https:\/\/nb-bijoux.fr\/wp-content\/uploads\/2024\/12\/Bijoux-Noel-2024-1153-Modifier.jpg","type":"image\/jpeg"}],"twitter_card":"summary_large_image","twitter_misc":{"Dur\u00e9e de lecture estim\u00e9e":"1 minute"},"schema":{"@context":"https:\/\/schema.org","@graph":[{"@type":"WebPage","@id":"https:\/\/nb-bijoux.fr\/?product=pendentif-calypso","url":"https:\/\/nb-bijoux.fr\/?product=pendentif-calypso","name":"Pendentif Calypso - Najette Bordji, cr\u00e9atrice de bijoux artisan d&#039;art","isPartOf":{"@id":"https:\/\/nb-bijoux.fr\/#website"},"primaryImageOfPage":{"@id":"https:\/\/nb-bijoux.fr\/?product=pendentif-calypso#primaryimage"},"image":{"@id":"https:\/\/nb-bijoux.fr\/?product=pendentif-calypso#primaryimage"},"thumbnailUrl":"https:\/\/nb-bijoux.fr\/wp-content\/uploads\/2024\/12\/Bijoux-Noel-2024-1153-Modifier.jpg","datePublished":"2024-11-21T15:44:01+00:00","dateModified":"2024-12-03T10:25:16+00:00","description":"Succombez au raffinement du pendentif Calypso compos\u00e9 de perles naturelles facett\u00e9es r\u00e9v\u00e9lant l'\u00e9clat des pierres sur le grain de votre peau!","breadcrumb":{"@id":"https:\/\/nb-bijoux.fr\/?product=pendentif-calypso#breadcrumb"},"inLanguage":"fr-FR","potentialAction":[{"@type":"ReadAction","target":["https:\/\/nb-bijoux.fr\/?product=pendentif-calypso"]}]},{"@type":"ImageObject","inLanguage":"fr-FR","@id":"https:\/\/nb-bijoux.fr\/?product=pendentif-calypso#primaryimage","url":"https:\/\/nb-bijoux.fr\/wp-content\/uploads\/2024\/12\/Bijoux-Noel-2024-1153-Modifier.jpg","contentUrl":"https:\/\/nb-bijoux.fr\/wp-content\/uploads\/2024\/12\/Bijoux-Noel-2024-1153-Modifier.jpg","width":2048,"height":2048},{"@type":"BreadcrumbList","@id":"https:\/\/nb-bijoux.fr\/?product=pendentif-calypso#breadcrumb","itemListElement":[{"@type":"ListItem","position":1,"name":"Accueil","item":"https:\/\/nb-bijoux.fr\/"},{"@type":"ListItem","position":2,"name":"Collections","item":"https:\/\/nb-bijoux.fr\/?page_id=4339"},{"@type":"ListItem","position":3,"name":"Pendentif Calypso"}]},{"@type":"WebSite","@id":"https:\/\/nb-bijoux.fr\/#website","url":"https:\/\/nb-bijoux.fr\/","name":"nb-bijoux","description":"La boutique de Najette Bordji, bijoux d&#039;art et Haute-Fantaisie","publisher":{"@id":"https:\/\/nb-bijoux.fr\/#organization"},"potentialAction":[{"@type":"SearchAction","target":{"@type":"EntryPoint","urlTemplate":"https:\/\/nb-bijoux.fr\/?s={search_term_string}"},"query-input":{"@type":"PropertyValueSpecification","valueRequired":true,"valueName":"search_term_string"}}],"inLanguage":"fr-FR"},{"@type":"Organization","@id":"https:\/\/nb-bijoux.fr\/#organization","name":"Boutique de Najette Bordji, cr\u00e9atrice de bijoux artisan d'Art","url":"https:\/\/nb-bijoux.fr\/","logo":{"@type":"ImageObject","inLanguage":"fr-FR","@id":"https:\/\/nb-bijoux.fr\/#\/schema\/logo\/image\/","url":"https:\/\/nb-bijoux.fr\/wp-content\/uploads\/2023\/08\/cropped-cropped-cropped-logo.png","contentUrl":"https:\/\/nb-bijoux.fr\/wp-content\/uploads\/2023\/08\/cropped-cropped-cropped-logo.png","width":400,"height":60,"caption":"Boutique de Najette Bordji, cr\u00e9atrice de bijoux artisan d'Art"},"image":{"@id":"https:\/\/nb-bijoux.fr\/#\/schema\/logo\/image\/"},"sameAs":["https:\/\/www.facebook.com\/najette.bordjibijoux","https:\/\/www.instagram.com\/najettebordji\/"]}]}},"_links":{"self":[{"href":"https:\/\/nb-bijoux.fr\/index.php?rest_route=\/wp\/v2\/product\/991843","targetHints":{"allow":["GET"]}}],"collection":[{"href":"https:\/\/nb-bijoux.fr\/index.php?rest_route=\/wp\/v2\/product"}],"about":[{"href":"https:\/\/nb-bijoux.fr\/index.php?rest_route=\/wp\/v2\/types\/product"}],"replies":[{"embeddable":true,"href":"https:\/\/nb-bijoux.fr\/index.php?rest_route=%2Fwp%2Fv2%2Fcomments&post=991843"}],"version-history":[{"count":0,"href":"https:\/\/nb-bijoux.fr\/index.php?rest_route=\/wp\/v2\/product\/991843\/revisions"}],"wp:featuredmedia":[{"embeddable":true,"href":"https:\/\/nb-bijoux.fr\/index.php?rest_route=\/wp\/v2\/media\/991962"}],"wp:attachment":[{"href":"https:\/\/nb-bijoux.fr\/index.php?rest_route=%2Fwp%2Fv2%2Fmedia&parent=991843"}],"wp:term":[{"taxonomy":"product_brand","embeddable":true,"href":"https:\/\/nb-bijoux.fr\/index.php?rest_route=%2Fwp%2Fv2%2Fproduct_brand&post=991843"},{"taxonomy":"product_cat","embeddable":true,"href":"https:\/\/nb-bijoux.fr\/index.php?rest_route=%2Fwp%2Fv2%2Fproduct_cat&post=991843"},{"taxonomy":"product_tag","embeddable":true,"href":"https:\/\/nb-bijoux.fr\/index.php?rest_route=%2Fwp%2Fv2%2Fproduct_tag&post=991843"}],"curies":[{"name":"wp","href":"https:\/\/api.w.org\/{rel}","templated":true}]}}