{"id":991630,"date":"2024-07-17T20:05:48","date_gmt":"2024-07-17T18:05:48","guid":{"rendered":"https:\/\/nb-bijoux.fr\/?post_type=product&#038;p=991630"},"modified":"2024-07-17T20:05:49","modified_gmt":"2024-07-17T18:05:49","slug":"boucles-doreilles-nefertari","status":"publish","type":"product","link":"https:\/\/nb-bijoux.fr\/?product=boucles-doreilles-nefertari","title":{"rendered":"Boucles d&rsquo;oreilles N\u00e9fertari"},"content":{"rendered":"<div class=\"vgblk-rw-wrapper limit-wrapper\">Pour conserver l&rsquo;\u00e9clat de vos boucles d&rsquo;oreilles, rangez-les dans leur pochon lorsque vous ne les portez pas. Conservez-les \u00e0 l&rsquo;abri de l&rsquo;humidit\u00e9 et \u00e9vitez tout contact avec les produits cosm\u00e9tiques.<\/p>\n<p>&nbsp;<\/p>\n<p>Cette paire de boucles d&rsquo;oreilles est fournie avec une paire de poussettes suppl\u00e9mentaires en silicone.<\/p><\/div>\n<p><!-- .vgblk-rw-wrapper --><\/p>\n","protected":false},"excerpt":{"rendered":"<p>Boucles d&rsquo;oreilles compos\u00e9es d&rsquo;une paire de clous en forme de disque ondul\u00e9 de 15 millim\u00e8tres de diam\u00e8tre, d&rsquo;un demi-cercle textur\u00e9 superpos\u00e9 sur un anneau fin retenant une perle facett\u00e9e de quartz fum\u00e9 de 10 millim\u00e8tres de diam\u00e8tre.<\/p>\n","protected":false},"featured_media":991501,"comment_status":"open","ping_status":"closed","template":"","meta":[],"product_brand":[],"product_cat":[24],"product_tag":[243,103,141,271],"class_list":{"0":"post-991630","1":"product","2":"type-product","3":"status-publish","4":"has-post-thumbnail","6":"product_cat-boucles-oreilles","7":"product_tag-bijoux-de-createur","8":"product_tag-boucles-doreilles","9":"product_tag-laiton-dore-a-lor-fin","10":"product_tag-quartz-fume","12":"first","13":"instock","14":"shipping-taxable","15":"purchasable","16":"product-type-simple"},"yoast_head":"<!-- This site is optimized with the Yoast SEO plugin v27.5 - https:\/\/yoast.com\/product\/yoast-seo-wordpress\/ -->\n<title>Boucles d&#039;oreilles N\u00e9fertari - Najette Bordji, cr\u00e9atrice de bijoux artisan d&#039;art<\/title>\n<meta name=\"description\" content=\"Ces boucles d&#039;oreilles en laiton dor\u00e9 \u00e0 l&#039;or fin et quartz fum\u00e9 sign\u00e9es par Najette Bordji sont inspir\u00e9es par les bijoux de l&#039;Egypte ancienne.\" \/>\n<meta name=\"robots\" content=\"index, follow, max-snippet:-1, max-image-preview:large, max-video-preview:-1\" \/>\n<link rel=\"canonical\" href=\"https:\/\/nb-bijoux.fr\/?product=boucles-doreilles-nefertari\" \/>\n<meta property=\"og:locale\" content=\"fr_FR\" \/>\n<meta property=\"og:type\" content=\"article\" \/>\n<meta property=\"og:title\" content=\"Boucles d&#039;oreilles N\u00e9fertari - Najette Bordji, cr\u00e9atrice de bijoux artisan d&#039;art\" \/>\n<meta property=\"og:description\" content=\"Ces boucles d&#039;oreilles en laiton dor\u00e9 \u00e0 l&#039;or fin et quartz fum\u00e9 sign\u00e9es par Najette Bordji sont inspir\u00e9es par les bijoux de l&#039;Egypte ancienne.\" \/>\n<meta property=\"og:url\" content=\"https:\/\/nb-bijoux.fr\/?product=boucles-doreilles-nefertari\" \/>\n<meta property=\"og:site_name\" content=\"Najette Bordji, cr\u00e9atrice de bijoux artisan d&#039;art\" \/>\n<meta property=\"article:publisher\" content=\"https:\/\/www.facebook.com\/najette.bordjibijoux\" \/>\n<meta property=\"article:modified_time\" content=\"2024-07-17T18:05:49+00:00\" \/>\n<meta property=\"og:image\" content=\"https:\/\/nb-bijoux.fr\/wp-content\/uploads\/2024\/06\/EDB6729-R-1500px.jpg\" \/>\n\t<meta property=\"og:image:width\" content=\"1442\" \/>\n\t<meta property=\"og:image:height\" content=\"1500\" \/>\n\t<meta property=\"og:image:type\" content=\"image\/jpeg\" \/>\n<meta name=\"twitter:card\" content=\"summary_large_image\" \/>\n<meta name=\"twitter:label1\" content=\"Dur\u00e9e de lecture estim\u00e9e\" \/>\n\t<meta name=\"twitter:data1\" content=\"1 minute\" \/>\n<script type=\"application\/ld+json\" class=\"yoast-schema-graph\">{\"@context\":\"https:\\\/\\\/schema.org\",\"@graph\":[{\"@type\":\"WebPage\",\"@id\":\"https:\\\/\\\/nb-bijoux.fr\\\/?product=boucles-doreilles-nefertari\",\"url\":\"https:\\\/\\\/nb-bijoux.fr\\\/?product=boucles-doreilles-nefertari\",\"name\":\"Boucles d'oreilles N\u00e9fertari - Najette Bordji, cr\u00e9atrice de bijoux artisan d&#039;art\",\"isPartOf\":{\"@id\":\"https:\\\/\\\/nb-bijoux.fr\\\/#website\"},\"primaryImageOfPage\":{\"@id\":\"https:\\\/\\\/nb-bijoux.fr\\\/?product=boucles-doreilles-nefertari#primaryimage\"},\"image\":{\"@id\":\"https:\\\/\\\/nb-bijoux.fr\\\/?product=boucles-doreilles-nefertari#primaryimage\"},\"thumbnailUrl\":\"https:\\\/\\\/nb-bijoux.fr\\\/wp-content\\\/uploads\\\/2024\\\/06\\\/EDB6729-R-1500px.jpg\",\"datePublished\":\"2024-07-17T18:05:48+00:00\",\"dateModified\":\"2024-07-17T18:05:49+00:00\",\"description\":\"Ces boucles d'oreilles en laiton dor\u00e9 \u00e0 l'or fin et quartz fum\u00e9 sign\u00e9es par Najette Bordji sont inspir\u00e9es par les bijoux de l'Egypte ancienne.\",\"breadcrumb\":{\"@id\":\"https:\\\/\\\/nb-bijoux.fr\\\/?product=boucles-doreilles-nefertari#breadcrumb\"},\"inLanguage\":\"fr-FR\",\"potentialAction\":[{\"@type\":\"ReadAction\",\"target\":[\"https:\\\/\\\/nb-bijoux.fr\\\/?product=boucles-doreilles-nefertari\"]}]},{\"@type\":\"ImageObject\",\"inLanguage\":\"fr-FR\",\"@id\":\"https:\\\/\\\/nb-bijoux.fr\\\/?product=boucles-doreilles-nefertari#primaryimage\",\"url\":\"https:\\\/\\\/nb-bijoux.fr\\\/wp-content\\\/uploads\\\/2024\\\/06\\\/EDB6729-R-1500px.jpg\",\"contentUrl\":\"https:\\\/\\\/nb-bijoux.fr\\\/wp-content\\\/uploads\\\/2024\\\/06\\\/EDB6729-R-1500px.jpg\",\"width\":1442,\"height\":1500},{\"@type\":\"BreadcrumbList\",\"@id\":\"https:\\\/\\\/nb-bijoux.fr\\\/?product=boucles-doreilles-nefertari#breadcrumb\",\"itemListElement\":[{\"@type\":\"ListItem\",\"position\":1,\"name\":\"Accueil\",\"item\":\"https:\\\/\\\/nb-bijoux.fr\\\/\"},{\"@type\":\"ListItem\",\"position\":2,\"name\":\"Collections\",\"item\":\"https:\\\/\\\/nb-bijoux.fr\\\/?page_id=4339\"},{\"@type\":\"ListItem\",\"position\":3,\"name\":\"Boucles d&rsquo;oreilles N\u00e9fertari\"}]},{\"@type\":\"WebSite\",\"@id\":\"https:\\\/\\\/nb-bijoux.fr\\\/#website\",\"url\":\"https:\\\/\\\/nb-bijoux.fr\\\/\",\"name\":\"nb-bijoux\",\"description\":\"La boutique de Najette Bordji, bijoux d&#039;art et Haute-Fantaisie\",\"publisher\":{\"@id\":\"https:\\\/\\\/nb-bijoux.fr\\\/#organization\"},\"potentialAction\":[{\"@type\":\"SearchAction\",\"target\":{\"@type\":\"EntryPoint\",\"urlTemplate\":\"https:\\\/\\\/nb-bijoux.fr\\\/?s={search_term_string}\"},\"query-input\":{\"@type\":\"PropertyValueSpecification\",\"valueRequired\":true,\"valueName\":\"search_term_string\"}}],\"inLanguage\":\"fr-FR\"},{\"@type\":\"Organization\",\"@id\":\"https:\\\/\\\/nb-bijoux.fr\\\/#organization\",\"name\":\"Boutique de Najette Bordji, cr\u00e9atrice de bijoux artisan d'Art\",\"url\":\"https:\\\/\\\/nb-bijoux.fr\\\/\",\"logo\":{\"@type\":\"ImageObject\",\"inLanguage\":\"fr-FR\",\"@id\":\"https:\\\/\\\/nb-bijoux.fr\\\/#\\\/schema\\\/logo\\\/image\\\/\",\"url\":\"https:\\\/\\\/nb-bijoux.fr\\\/wp-content\\\/uploads\\\/2023\\\/08\\\/cropped-cropped-cropped-logo.png\",\"contentUrl\":\"https:\\\/\\\/nb-bijoux.fr\\\/wp-content\\\/uploads\\\/2023\\\/08\\\/cropped-cropped-cropped-logo.png\",\"width\":400,\"height\":60,\"caption\":\"Boutique de Najette Bordji, cr\u00e9atrice de bijoux artisan d'Art\"},\"image\":{\"@id\":\"https:\\\/\\\/nb-bijoux.fr\\\/#\\\/schema\\\/logo\\\/image\\\/\"},\"sameAs\":[\"https:\\\/\\\/www.facebook.com\\\/najette.bordjibijoux\",\"https:\\\/\\\/www.instagram.com\\\/najettebordji\\\/\"]}]}<\/script>\n<!-- \/ Yoast SEO plugin. -->","yoast_head_json":{"title":"Boucles d'oreilles N\u00e9fertari - Najette Bordji, cr\u00e9atrice de bijoux artisan d&#039;art","description":"Ces boucles d'oreilles en laiton dor\u00e9 \u00e0 l'or fin et quartz fum\u00e9 sign\u00e9es par Najette Bordji sont inspir\u00e9es par les bijoux de l'Egypte ancienne.","robots":{"index":"index","follow":"follow","max-snippet":"max-snippet:-1","max-image-preview":"max-image-preview:large","max-video-preview":"max-video-preview:-1"},"canonical":"https:\/\/nb-bijoux.fr\/?product=boucles-doreilles-nefertari","og_locale":"fr_FR","og_type":"article","og_title":"Boucles d'oreilles N\u00e9fertari - Najette Bordji, cr\u00e9atrice de bijoux artisan d&#039;art","og_description":"Ces boucles d'oreilles en laiton dor\u00e9 \u00e0 l'or fin et quartz fum\u00e9 sign\u00e9es par Najette Bordji sont inspir\u00e9es par les bijoux de l'Egypte ancienne.","og_url":"https:\/\/nb-bijoux.fr\/?product=boucles-doreilles-nefertari","og_site_name":"Najette Bordji, cr\u00e9atrice de bijoux artisan d&#039;art","article_publisher":"https:\/\/www.facebook.com\/najette.bordjibijoux","article_modified_time":"2024-07-17T18:05:49+00:00","og_image":[{"width":1442,"height":1500,"url":"https:\/\/nb-bijoux.fr\/wp-content\/uploads\/2024\/06\/EDB6729-R-1500px.jpg","type":"image\/jpeg"}],"twitter_card":"summary_large_image","twitter_misc":{"Dur\u00e9e de lecture estim\u00e9e":"1 minute"},"schema":{"@context":"https:\/\/schema.org","@graph":[{"@type":"WebPage","@id":"https:\/\/nb-bijoux.fr\/?product=boucles-doreilles-nefertari","url":"https:\/\/nb-bijoux.fr\/?product=boucles-doreilles-nefertari","name":"Boucles d'oreilles N\u00e9fertari - Najette Bordji, cr\u00e9atrice de bijoux artisan d&#039;art","isPartOf":{"@id":"https:\/\/nb-bijoux.fr\/#website"},"primaryImageOfPage":{"@id":"https:\/\/nb-bijoux.fr\/?product=boucles-doreilles-nefertari#primaryimage"},"image":{"@id":"https:\/\/nb-bijoux.fr\/?product=boucles-doreilles-nefertari#primaryimage"},"thumbnailUrl":"https:\/\/nb-bijoux.fr\/wp-content\/uploads\/2024\/06\/EDB6729-R-1500px.jpg","datePublished":"2024-07-17T18:05:48+00:00","dateModified":"2024-07-17T18:05:49+00:00","description":"Ces boucles d'oreilles en laiton dor\u00e9 \u00e0 l'or fin et quartz fum\u00e9 sign\u00e9es par Najette Bordji sont inspir\u00e9es par les bijoux de l'Egypte ancienne.","breadcrumb":{"@id":"https:\/\/nb-bijoux.fr\/?product=boucles-doreilles-nefertari#breadcrumb"},"inLanguage":"fr-FR","potentialAction":[{"@type":"ReadAction","target":["https:\/\/nb-bijoux.fr\/?product=boucles-doreilles-nefertari"]}]},{"@type":"ImageObject","inLanguage":"fr-FR","@id":"https:\/\/nb-bijoux.fr\/?product=boucles-doreilles-nefertari#primaryimage","url":"https:\/\/nb-bijoux.fr\/wp-content\/uploads\/2024\/06\/EDB6729-R-1500px.jpg","contentUrl":"https:\/\/nb-bijoux.fr\/wp-content\/uploads\/2024\/06\/EDB6729-R-1500px.jpg","width":1442,"height":1500},{"@type":"BreadcrumbList","@id":"https:\/\/nb-bijoux.fr\/?product=boucles-doreilles-nefertari#breadcrumb","itemListElement":[{"@type":"ListItem","position":1,"name":"Accueil","item":"https:\/\/nb-bijoux.fr\/"},{"@type":"ListItem","position":2,"name":"Collections","item":"https:\/\/nb-bijoux.fr\/?page_id=4339"},{"@type":"ListItem","position":3,"name":"Boucles d&rsquo;oreilles N\u00e9fertari"}]},{"@type":"WebSite","@id":"https:\/\/nb-bijoux.fr\/#website","url":"https:\/\/nb-bijoux.fr\/","name":"nb-bijoux","description":"La boutique de Najette Bordji, bijoux d&#039;art et Haute-Fantaisie","publisher":{"@id":"https:\/\/nb-bijoux.fr\/#organization"},"potentialAction":[{"@type":"SearchAction","target":{"@type":"EntryPoint","urlTemplate":"https:\/\/nb-bijoux.fr\/?s={search_term_string}"},"query-input":{"@type":"PropertyValueSpecification","valueRequired":true,"valueName":"search_term_string"}}],"inLanguage":"fr-FR"},{"@type":"Organization","@id":"https:\/\/nb-bijoux.fr\/#organization","name":"Boutique de Najette Bordji, cr\u00e9atrice de bijoux artisan d'Art","url":"https:\/\/nb-bijoux.fr\/","logo":{"@type":"ImageObject","inLanguage":"fr-FR","@id":"https:\/\/nb-bijoux.fr\/#\/schema\/logo\/image\/","url":"https:\/\/nb-bijoux.fr\/wp-content\/uploads\/2023\/08\/cropped-cropped-cropped-logo.png","contentUrl":"https:\/\/nb-bijoux.fr\/wp-content\/uploads\/2023\/08\/cropped-cropped-cropped-logo.png","width":400,"height":60,"caption":"Boutique de Najette Bordji, cr\u00e9atrice de bijoux artisan d'Art"},"image":{"@id":"https:\/\/nb-bijoux.fr\/#\/schema\/logo\/image\/"},"sameAs":["https:\/\/www.facebook.com\/najette.bordjibijoux","https:\/\/www.instagram.com\/najettebordji\/"]}]}},"_links":{"self":[{"href":"https:\/\/nb-bijoux.fr\/index.php?rest_route=\/wp\/v2\/product\/991630","targetHints":{"allow":["GET"]}}],"collection":[{"href":"https:\/\/nb-bijoux.fr\/index.php?rest_route=\/wp\/v2\/product"}],"about":[{"href":"https:\/\/nb-bijoux.fr\/index.php?rest_route=\/wp\/v2\/types\/product"}],"replies":[{"embeddable":true,"href":"https:\/\/nb-bijoux.fr\/index.php?rest_route=%2Fwp%2Fv2%2Fcomments&post=991630"}],"version-history":[{"count":0,"href":"https:\/\/nb-bijoux.fr\/index.php?rest_route=\/wp\/v2\/product\/991630\/revisions"}],"wp:featuredmedia":[{"embeddable":true,"href":"https:\/\/nb-bijoux.fr\/index.php?rest_route=\/wp\/v2\/media\/991501"}],"wp:attachment":[{"href":"https:\/\/nb-bijoux.fr\/index.php?rest_route=%2Fwp%2Fv2%2Fmedia&parent=991630"}],"wp:term":[{"taxonomy":"product_brand","embeddable":true,"href":"https:\/\/nb-bijoux.fr\/index.php?rest_route=%2Fwp%2Fv2%2Fproduct_brand&post=991630"},{"taxonomy":"product_cat","embeddable":true,"href":"https:\/\/nb-bijoux.fr\/index.php?rest_route=%2Fwp%2Fv2%2Fproduct_cat&post=991630"},{"taxonomy":"product_tag","embeddable":true,"href":"https:\/\/nb-bijoux.fr\/index.php?rest_route=%2Fwp%2Fv2%2Fproduct_tag&post=991630"}],"curies":[{"name":"wp","href":"https:\/\/api.w.org\/{rel}","templated":true}]}}