{"id":991615,"date":"2024-07-17T16:04:54","date_gmt":"2024-07-17T14:04:54","guid":{"rendered":"https:\/\/nb-bijoux.fr\/?post_type=product&#038;p=991615"},"modified":"2024-11-23T08:30:59","modified_gmt":"2024-11-23T07:30:59","slug":"boucles-doreilles-barbade","status":"publish","type":"product","link":"https:\/\/nb-bijoux.fr\/?product=boucles-doreilles-barbade","title":{"rendered":"Boucles d&rsquo;oreilles Calypso GM"},"content":{"rendered":"<div class=\"vgblk-rw-wrapper limit-wrapper\">Pour conserver l&rsquo;\u00e9clat de vos boucles d&rsquo;oreilles, rangez les dans leur pochon lorsque vous ne les portez pas et \u00e9vitez tout contact avec l&rsquo;humidit\u00e9 et les produits cosm\u00e9tiques.<\/div>\n<p><!-- .vgblk-rw-wrapper --><\/p>\n","protected":false},"excerpt":{"rendered":"<p>Boucles d&rsquo;oreilles dormeuses orn\u00e9es de grenats et de diopsides verts facett\u00e9s. Ces pierres ont \u00e9t\u00e9 soigneusement s\u00e9lectionn\u00e9es pour la profondeur de leur couleur afin de vous apporter une touche \u00e9l\u00e9gante d&rsquo;exotisme.<\/p>\n","protected":false},"featured_media":991533,"comment_status":"open","ping_status":"closed","template":"","meta":[],"product_brand":[],"product_cat":[24],"product_tag":[243,262,103,264,124,263],"class_list":{"0":"post-991615","1":"product","2":"type-product","3":"status-publish","4":"has-post-thumbnail","6":"product_cat-boucles-oreilles","7":"product_tag-bijoux-de-createur","8":"product_tag-bijoux-en-laiton-dore-a-lor-fin","9":"product_tag-boucles-doreilles","10":"product_tag-diopsides-verts","11":"product_tag-dormeuses","12":"product_tag-grenats","14":"first","15":"instock","16":"shipping-taxable","17":"purchasable","18":"product-type-simple"},"yoast_head":"<!-- This site is optimized with the Yoast SEO plugin v27.5 - https:\/\/yoast.com\/product\/yoast-seo-wordpress\/ -->\n<title>Boucles d&#039;oreilles Calypso GM - Najette Bordji, cr\u00e9atrice de bijoux artisan d&#039;art<\/title>\n<meta name=\"robots\" content=\"index, follow, max-snippet:-1, max-image-preview:large, max-video-preview:-1\" \/>\n<link rel=\"canonical\" href=\"https:\/\/nb-bijoux.fr\/?product=boucles-doreilles-barbade\" \/>\n<meta property=\"og:locale\" content=\"fr_FR\" \/>\n<meta property=\"og:type\" content=\"article\" \/>\n<meta property=\"og:title\" content=\"Boucles d&#039;oreilles Calypso GM - Najette Bordji, cr\u00e9atrice de bijoux artisan d&#039;art\" \/>\n<meta property=\"og:description\" content=\"Boucles d&#039;oreilles dormeuses orn\u00e9es de grenats et de diopsides verts facett\u00e9s. Ces pierres ont \u00e9t\u00e9 soigneusement s\u00e9lectionn\u00e9es pour la profondeur de leur couleur afin de vous apporter une touche \u00e9l\u00e9gante d&#039;exotisme.\" \/>\n<meta property=\"og:url\" content=\"https:\/\/nb-bijoux.fr\/?product=boucles-doreilles-barbade\" \/>\n<meta property=\"og:site_name\" content=\"Najette Bordji, cr\u00e9atrice de bijoux artisan d&#039;art\" \/>\n<meta property=\"article:publisher\" content=\"https:\/\/www.facebook.com\/najette.bordjibijoux\" \/>\n<meta property=\"article:modified_time\" content=\"2024-11-23T07:30:59+00:00\" \/>\n<meta property=\"og:image\" content=\"https:\/\/nb-bijoux.fr\/wp-content\/uploads\/2024\/06\/EDB6888-R-web-1.jpg\" \/>\n\t<meta property=\"og:image:width\" content=\"1500\" \/>\n\t<meta property=\"og:image:height\" content=\"1500\" \/>\n\t<meta property=\"og:image:type\" content=\"image\/jpeg\" \/>\n<meta name=\"twitter:card\" content=\"summary_large_image\" \/>\n<meta name=\"twitter:label1\" content=\"Dur\u00e9e de lecture estim\u00e9e\" \/>\n\t<meta name=\"twitter:data1\" content=\"1 minute\" \/>\n<script type=\"application\/ld+json\" class=\"yoast-schema-graph\">{\"@context\":\"https:\\\/\\\/schema.org\",\"@graph\":[{\"@type\":\"WebPage\",\"@id\":\"https:\\\/\\\/nb-bijoux.fr\\\/?product=boucles-doreilles-barbade\",\"url\":\"https:\\\/\\\/nb-bijoux.fr\\\/?product=boucles-doreilles-barbade\",\"name\":\"Boucles d'oreilles Calypso GM - Najette Bordji, cr\u00e9atrice de bijoux artisan d&#039;art\",\"isPartOf\":{\"@id\":\"https:\\\/\\\/nb-bijoux.fr\\\/#website\"},\"primaryImageOfPage\":{\"@id\":\"https:\\\/\\\/nb-bijoux.fr\\\/?product=boucles-doreilles-barbade#primaryimage\"},\"image\":{\"@id\":\"https:\\\/\\\/nb-bijoux.fr\\\/?product=boucles-doreilles-barbade#primaryimage\"},\"thumbnailUrl\":\"https:\\\/\\\/nb-bijoux.fr\\\/wp-content\\\/uploads\\\/2024\\\/06\\\/EDB6888-R-web-1.jpg\",\"datePublished\":\"2024-07-17T14:04:54+00:00\",\"dateModified\":\"2024-11-23T07:30:59+00:00\",\"breadcrumb\":{\"@id\":\"https:\\\/\\\/nb-bijoux.fr\\\/?product=boucles-doreilles-barbade#breadcrumb\"},\"inLanguage\":\"fr-FR\",\"potentialAction\":[{\"@type\":\"ReadAction\",\"target\":[\"https:\\\/\\\/nb-bijoux.fr\\\/?product=boucles-doreilles-barbade\"]}]},{\"@type\":\"ImageObject\",\"inLanguage\":\"fr-FR\",\"@id\":\"https:\\\/\\\/nb-bijoux.fr\\\/?product=boucles-doreilles-barbade#primaryimage\",\"url\":\"https:\\\/\\\/nb-bijoux.fr\\\/wp-content\\\/uploads\\\/2024\\\/06\\\/EDB6888-R-web-1.jpg\",\"contentUrl\":\"https:\\\/\\\/nb-bijoux.fr\\\/wp-content\\\/uploads\\\/2024\\\/06\\\/EDB6888-R-web-1.jpg\",\"width\":1500,\"height\":1500},{\"@type\":\"BreadcrumbList\",\"@id\":\"https:\\\/\\\/nb-bijoux.fr\\\/?product=boucles-doreilles-barbade#breadcrumb\",\"itemListElement\":[{\"@type\":\"ListItem\",\"position\":1,\"name\":\"Accueil\",\"item\":\"https:\\\/\\\/nb-bijoux.fr\\\/\"},{\"@type\":\"ListItem\",\"position\":2,\"name\":\"Collections\",\"item\":\"https:\\\/\\\/nb-bijoux.fr\\\/?page_id=4339\"},{\"@type\":\"ListItem\",\"position\":3,\"name\":\"Boucles d&rsquo;oreilles Calypso GM\"}]},{\"@type\":\"WebSite\",\"@id\":\"https:\\\/\\\/nb-bijoux.fr\\\/#website\",\"url\":\"https:\\\/\\\/nb-bijoux.fr\\\/\",\"name\":\"nb-bijoux\",\"description\":\"La boutique de Najette Bordji, bijoux d&#039;art et Haute-Fantaisie\",\"publisher\":{\"@id\":\"https:\\\/\\\/nb-bijoux.fr\\\/#organization\"},\"potentialAction\":[{\"@type\":\"SearchAction\",\"target\":{\"@type\":\"EntryPoint\",\"urlTemplate\":\"https:\\\/\\\/nb-bijoux.fr\\\/?s={search_term_string}\"},\"query-input\":{\"@type\":\"PropertyValueSpecification\",\"valueRequired\":true,\"valueName\":\"search_term_string\"}}],\"inLanguage\":\"fr-FR\"},{\"@type\":\"Organization\",\"@id\":\"https:\\\/\\\/nb-bijoux.fr\\\/#organization\",\"name\":\"Boutique de Najette Bordji, cr\u00e9atrice de bijoux artisan d'Art\",\"url\":\"https:\\\/\\\/nb-bijoux.fr\\\/\",\"logo\":{\"@type\":\"ImageObject\",\"inLanguage\":\"fr-FR\",\"@id\":\"https:\\\/\\\/nb-bijoux.fr\\\/#\\\/schema\\\/logo\\\/image\\\/\",\"url\":\"https:\\\/\\\/nb-bijoux.fr\\\/wp-content\\\/uploads\\\/2023\\\/08\\\/cropped-cropped-cropped-logo.png\",\"contentUrl\":\"https:\\\/\\\/nb-bijoux.fr\\\/wp-content\\\/uploads\\\/2023\\\/08\\\/cropped-cropped-cropped-logo.png\",\"width\":400,\"height\":60,\"caption\":\"Boutique de Najette Bordji, cr\u00e9atrice de bijoux artisan d'Art\"},\"image\":{\"@id\":\"https:\\\/\\\/nb-bijoux.fr\\\/#\\\/schema\\\/logo\\\/image\\\/\"},\"sameAs\":[\"https:\\\/\\\/www.facebook.com\\\/najette.bordjibijoux\",\"https:\\\/\\\/www.instagram.com\\\/najettebordji\\\/\"]}]}<\/script>\n<!-- \/ Yoast SEO plugin. -->","yoast_head_json":{"title":"Boucles d'oreilles Calypso GM - Najette Bordji, cr\u00e9atrice de bijoux artisan d&#039;art","robots":{"index":"index","follow":"follow","max-snippet":"max-snippet:-1","max-image-preview":"max-image-preview:large","max-video-preview":"max-video-preview:-1"},"canonical":"https:\/\/nb-bijoux.fr\/?product=boucles-doreilles-barbade","og_locale":"fr_FR","og_type":"article","og_title":"Boucles d'oreilles Calypso GM - Najette Bordji, cr\u00e9atrice de bijoux artisan d&#039;art","og_description":"Boucles d'oreilles dormeuses orn\u00e9es de grenats et de diopsides verts facett\u00e9s. Ces pierres ont \u00e9t\u00e9 soigneusement s\u00e9lectionn\u00e9es pour la profondeur de leur couleur afin de vous apporter une touche \u00e9l\u00e9gante d'exotisme.","og_url":"https:\/\/nb-bijoux.fr\/?product=boucles-doreilles-barbade","og_site_name":"Najette Bordji, cr\u00e9atrice de bijoux artisan d&#039;art","article_publisher":"https:\/\/www.facebook.com\/najette.bordjibijoux","article_modified_time":"2024-11-23T07:30:59+00:00","og_image":[{"width":1500,"height":1500,"url":"https:\/\/nb-bijoux.fr\/wp-content\/uploads\/2024\/06\/EDB6888-R-web-1.jpg","type":"image\/jpeg"}],"twitter_card":"summary_large_image","twitter_misc":{"Dur\u00e9e de lecture estim\u00e9e":"1 minute"},"schema":{"@context":"https:\/\/schema.org","@graph":[{"@type":"WebPage","@id":"https:\/\/nb-bijoux.fr\/?product=boucles-doreilles-barbade","url":"https:\/\/nb-bijoux.fr\/?product=boucles-doreilles-barbade","name":"Boucles d'oreilles Calypso GM - Najette Bordji, cr\u00e9atrice de bijoux artisan d&#039;art","isPartOf":{"@id":"https:\/\/nb-bijoux.fr\/#website"},"primaryImageOfPage":{"@id":"https:\/\/nb-bijoux.fr\/?product=boucles-doreilles-barbade#primaryimage"},"image":{"@id":"https:\/\/nb-bijoux.fr\/?product=boucles-doreilles-barbade#primaryimage"},"thumbnailUrl":"https:\/\/nb-bijoux.fr\/wp-content\/uploads\/2024\/06\/EDB6888-R-web-1.jpg","datePublished":"2024-07-17T14:04:54+00:00","dateModified":"2024-11-23T07:30:59+00:00","breadcrumb":{"@id":"https:\/\/nb-bijoux.fr\/?product=boucles-doreilles-barbade#breadcrumb"},"inLanguage":"fr-FR","potentialAction":[{"@type":"ReadAction","target":["https:\/\/nb-bijoux.fr\/?product=boucles-doreilles-barbade"]}]},{"@type":"ImageObject","inLanguage":"fr-FR","@id":"https:\/\/nb-bijoux.fr\/?product=boucles-doreilles-barbade#primaryimage","url":"https:\/\/nb-bijoux.fr\/wp-content\/uploads\/2024\/06\/EDB6888-R-web-1.jpg","contentUrl":"https:\/\/nb-bijoux.fr\/wp-content\/uploads\/2024\/06\/EDB6888-R-web-1.jpg","width":1500,"height":1500},{"@type":"BreadcrumbList","@id":"https:\/\/nb-bijoux.fr\/?product=boucles-doreilles-barbade#breadcrumb","itemListElement":[{"@type":"ListItem","position":1,"name":"Accueil","item":"https:\/\/nb-bijoux.fr\/"},{"@type":"ListItem","position":2,"name":"Collections","item":"https:\/\/nb-bijoux.fr\/?page_id=4339"},{"@type":"ListItem","position":3,"name":"Boucles d&rsquo;oreilles Calypso GM"}]},{"@type":"WebSite","@id":"https:\/\/nb-bijoux.fr\/#website","url":"https:\/\/nb-bijoux.fr\/","name":"nb-bijoux","description":"La boutique de Najette Bordji, bijoux d&#039;art et Haute-Fantaisie","publisher":{"@id":"https:\/\/nb-bijoux.fr\/#organization"},"potentialAction":[{"@type":"SearchAction","target":{"@type":"EntryPoint","urlTemplate":"https:\/\/nb-bijoux.fr\/?s={search_term_string}"},"query-input":{"@type":"PropertyValueSpecification","valueRequired":true,"valueName":"search_term_string"}}],"inLanguage":"fr-FR"},{"@type":"Organization","@id":"https:\/\/nb-bijoux.fr\/#organization","name":"Boutique de Najette Bordji, cr\u00e9atrice de bijoux artisan d'Art","url":"https:\/\/nb-bijoux.fr\/","logo":{"@type":"ImageObject","inLanguage":"fr-FR","@id":"https:\/\/nb-bijoux.fr\/#\/schema\/logo\/image\/","url":"https:\/\/nb-bijoux.fr\/wp-content\/uploads\/2023\/08\/cropped-cropped-cropped-logo.png","contentUrl":"https:\/\/nb-bijoux.fr\/wp-content\/uploads\/2023\/08\/cropped-cropped-cropped-logo.png","width":400,"height":60,"caption":"Boutique de Najette Bordji, cr\u00e9atrice de bijoux artisan d'Art"},"image":{"@id":"https:\/\/nb-bijoux.fr\/#\/schema\/logo\/image\/"},"sameAs":["https:\/\/www.facebook.com\/najette.bordjibijoux","https:\/\/www.instagram.com\/najettebordji\/"]}]}},"_links":{"self":[{"href":"https:\/\/nb-bijoux.fr\/index.php?rest_route=\/wp\/v2\/product\/991615","targetHints":{"allow":["GET"]}}],"collection":[{"href":"https:\/\/nb-bijoux.fr\/index.php?rest_route=\/wp\/v2\/product"}],"about":[{"href":"https:\/\/nb-bijoux.fr\/index.php?rest_route=\/wp\/v2\/types\/product"}],"replies":[{"embeddable":true,"href":"https:\/\/nb-bijoux.fr\/index.php?rest_route=%2Fwp%2Fv2%2Fcomments&post=991615"}],"version-history":[{"count":0,"href":"https:\/\/nb-bijoux.fr\/index.php?rest_route=\/wp\/v2\/product\/991615\/revisions"}],"wp:featuredmedia":[{"embeddable":true,"href":"https:\/\/nb-bijoux.fr\/index.php?rest_route=\/wp\/v2\/media\/991533"}],"wp:attachment":[{"href":"https:\/\/nb-bijoux.fr\/index.php?rest_route=%2Fwp%2Fv2%2Fmedia&parent=991615"}],"wp:term":[{"taxonomy":"product_brand","embeddable":true,"href":"https:\/\/nb-bijoux.fr\/index.php?rest_route=%2Fwp%2Fv2%2Fproduct_brand&post=991615"},{"taxonomy":"product_cat","embeddable":true,"href":"https:\/\/nb-bijoux.fr\/index.php?rest_route=%2Fwp%2Fv2%2Fproduct_cat&post=991615"},{"taxonomy":"product_tag","embeddable":true,"href":"https:\/\/nb-bijoux.fr\/index.php?rest_route=%2Fwp%2Fv2%2Fproduct_tag&post=991615"}],"curies":[{"name":"wp","href":"https:\/\/api.w.org\/{rel}","templated":true}]}}