{"id":990534,"date":"2023-08-24T16:26:32","date_gmt":"2023-08-24T14:26:32","guid":{"rendered":"https:\/\/nb-bijoux.fr\/?post_type=product&#038;p=990534"},"modified":"2025-12-07T16:42:48","modified_gmt":"2025-12-07T15:42:48","slug":"boucles-doreilles-neree-2","status":"publish","type":"product","link":"https:\/\/nb-bijoux.fr\/?product=boucles-doreilles-neree-2","title":{"rendered":"Boucles d&rsquo;oreilles N\u00e9r\u00e9e"},"content":{"rendered":"<div class=\"vgblk-rw-wrapper limit-wrapper\">Disponibles en 2 coloris<\/p>\n<p>Livr\u00e9es avec une paire de poussettes suppl\u00e9mentaire en silicone.<\/p>\n<p>Pour assurer la long\u00e9vit\u00e9 de vos boucles d&rsquo;oreilles, rangez-les dans un endroit propre et sec lorsque vous ne les portez pas et \u00e9vitez tout contact avec le parfum ou autre produit cosm\u00e9tique.<\/p>\n<p>&nbsp;<\/p><\/div>\n<p><!-- .vgblk-rw-wrapper --><\/p>\n","protected":false},"excerpt":{"rendered":"<p>Clous d&rsquo;oreilles compos\u00e9s d&rsquo;un oursin et d&rsquo;un nautile en laiton dor\u00e9 \u00e0 l&rsquo;or fin retenant une breloque \u00e9maill\u00e9e.<\/p>\n<p>L&rsquo;oursin, symbole de l&rsquo;oc\u00e9an, est l&rsquo;\u00e9toile de cette cr\u00e9ation. Les intercalaires en forme de nautile \u00e9voquent les coquillages nacr\u00e9s que l&rsquo;on trouve au fond de l&rsquo;oc\u00e9an. La breloque \u00e9maill\u00e9es nacr\u00e9e ajoute une touche de douceur et d&rsquo;\u00e9clat.<\/p>\n<p>&nbsp;<\/p>\n","protected":false},"featured_media":991628,"comment_status":"open","ping_status":"closed","template":"","meta":[],"product_brand":[],"product_cat":[24],"product_tag":[103,160,31,161,144],"class_list":{"0":"post-990534","1":"product","2":"type-product","3":"status-publish","4":"has-post-thumbnail","6":"product_cat-boucles-oreilles","7":"product_tag-boucles-doreilles","8":"product_tag-coquillage","9":"product_tag-dore","10":"product_tag-email","11":"product_tag-karukera","13":"first","14":"instock","15":"shipping-taxable","16":"purchasable","17":"product-type-variable","18":"has-default-attributes"},"yoast_head":"<!-- This site is optimized with the Yoast SEO plugin v27.5 - https:\/\/yoast.com\/product\/yoast-seo-wordpress\/ -->\n<title>Boucles d&#039;oreilles N\u00e9r\u00e9e - Najette Bordji, cr\u00e9atrice de bijoux artisan d&#039;art<\/title>\n<meta name=\"description\" content=\"Cette paire de boucles d&#039;oreilles au nom de N\u00e9r\u00e9e, dieu grec de la Mer p\u00e8re des N\u00e9r\u00e9\u00efdes, est une ode aux merveilles de l&#039;Oc\u00e9an et de ses cr\u00e9atures.\" \/>\n<meta name=\"robots\" content=\"index, follow, max-snippet:-1, max-image-preview:large, max-video-preview:-1\" \/>\n<link rel=\"canonical\" href=\"https:\/\/nb-bijoux.fr\/?product=boucles-doreilles-neree-2\" \/>\n<meta property=\"og:locale\" content=\"fr_FR\" \/>\n<meta property=\"og:type\" content=\"article\" \/>\n<meta property=\"og:title\" content=\"Boucles d&#039;oreilles N\u00e9r\u00e9e - Najette Bordji, cr\u00e9atrice de bijoux artisan d&#039;art\" \/>\n<meta property=\"og:description\" content=\"Cette paire de boucles d&#039;oreilles au nom de N\u00e9r\u00e9e, dieu grec de la Mer p\u00e8re des N\u00e9r\u00e9\u00efdes, est une ode aux merveilles de l&#039;Oc\u00e9an et de ses cr\u00e9atures.\" \/>\n<meta property=\"og:url\" content=\"https:\/\/nb-bijoux.fr\/?product=boucles-doreilles-neree-2\" \/>\n<meta property=\"og:site_name\" content=\"Najette Bordji, cr\u00e9atrice de bijoux artisan d&#039;art\" \/>\n<meta property=\"article:publisher\" content=\"https:\/\/www.facebook.com\/najette.bordjibijoux\" \/>\n<meta property=\"article:modified_time\" content=\"2025-12-07T15:42:48+00:00\" \/>\n<meta property=\"og:image\" content=\"https:\/\/nb-bijoux.fr\/wp-content\/uploads\/2024\/07\/BO-Oursin-Corail.jpg\" \/>\n\t<meta property=\"og:image:width\" content=\"1500\" \/>\n\t<meta property=\"og:image:height\" content=\"1500\" \/>\n\t<meta property=\"og:image:type\" content=\"image\/jpeg\" \/>\n<meta name=\"twitter:card\" content=\"summary_large_image\" \/>\n<meta name=\"twitter:label1\" content=\"Dur\u00e9e de lecture estim\u00e9e\" \/>\n\t<meta name=\"twitter:data1\" content=\"1 minute\" \/>\n<script type=\"application\/ld+json\" class=\"yoast-schema-graph\">{\"@context\":\"https:\\\/\\\/schema.org\",\"@graph\":[{\"@type\":\"WebPage\",\"@id\":\"https:\\\/\\\/nb-bijoux.fr\\\/?product=boucles-doreilles-neree-2\",\"url\":\"https:\\\/\\\/nb-bijoux.fr\\\/?product=boucles-doreilles-neree-2\",\"name\":\"Boucles d'oreilles N\u00e9r\u00e9e - Najette Bordji, cr\u00e9atrice de bijoux artisan d&#039;art\",\"isPartOf\":{\"@id\":\"https:\\\/\\\/nb-bijoux.fr\\\/#website\"},\"primaryImageOfPage\":{\"@id\":\"https:\\\/\\\/nb-bijoux.fr\\\/?product=boucles-doreilles-neree-2#primaryimage\"},\"image\":{\"@id\":\"https:\\\/\\\/nb-bijoux.fr\\\/?product=boucles-doreilles-neree-2#primaryimage\"},\"thumbnailUrl\":\"https:\\\/\\\/nb-bijoux.fr\\\/wp-content\\\/uploads\\\/2024\\\/07\\\/BO-Oursin-Corail.jpg\",\"datePublished\":\"2023-08-24T14:26:32+00:00\",\"dateModified\":\"2025-12-07T15:42:48+00:00\",\"description\":\"Cette paire de boucles d'oreilles au nom de N\u00e9r\u00e9e, dieu grec de la Mer p\u00e8re des N\u00e9r\u00e9\u00efdes, est une ode aux merveilles de l'Oc\u00e9an et de ses cr\u00e9atures.\",\"breadcrumb\":{\"@id\":\"https:\\\/\\\/nb-bijoux.fr\\\/?product=boucles-doreilles-neree-2#breadcrumb\"},\"inLanguage\":\"fr-FR\",\"potentialAction\":[{\"@type\":\"ReadAction\",\"target\":[\"https:\\\/\\\/nb-bijoux.fr\\\/?product=boucles-doreilles-neree-2\"]}]},{\"@type\":\"ImageObject\",\"inLanguage\":\"fr-FR\",\"@id\":\"https:\\\/\\\/nb-bijoux.fr\\\/?product=boucles-doreilles-neree-2#primaryimage\",\"url\":\"https:\\\/\\\/nb-bijoux.fr\\\/wp-content\\\/uploads\\\/2024\\\/07\\\/BO-Oursin-Corail.jpg\",\"contentUrl\":\"https:\\\/\\\/nb-bijoux.fr\\\/wp-content\\\/uploads\\\/2024\\\/07\\\/BO-Oursin-Corail.jpg\",\"width\":1500,\"height\":1500},{\"@type\":\"BreadcrumbList\",\"@id\":\"https:\\\/\\\/nb-bijoux.fr\\\/?product=boucles-doreilles-neree-2#breadcrumb\",\"itemListElement\":[{\"@type\":\"ListItem\",\"position\":1,\"name\":\"Accueil\",\"item\":\"https:\\\/\\\/nb-bijoux.fr\\\/\"},{\"@type\":\"ListItem\",\"position\":2,\"name\":\"Collections\",\"item\":\"https:\\\/\\\/nb-bijoux.fr\\\/?page_id=4339\"},{\"@type\":\"ListItem\",\"position\":3,\"name\":\"Boucles d&rsquo;oreilles N\u00e9r\u00e9e\"}]},{\"@type\":\"WebSite\",\"@id\":\"https:\\\/\\\/nb-bijoux.fr\\\/#website\",\"url\":\"https:\\\/\\\/nb-bijoux.fr\\\/\",\"name\":\"nb-bijoux\",\"description\":\"La boutique de Najette Bordji, bijoux d&#039;art et Haute-Fantaisie\",\"publisher\":{\"@id\":\"https:\\\/\\\/nb-bijoux.fr\\\/#organization\"},\"potentialAction\":[{\"@type\":\"SearchAction\",\"target\":{\"@type\":\"EntryPoint\",\"urlTemplate\":\"https:\\\/\\\/nb-bijoux.fr\\\/?s={search_term_string}\"},\"query-input\":{\"@type\":\"PropertyValueSpecification\",\"valueRequired\":true,\"valueName\":\"search_term_string\"}}],\"inLanguage\":\"fr-FR\"},{\"@type\":\"Organization\",\"@id\":\"https:\\\/\\\/nb-bijoux.fr\\\/#organization\",\"name\":\"Boutique de Najette Bordji, cr\u00e9atrice de bijoux artisan d'Art\",\"url\":\"https:\\\/\\\/nb-bijoux.fr\\\/\",\"logo\":{\"@type\":\"ImageObject\",\"inLanguage\":\"fr-FR\",\"@id\":\"https:\\\/\\\/nb-bijoux.fr\\\/#\\\/schema\\\/logo\\\/image\\\/\",\"url\":\"https:\\\/\\\/nb-bijoux.fr\\\/wp-content\\\/uploads\\\/2023\\\/08\\\/cropped-cropped-cropped-logo.png\",\"contentUrl\":\"https:\\\/\\\/nb-bijoux.fr\\\/wp-content\\\/uploads\\\/2023\\\/08\\\/cropped-cropped-cropped-logo.png\",\"width\":400,\"height\":60,\"caption\":\"Boutique de Najette Bordji, cr\u00e9atrice de bijoux artisan d'Art\"},\"image\":{\"@id\":\"https:\\\/\\\/nb-bijoux.fr\\\/#\\\/schema\\\/logo\\\/image\\\/\"},\"sameAs\":[\"https:\\\/\\\/www.facebook.com\\\/najette.bordjibijoux\",\"https:\\\/\\\/www.instagram.com\\\/najettebordji\\\/\"]}]}<\/script>\n<!-- \/ Yoast SEO plugin. -->","yoast_head_json":{"title":"Boucles d'oreilles N\u00e9r\u00e9e - Najette Bordji, cr\u00e9atrice de bijoux artisan d&#039;art","description":"Cette paire de boucles d'oreilles au nom de N\u00e9r\u00e9e, dieu grec de la Mer p\u00e8re des N\u00e9r\u00e9\u00efdes, est une ode aux merveilles de l'Oc\u00e9an et de ses cr\u00e9atures.","robots":{"index":"index","follow":"follow","max-snippet":"max-snippet:-1","max-image-preview":"max-image-preview:large","max-video-preview":"max-video-preview:-1"},"canonical":"https:\/\/nb-bijoux.fr\/?product=boucles-doreilles-neree-2","og_locale":"fr_FR","og_type":"article","og_title":"Boucles d'oreilles N\u00e9r\u00e9e - Najette Bordji, cr\u00e9atrice de bijoux artisan d&#039;art","og_description":"Cette paire de boucles d'oreilles au nom de N\u00e9r\u00e9e, dieu grec de la Mer p\u00e8re des N\u00e9r\u00e9\u00efdes, est une ode aux merveilles de l'Oc\u00e9an et de ses cr\u00e9atures.","og_url":"https:\/\/nb-bijoux.fr\/?product=boucles-doreilles-neree-2","og_site_name":"Najette Bordji, cr\u00e9atrice de bijoux artisan d&#039;art","article_publisher":"https:\/\/www.facebook.com\/najette.bordjibijoux","article_modified_time":"2025-12-07T15:42:48+00:00","og_image":[{"width":1500,"height":1500,"url":"https:\/\/nb-bijoux.fr\/wp-content\/uploads\/2024\/07\/BO-Oursin-Corail.jpg","type":"image\/jpeg"}],"twitter_card":"summary_large_image","twitter_misc":{"Dur\u00e9e de lecture estim\u00e9e":"1 minute"},"schema":{"@context":"https:\/\/schema.org","@graph":[{"@type":"WebPage","@id":"https:\/\/nb-bijoux.fr\/?product=boucles-doreilles-neree-2","url":"https:\/\/nb-bijoux.fr\/?product=boucles-doreilles-neree-2","name":"Boucles d'oreilles N\u00e9r\u00e9e - Najette Bordji, cr\u00e9atrice de bijoux artisan d&#039;art","isPartOf":{"@id":"https:\/\/nb-bijoux.fr\/#website"},"primaryImageOfPage":{"@id":"https:\/\/nb-bijoux.fr\/?product=boucles-doreilles-neree-2#primaryimage"},"image":{"@id":"https:\/\/nb-bijoux.fr\/?product=boucles-doreilles-neree-2#primaryimage"},"thumbnailUrl":"https:\/\/nb-bijoux.fr\/wp-content\/uploads\/2024\/07\/BO-Oursin-Corail.jpg","datePublished":"2023-08-24T14:26:32+00:00","dateModified":"2025-12-07T15:42:48+00:00","description":"Cette paire de boucles d'oreilles au nom de N\u00e9r\u00e9e, dieu grec de la Mer p\u00e8re des N\u00e9r\u00e9\u00efdes, est une ode aux merveilles de l'Oc\u00e9an et de ses cr\u00e9atures.","breadcrumb":{"@id":"https:\/\/nb-bijoux.fr\/?product=boucles-doreilles-neree-2#breadcrumb"},"inLanguage":"fr-FR","potentialAction":[{"@type":"ReadAction","target":["https:\/\/nb-bijoux.fr\/?product=boucles-doreilles-neree-2"]}]},{"@type":"ImageObject","inLanguage":"fr-FR","@id":"https:\/\/nb-bijoux.fr\/?product=boucles-doreilles-neree-2#primaryimage","url":"https:\/\/nb-bijoux.fr\/wp-content\/uploads\/2024\/07\/BO-Oursin-Corail.jpg","contentUrl":"https:\/\/nb-bijoux.fr\/wp-content\/uploads\/2024\/07\/BO-Oursin-Corail.jpg","width":1500,"height":1500},{"@type":"BreadcrumbList","@id":"https:\/\/nb-bijoux.fr\/?product=boucles-doreilles-neree-2#breadcrumb","itemListElement":[{"@type":"ListItem","position":1,"name":"Accueil","item":"https:\/\/nb-bijoux.fr\/"},{"@type":"ListItem","position":2,"name":"Collections","item":"https:\/\/nb-bijoux.fr\/?page_id=4339"},{"@type":"ListItem","position":3,"name":"Boucles d&rsquo;oreilles N\u00e9r\u00e9e"}]},{"@type":"WebSite","@id":"https:\/\/nb-bijoux.fr\/#website","url":"https:\/\/nb-bijoux.fr\/","name":"nb-bijoux","description":"La boutique de Najette Bordji, bijoux d&#039;art et Haute-Fantaisie","publisher":{"@id":"https:\/\/nb-bijoux.fr\/#organization"},"potentialAction":[{"@type":"SearchAction","target":{"@type":"EntryPoint","urlTemplate":"https:\/\/nb-bijoux.fr\/?s={search_term_string}"},"query-input":{"@type":"PropertyValueSpecification","valueRequired":true,"valueName":"search_term_string"}}],"inLanguage":"fr-FR"},{"@type":"Organization","@id":"https:\/\/nb-bijoux.fr\/#organization","name":"Boutique de Najette Bordji, cr\u00e9atrice de bijoux artisan d'Art","url":"https:\/\/nb-bijoux.fr\/","logo":{"@type":"ImageObject","inLanguage":"fr-FR","@id":"https:\/\/nb-bijoux.fr\/#\/schema\/logo\/image\/","url":"https:\/\/nb-bijoux.fr\/wp-content\/uploads\/2023\/08\/cropped-cropped-cropped-logo.png","contentUrl":"https:\/\/nb-bijoux.fr\/wp-content\/uploads\/2023\/08\/cropped-cropped-cropped-logo.png","width":400,"height":60,"caption":"Boutique de Najette Bordji, cr\u00e9atrice de bijoux artisan d'Art"},"image":{"@id":"https:\/\/nb-bijoux.fr\/#\/schema\/logo\/image\/"},"sameAs":["https:\/\/www.facebook.com\/najette.bordjibijoux","https:\/\/www.instagram.com\/najettebordji\/"]}]}},"_links":{"self":[{"href":"https:\/\/nb-bijoux.fr\/index.php?rest_route=\/wp\/v2\/product\/990534","targetHints":{"allow":["GET"]}}],"collection":[{"href":"https:\/\/nb-bijoux.fr\/index.php?rest_route=\/wp\/v2\/product"}],"about":[{"href":"https:\/\/nb-bijoux.fr\/index.php?rest_route=\/wp\/v2\/types\/product"}],"replies":[{"embeddable":true,"href":"https:\/\/nb-bijoux.fr\/index.php?rest_route=%2Fwp%2Fv2%2Fcomments&post=990534"}],"version-history":[{"count":1,"href":"https:\/\/nb-bijoux.fr\/index.php?rest_route=\/wp\/v2\/product\/990534\/revisions"}],"predecessor-version":[{"id":992670,"href":"https:\/\/nb-bijoux.fr\/index.php?rest_route=\/wp\/v2\/product\/990534\/revisions\/992670"}],"wp:featuredmedia":[{"embeddable":true,"href":"https:\/\/nb-bijoux.fr\/index.php?rest_route=\/wp\/v2\/media\/991628"}],"wp:attachment":[{"href":"https:\/\/nb-bijoux.fr\/index.php?rest_route=%2Fwp%2Fv2%2Fmedia&parent=990534"}],"wp:term":[{"taxonomy":"product_brand","embeddable":true,"href":"https:\/\/nb-bijoux.fr\/index.php?rest_route=%2Fwp%2Fv2%2Fproduct_brand&post=990534"},{"taxonomy":"product_cat","embeddable":true,"href":"https:\/\/nb-bijoux.fr\/index.php?rest_route=%2Fwp%2Fv2%2Fproduct_cat&post=990534"},{"taxonomy":"product_tag","embeddable":true,"href":"https:\/\/nb-bijoux.fr\/index.php?rest_route=%2Fwp%2Fv2%2Fproduct_tag&post=990534"}],"curies":[{"name":"wp","href":"https:\/\/api.w.org\/{rel}","templated":true}]}}