{"id":988957,"date":"2023-02-15T17:07:08","date_gmt":"2023-02-15T16:07:08","guid":{"rendered":"https:\/\/nb-bijoux.fr\/?post_type=product&#038;p=988957"},"modified":"2023-11-24T15:59:04","modified_gmt":"2023-11-24T14:59:04","slug":"boucles-clips-lancy","status":"publish","type":"product","link":"https:\/\/nb-bijoux.fr\/?product=boucles-clips-lancy","title":{"rendered":"Clips Sur le Nil"},"content":{"rendered":"<div class=\"vgblk-rw-wrapper limit-wrapper\">&nbsp;<\/p>\n<p><strong>Dimensions des clips:<\/strong> 20x15mm<\/p>\n<p><strong>Largeur:<\/strong> 37mm<\/p>\n<p><strong>Longueur:<\/strong> 45mm<\/div>\n<p><!-- .vgblk-rw-wrapper --><\/p>\n","protected":false},"excerpt":{"rendered":"<p>Boucles d&rsquo;oreilles mont\u00e9es sur clips, compos\u00e9es d&rsquo;un \u00e9ventail textur\u00e9, de demi-lunes superpos\u00e9es et d&rsquo;une barrette en laiton \u00e9maill\u00e9<\/p>\n","protected":false},"featured_media":988284,"comment_status":"open","ping_status":"closed","template":"","meta":[],"product_brand":[],"product_cat":[24],"product_tag":[63,74,103,119,31],"class_list":{"0":"post-988957","1":"product","2":"type-product","3":"status-publish","4":"has-post-thumbnail","6":"product_cat-boucles-oreilles","7":"product_tag-argente","8":"product_tag-art-deco","9":"product_tag-boucles-doreilles","10":"product_tag-clips","11":"product_tag-dore","13":"first","14":"outofstock","15":"shipping-taxable","16":"purchasable","17":"product-type-simple"},"yoast_head":"<!-- This site is optimized with the Yoast SEO plugin v27.5 - https:\/\/yoast.com\/product\/yoast-seo-wordpress\/ -->\n<title>Clips Sur le Nil - Najette Bordji, cr\u00e9atrice de bijoux artisan d&#039;art<\/title>\n<meta name=\"robots\" content=\"index, follow, max-snippet:-1, max-image-preview:large, max-video-preview:-1\" \/>\n<link rel=\"canonical\" href=\"https:\/\/nb-bijoux.fr\/?product=boucles-clips-lancy\" \/>\n<meta property=\"og:locale\" content=\"fr_FR\" \/>\n<meta property=\"og:type\" content=\"article\" \/>\n<meta property=\"og:title\" content=\"Clips Sur le Nil - Najette Bordji, cr\u00e9atrice de bijoux artisan d&#039;art\" \/>\n<meta property=\"og:description\" content=\"Boucles d&#039;oreilles mont\u00e9es sur clips, compos\u00e9es d&#039;un \u00e9ventail textur\u00e9, de demi-lunes superpos\u00e9es et d&#039;une barrette en laiton \u00e9maill\u00e9\" \/>\n<meta property=\"og:url\" content=\"https:\/\/nb-bijoux.fr\/?product=boucles-clips-lancy\" \/>\n<meta property=\"og:site_name\" content=\"Najette Bordji, cr\u00e9atrice de bijoux artisan d&#039;art\" \/>\n<meta property=\"article:publisher\" content=\"https:\/\/www.facebook.com\/najette.bordjibijoux\" \/>\n<meta property=\"article:modified_time\" content=\"2023-11-24T14:59:04+00:00\" \/>\n<meta property=\"og:image\" content=\"https:\/\/nb-bijoux.fr\/wp-content\/uploads\/2022\/11\/Najette-Bordji-Bijoux-038.jpg\" \/>\n\t<meta property=\"og:image:width\" content=\"1024\" \/>\n\t<meta property=\"og:image:height\" content=\"1024\" \/>\n\t<meta property=\"og:image:type\" content=\"image\/jpeg\" \/>\n<meta name=\"twitter:card\" content=\"summary_large_image\" \/>\n<meta name=\"twitter:label1\" content=\"Dur\u00e9e de lecture estim\u00e9e\" \/>\n\t<meta name=\"twitter:data1\" content=\"1 minute\" \/>\n<script type=\"application\/ld+json\" class=\"yoast-schema-graph\">{\"@context\":\"https:\\\/\\\/schema.org\",\"@graph\":[{\"@type\":\"WebPage\",\"@id\":\"https:\\\/\\\/nb-bijoux.fr\\\/?product=boucles-clips-lancy\",\"url\":\"https:\\\/\\\/nb-bijoux.fr\\\/?product=boucles-clips-lancy\",\"name\":\"Clips Sur le Nil - Najette Bordji, cr\u00e9atrice de bijoux artisan d&#039;art\",\"isPartOf\":{\"@id\":\"https:\\\/\\\/nb-bijoux.fr\\\/#website\"},\"primaryImageOfPage\":{\"@id\":\"https:\\\/\\\/nb-bijoux.fr\\\/?product=boucles-clips-lancy#primaryimage\"},\"image\":{\"@id\":\"https:\\\/\\\/nb-bijoux.fr\\\/?product=boucles-clips-lancy#primaryimage\"},\"thumbnailUrl\":\"https:\\\/\\\/nb-bijoux.fr\\\/wp-content\\\/uploads\\\/2022\\\/11\\\/Najette-Bordji-Bijoux-038.jpg\",\"datePublished\":\"2023-02-15T16:07:08+00:00\",\"dateModified\":\"2023-11-24T14:59:04+00:00\",\"breadcrumb\":{\"@id\":\"https:\\\/\\\/nb-bijoux.fr\\\/?product=boucles-clips-lancy#breadcrumb\"},\"inLanguage\":\"fr-FR\",\"potentialAction\":[{\"@type\":\"ReadAction\",\"target\":[\"https:\\\/\\\/nb-bijoux.fr\\\/?product=boucles-clips-lancy\"]}]},{\"@type\":\"ImageObject\",\"inLanguage\":\"fr-FR\",\"@id\":\"https:\\\/\\\/nb-bijoux.fr\\\/?product=boucles-clips-lancy#primaryimage\",\"url\":\"https:\\\/\\\/nb-bijoux.fr\\\/wp-content\\\/uploads\\\/2022\\\/11\\\/Najette-Bordji-Bijoux-038.jpg\",\"contentUrl\":\"https:\\\/\\\/nb-bijoux.fr\\\/wp-content\\\/uploads\\\/2022\\\/11\\\/Najette-Bordji-Bijoux-038.jpg\",\"width\":1024,\"height\":1024},{\"@type\":\"BreadcrumbList\",\"@id\":\"https:\\\/\\\/nb-bijoux.fr\\\/?product=boucles-clips-lancy#breadcrumb\",\"itemListElement\":[{\"@type\":\"ListItem\",\"position\":1,\"name\":\"Accueil\",\"item\":\"https:\\\/\\\/nb-bijoux.fr\\\/\"},{\"@type\":\"ListItem\",\"position\":2,\"name\":\"Collections\",\"item\":\"https:\\\/\\\/nb-bijoux.fr\\\/?page_id=4339\"},{\"@type\":\"ListItem\",\"position\":3,\"name\":\"Clips Sur le Nil\"}]},{\"@type\":\"WebSite\",\"@id\":\"https:\\\/\\\/nb-bijoux.fr\\\/#website\",\"url\":\"https:\\\/\\\/nb-bijoux.fr\\\/\",\"name\":\"nb-bijoux\",\"description\":\"La boutique de Najette Bordji, bijoux d&#039;art et Haute-Fantaisie\",\"publisher\":{\"@id\":\"https:\\\/\\\/nb-bijoux.fr\\\/#organization\"},\"potentialAction\":[{\"@type\":\"SearchAction\",\"target\":{\"@type\":\"EntryPoint\",\"urlTemplate\":\"https:\\\/\\\/nb-bijoux.fr\\\/?s={search_term_string}\"},\"query-input\":{\"@type\":\"PropertyValueSpecification\",\"valueRequired\":true,\"valueName\":\"search_term_string\"}}],\"inLanguage\":\"fr-FR\"},{\"@type\":\"Organization\",\"@id\":\"https:\\\/\\\/nb-bijoux.fr\\\/#organization\",\"name\":\"Boutique de Najette Bordji, cr\u00e9atrice de bijoux artisan d'Art\",\"url\":\"https:\\\/\\\/nb-bijoux.fr\\\/\",\"logo\":{\"@type\":\"ImageObject\",\"inLanguage\":\"fr-FR\",\"@id\":\"https:\\\/\\\/nb-bijoux.fr\\\/#\\\/schema\\\/logo\\\/image\\\/\",\"url\":\"https:\\\/\\\/nb-bijoux.fr\\\/wp-content\\\/uploads\\\/2023\\\/08\\\/cropped-cropped-cropped-logo.png\",\"contentUrl\":\"https:\\\/\\\/nb-bijoux.fr\\\/wp-content\\\/uploads\\\/2023\\\/08\\\/cropped-cropped-cropped-logo.png\",\"width\":400,\"height\":60,\"caption\":\"Boutique de Najette Bordji, cr\u00e9atrice de bijoux artisan d'Art\"},\"image\":{\"@id\":\"https:\\\/\\\/nb-bijoux.fr\\\/#\\\/schema\\\/logo\\\/image\\\/\"},\"sameAs\":[\"https:\\\/\\\/www.facebook.com\\\/najette.bordjibijoux\",\"https:\\\/\\\/www.instagram.com\\\/najettebordji\\\/\"]}]}<\/script>\n<!-- \/ Yoast SEO plugin. -->","yoast_head_json":{"title":"Clips Sur le Nil - Najette Bordji, cr\u00e9atrice de bijoux artisan d&#039;art","robots":{"index":"index","follow":"follow","max-snippet":"max-snippet:-1","max-image-preview":"max-image-preview:large","max-video-preview":"max-video-preview:-1"},"canonical":"https:\/\/nb-bijoux.fr\/?product=boucles-clips-lancy","og_locale":"fr_FR","og_type":"article","og_title":"Clips Sur le Nil - Najette Bordji, cr\u00e9atrice de bijoux artisan d&#039;art","og_description":"Boucles d'oreilles mont\u00e9es sur clips, compos\u00e9es d'un \u00e9ventail textur\u00e9, de demi-lunes superpos\u00e9es et d'une barrette en laiton \u00e9maill\u00e9","og_url":"https:\/\/nb-bijoux.fr\/?product=boucles-clips-lancy","og_site_name":"Najette Bordji, cr\u00e9atrice de bijoux artisan d&#039;art","article_publisher":"https:\/\/www.facebook.com\/najette.bordjibijoux","article_modified_time":"2023-11-24T14:59:04+00:00","og_image":[{"width":1024,"height":1024,"url":"https:\/\/nb-bijoux.fr\/wp-content\/uploads\/2022\/11\/Najette-Bordji-Bijoux-038.jpg","type":"image\/jpeg"}],"twitter_card":"summary_large_image","twitter_misc":{"Dur\u00e9e de lecture estim\u00e9e":"1 minute"},"schema":{"@context":"https:\/\/schema.org","@graph":[{"@type":"WebPage","@id":"https:\/\/nb-bijoux.fr\/?product=boucles-clips-lancy","url":"https:\/\/nb-bijoux.fr\/?product=boucles-clips-lancy","name":"Clips Sur le Nil - Najette Bordji, cr\u00e9atrice de bijoux artisan d&#039;art","isPartOf":{"@id":"https:\/\/nb-bijoux.fr\/#website"},"primaryImageOfPage":{"@id":"https:\/\/nb-bijoux.fr\/?product=boucles-clips-lancy#primaryimage"},"image":{"@id":"https:\/\/nb-bijoux.fr\/?product=boucles-clips-lancy#primaryimage"},"thumbnailUrl":"https:\/\/nb-bijoux.fr\/wp-content\/uploads\/2022\/11\/Najette-Bordji-Bijoux-038.jpg","datePublished":"2023-02-15T16:07:08+00:00","dateModified":"2023-11-24T14:59:04+00:00","breadcrumb":{"@id":"https:\/\/nb-bijoux.fr\/?product=boucles-clips-lancy#breadcrumb"},"inLanguage":"fr-FR","potentialAction":[{"@type":"ReadAction","target":["https:\/\/nb-bijoux.fr\/?product=boucles-clips-lancy"]}]},{"@type":"ImageObject","inLanguage":"fr-FR","@id":"https:\/\/nb-bijoux.fr\/?product=boucles-clips-lancy#primaryimage","url":"https:\/\/nb-bijoux.fr\/wp-content\/uploads\/2022\/11\/Najette-Bordji-Bijoux-038.jpg","contentUrl":"https:\/\/nb-bijoux.fr\/wp-content\/uploads\/2022\/11\/Najette-Bordji-Bijoux-038.jpg","width":1024,"height":1024},{"@type":"BreadcrumbList","@id":"https:\/\/nb-bijoux.fr\/?product=boucles-clips-lancy#breadcrumb","itemListElement":[{"@type":"ListItem","position":1,"name":"Accueil","item":"https:\/\/nb-bijoux.fr\/"},{"@type":"ListItem","position":2,"name":"Collections","item":"https:\/\/nb-bijoux.fr\/?page_id=4339"},{"@type":"ListItem","position":3,"name":"Clips Sur le Nil"}]},{"@type":"WebSite","@id":"https:\/\/nb-bijoux.fr\/#website","url":"https:\/\/nb-bijoux.fr\/","name":"nb-bijoux","description":"La boutique de Najette Bordji, bijoux d&#039;art et Haute-Fantaisie","publisher":{"@id":"https:\/\/nb-bijoux.fr\/#organization"},"potentialAction":[{"@type":"SearchAction","target":{"@type":"EntryPoint","urlTemplate":"https:\/\/nb-bijoux.fr\/?s={search_term_string}"},"query-input":{"@type":"PropertyValueSpecification","valueRequired":true,"valueName":"search_term_string"}}],"inLanguage":"fr-FR"},{"@type":"Organization","@id":"https:\/\/nb-bijoux.fr\/#organization","name":"Boutique de Najette Bordji, cr\u00e9atrice de bijoux artisan d'Art","url":"https:\/\/nb-bijoux.fr\/","logo":{"@type":"ImageObject","inLanguage":"fr-FR","@id":"https:\/\/nb-bijoux.fr\/#\/schema\/logo\/image\/","url":"https:\/\/nb-bijoux.fr\/wp-content\/uploads\/2023\/08\/cropped-cropped-cropped-logo.png","contentUrl":"https:\/\/nb-bijoux.fr\/wp-content\/uploads\/2023\/08\/cropped-cropped-cropped-logo.png","width":400,"height":60,"caption":"Boutique de Najette Bordji, cr\u00e9atrice de bijoux artisan d'Art"},"image":{"@id":"https:\/\/nb-bijoux.fr\/#\/schema\/logo\/image\/"},"sameAs":["https:\/\/www.facebook.com\/najette.bordjibijoux","https:\/\/www.instagram.com\/najettebordji\/"]}]}},"_links":{"self":[{"href":"https:\/\/nb-bijoux.fr\/index.php?rest_route=\/wp\/v2\/product\/988957","targetHints":{"allow":["GET"]}}],"collection":[{"href":"https:\/\/nb-bijoux.fr\/index.php?rest_route=\/wp\/v2\/product"}],"about":[{"href":"https:\/\/nb-bijoux.fr\/index.php?rest_route=\/wp\/v2\/types\/product"}],"replies":[{"embeddable":true,"href":"https:\/\/nb-bijoux.fr\/index.php?rest_route=%2Fwp%2Fv2%2Fcomments&post=988957"}],"version-history":[{"count":0,"href":"https:\/\/nb-bijoux.fr\/index.php?rest_route=\/wp\/v2\/product\/988957\/revisions"}],"wp:featuredmedia":[{"embeddable":true,"href":"https:\/\/nb-bijoux.fr\/index.php?rest_route=\/wp\/v2\/media\/988284"}],"wp:attachment":[{"href":"https:\/\/nb-bijoux.fr\/index.php?rest_route=%2Fwp%2Fv2%2Fmedia&parent=988957"}],"wp:term":[{"taxonomy":"product_brand","embeddable":true,"href":"https:\/\/nb-bijoux.fr\/index.php?rest_route=%2Fwp%2Fv2%2Fproduct_brand&post=988957"},{"taxonomy":"product_cat","embeddable":true,"href":"https:\/\/nb-bijoux.fr\/index.php?rest_route=%2Fwp%2Fv2%2Fproduct_cat&post=988957"},{"taxonomy":"product_tag","embeddable":true,"href":"https:\/\/nb-bijoux.fr\/index.php?rest_route=%2Fwp%2Fv2%2Fproduct_tag&post=988957"}],"curies":[{"name":"wp","href":"https:\/\/api.w.org\/{rel}","templated":true}]}}