{"id":988919,"date":"2023-02-13T17:59:10","date_gmt":"2023-02-13T16:59:10","guid":{"rendered":"https:\/\/nb-bijoux.fr\/?post_type=product&#038;p=988919"},"modified":"2023-05-11T17:31:57","modified_gmt":"2023-05-11T15:31:57","slug":"collier-colibri-noir-1-sequin-rond-texture","status":"publish","type":"product","link":"https:\/\/nb-bijoux.fr\/?product=collier-colibri-noir-1-sequin-rond-texture","title":{"rendered":"Collier Colibri Noir"},"content":{"rendered":"<div class=\"vgblk-rw-wrapper limit-wrapper\"><strong>Type de fermoir:<\/strong> anneau ressort de 5mm<\/p>\n<p><strong>Taille des pierres:<\/strong> 2x3mm<\/p>\n<p><strong>Longueur:<\/strong> 43cm avec anneau interm\u00e9diaire \u00e0 40 cm<\/p>\n<p>&nbsp;<\/p><\/div>\n<p><!-- .vgblk-rw-wrapper --><\/p>\n","protected":false},"excerpt":{"rendered":"<p>Collier compos\u00e9s de spinelles noirs mont\u00e9s sur un fil en Gold Filled jaune 14k et d&rsquo;un petit sequin rond textur\u00e9 de 15 mm de diam\u00e8tre en laiton dor\u00e9 \u00e0 l&rsquo;or fin, sur une maille jaseron de 1,5mm en laiton dor\u00e9 \u00e0 l&rsquo;or fin<\/p>\n","protected":false},"featured_media":988933,"comment_status":"open","ping_status":"closed","template":"","meta":[],"product_brand":[],"product_cat":[33],"product_tag":[34,31,120],"class_list":{"0":"post-988919","1":"product","2":"type-product","3":"status-publish","4":"has-post-thumbnail","6":"product_cat-colliers","7":"product_tag-collier","8":"product_tag-dore","9":"product_tag-pierres-fines","11":"first","12":"instock","13":"shipping-taxable","14":"purchasable","15":"product-type-simple"},"yoast_head":"<!-- This site is optimized with the Yoast SEO plugin v27.5 - https:\/\/yoast.com\/product\/yoast-seo-wordpress\/ -->\n<title>Collier Colibri Noir - Najette Bordji, cr\u00e9atrice de bijoux artisan d&#039;art<\/title>\n<meta name=\"robots\" content=\"index, follow, max-snippet:-1, max-image-preview:large, max-video-preview:-1\" \/>\n<link rel=\"canonical\" href=\"https:\/\/nb-bijoux.fr\/?product=collier-colibri-noir-1-sequin-rond-texture\" \/>\n<meta property=\"og:locale\" content=\"fr_FR\" \/>\n<meta property=\"og:type\" content=\"article\" \/>\n<meta property=\"og:title\" content=\"Collier Colibri Noir - Najette Bordji, cr\u00e9atrice de bijoux artisan d&#039;art\" \/>\n<meta property=\"og:description\" content=\"Collier compos\u00e9s de spinelles noirs mont\u00e9s sur un fil en Gold Filled jaune 14k et d&#039;un petit sequin rond textur\u00e9 de 15 mm de diam\u00e8tre en laiton dor\u00e9 \u00e0 l&#039;or fin, sur une maille jaseron de 1,5mm en laiton dor\u00e9 \u00e0 l&#039;or fin\" \/>\n<meta property=\"og:url\" content=\"https:\/\/nb-bijoux.fr\/?product=collier-colibri-noir-1-sequin-rond-texture\" \/>\n<meta property=\"og:site_name\" content=\"Najette Bordji, cr\u00e9atrice de bijoux artisan d&#039;art\" \/>\n<meta property=\"article:publisher\" content=\"https:\/\/www.facebook.com\/najette.bordjibijoux\" \/>\n<meta property=\"article:modified_time\" content=\"2023-05-11T15:31:57+00:00\" \/>\n<meta property=\"og:image\" content=\"https:\/\/nb-bijoux.fr\/wp-content\/uploads\/2023\/02\/NB-Bijoux-2023-222-web.jpg\" \/>\n\t<meta property=\"og:image:width\" content=\"1000\" \/>\n\t<meta property=\"og:image:height\" content=\"1000\" \/>\n\t<meta property=\"og:image:type\" content=\"image\/jpeg\" \/>\n<meta name=\"twitter:card\" content=\"summary_large_image\" \/>\n<script type=\"application\/ld+json\" class=\"yoast-schema-graph\">{\"@context\":\"https:\\\/\\\/schema.org\",\"@graph\":[{\"@type\":\"WebPage\",\"@id\":\"https:\\\/\\\/nb-bijoux.fr\\\/?product=collier-colibri-noir-1-sequin-rond-texture\",\"url\":\"https:\\\/\\\/nb-bijoux.fr\\\/?product=collier-colibri-noir-1-sequin-rond-texture\",\"name\":\"Collier Colibri Noir - Najette Bordji, cr\u00e9atrice de bijoux artisan d&#039;art\",\"isPartOf\":{\"@id\":\"https:\\\/\\\/nb-bijoux.fr\\\/#website\"},\"primaryImageOfPage\":{\"@id\":\"https:\\\/\\\/nb-bijoux.fr\\\/?product=collier-colibri-noir-1-sequin-rond-texture#primaryimage\"},\"image\":{\"@id\":\"https:\\\/\\\/nb-bijoux.fr\\\/?product=collier-colibri-noir-1-sequin-rond-texture#primaryimage\"},\"thumbnailUrl\":\"https:\\\/\\\/nb-bijoux.fr\\\/wp-content\\\/uploads\\\/2023\\\/02\\\/NB-Bijoux-2023-222-web.jpg\",\"datePublished\":\"2023-02-13T16:59:10+00:00\",\"dateModified\":\"2023-05-11T15:31:57+00:00\",\"breadcrumb\":{\"@id\":\"https:\\\/\\\/nb-bijoux.fr\\\/?product=collier-colibri-noir-1-sequin-rond-texture#breadcrumb\"},\"inLanguage\":\"fr-FR\",\"potentialAction\":[{\"@type\":\"ReadAction\",\"target\":[\"https:\\\/\\\/nb-bijoux.fr\\\/?product=collier-colibri-noir-1-sequin-rond-texture\"]}]},{\"@type\":\"ImageObject\",\"inLanguage\":\"fr-FR\",\"@id\":\"https:\\\/\\\/nb-bijoux.fr\\\/?product=collier-colibri-noir-1-sequin-rond-texture#primaryimage\",\"url\":\"https:\\\/\\\/nb-bijoux.fr\\\/wp-content\\\/uploads\\\/2023\\\/02\\\/NB-Bijoux-2023-222-web.jpg\",\"contentUrl\":\"https:\\\/\\\/nb-bijoux.fr\\\/wp-content\\\/uploads\\\/2023\\\/02\\\/NB-Bijoux-2023-222-web.jpg\",\"width\":1000,\"height\":1000},{\"@type\":\"BreadcrumbList\",\"@id\":\"https:\\\/\\\/nb-bijoux.fr\\\/?product=collier-colibri-noir-1-sequin-rond-texture#breadcrumb\",\"itemListElement\":[{\"@type\":\"ListItem\",\"position\":1,\"name\":\"Accueil\",\"item\":\"https:\\\/\\\/nb-bijoux.fr\\\/\"},{\"@type\":\"ListItem\",\"position\":2,\"name\":\"Collections\",\"item\":\"https:\\\/\\\/nb-bijoux.fr\\\/?page_id=4339\"},{\"@type\":\"ListItem\",\"position\":3,\"name\":\"Collier Colibri Noir\"}]},{\"@type\":\"WebSite\",\"@id\":\"https:\\\/\\\/nb-bijoux.fr\\\/#website\",\"url\":\"https:\\\/\\\/nb-bijoux.fr\\\/\",\"name\":\"nb-bijoux\",\"description\":\"La boutique de Najette Bordji, bijoux d&#039;art et Haute-Fantaisie\",\"publisher\":{\"@id\":\"https:\\\/\\\/nb-bijoux.fr\\\/#organization\"},\"potentialAction\":[{\"@type\":\"SearchAction\",\"target\":{\"@type\":\"EntryPoint\",\"urlTemplate\":\"https:\\\/\\\/nb-bijoux.fr\\\/?s={search_term_string}\"},\"query-input\":{\"@type\":\"PropertyValueSpecification\",\"valueRequired\":true,\"valueName\":\"search_term_string\"}}],\"inLanguage\":\"fr-FR\"},{\"@type\":\"Organization\",\"@id\":\"https:\\\/\\\/nb-bijoux.fr\\\/#organization\",\"name\":\"Boutique de Najette Bordji, cr\u00e9atrice de bijoux artisan d'Art\",\"url\":\"https:\\\/\\\/nb-bijoux.fr\\\/\",\"logo\":{\"@type\":\"ImageObject\",\"inLanguage\":\"fr-FR\",\"@id\":\"https:\\\/\\\/nb-bijoux.fr\\\/#\\\/schema\\\/logo\\\/image\\\/\",\"url\":\"https:\\\/\\\/nb-bijoux.fr\\\/wp-content\\\/uploads\\\/2023\\\/08\\\/cropped-cropped-cropped-logo.png\",\"contentUrl\":\"https:\\\/\\\/nb-bijoux.fr\\\/wp-content\\\/uploads\\\/2023\\\/08\\\/cropped-cropped-cropped-logo.png\",\"width\":400,\"height\":60,\"caption\":\"Boutique de Najette Bordji, cr\u00e9atrice de bijoux artisan d'Art\"},\"image\":{\"@id\":\"https:\\\/\\\/nb-bijoux.fr\\\/#\\\/schema\\\/logo\\\/image\\\/\"},\"sameAs\":[\"https:\\\/\\\/www.facebook.com\\\/najette.bordjibijoux\",\"https:\\\/\\\/www.instagram.com\\\/najettebordji\\\/\"]}]}<\/script>\n<!-- \/ Yoast SEO plugin. -->","yoast_head_json":{"title":"Collier Colibri Noir - Najette Bordji, cr\u00e9atrice de bijoux artisan d&#039;art","robots":{"index":"index","follow":"follow","max-snippet":"max-snippet:-1","max-image-preview":"max-image-preview:large","max-video-preview":"max-video-preview:-1"},"canonical":"https:\/\/nb-bijoux.fr\/?product=collier-colibri-noir-1-sequin-rond-texture","og_locale":"fr_FR","og_type":"article","og_title":"Collier Colibri Noir - Najette Bordji, cr\u00e9atrice de bijoux artisan d&#039;art","og_description":"Collier compos\u00e9s de spinelles noirs mont\u00e9s sur un fil en Gold Filled jaune 14k et d'un petit sequin rond textur\u00e9 de 15 mm de diam\u00e8tre en laiton dor\u00e9 \u00e0 l'or fin, sur une maille jaseron de 1,5mm en laiton dor\u00e9 \u00e0 l'or fin","og_url":"https:\/\/nb-bijoux.fr\/?product=collier-colibri-noir-1-sequin-rond-texture","og_site_name":"Najette Bordji, cr\u00e9atrice de bijoux artisan d&#039;art","article_publisher":"https:\/\/www.facebook.com\/najette.bordjibijoux","article_modified_time":"2023-05-11T15:31:57+00:00","og_image":[{"width":1000,"height":1000,"url":"https:\/\/nb-bijoux.fr\/wp-content\/uploads\/2023\/02\/NB-Bijoux-2023-222-web.jpg","type":"image\/jpeg"}],"twitter_card":"summary_large_image","schema":{"@context":"https:\/\/schema.org","@graph":[{"@type":"WebPage","@id":"https:\/\/nb-bijoux.fr\/?product=collier-colibri-noir-1-sequin-rond-texture","url":"https:\/\/nb-bijoux.fr\/?product=collier-colibri-noir-1-sequin-rond-texture","name":"Collier Colibri Noir - Najette Bordji, cr\u00e9atrice de bijoux artisan d&#039;art","isPartOf":{"@id":"https:\/\/nb-bijoux.fr\/#website"},"primaryImageOfPage":{"@id":"https:\/\/nb-bijoux.fr\/?product=collier-colibri-noir-1-sequin-rond-texture#primaryimage"},"image":{"@id":"https:\/\/nb-bijoux.fr\/?product=collier-colibri-noir-1-sequin-rond-texture#primaryimage"},"thumbnailUrl":"https:\/\/nb-bijoux.fr\/wp-content\/uploads\/2023\/02\/NB-Bijoux-2023-222-web.jpg","datePublished":"2023-02-13T16:59:10+00:00","dateModified":"2023-05-11T15:31:57+00:00","breadcrumb":{"@id":"https:\/\/nb-bijoux.fr\/?product=collier-colibri-noir-1-sequin-rond-texture#breadcrumb"},"inLanguage":"fr-FR","potentialAction":[{"@type":"ReadAction","target":["https:\/\/nb-bijoux.fr\/?product=collier-colibri-noir-1-sequin-rond-texture"]}]},{"@type":"ImageObject","inLanguage":"fr-FR","@id":"https:\/\/nb-bijoux.fr\/?product=collier-colibri-noir-1-sequin-rond-texture#primaryimage","url":"https:\/\/nb-bijoux.fr\/wp-content\/uploads\/2023\/02\/NB-Bijoux-2023-222-web.jpg","contentUrl":"https:\/\/nb-bijoux.fr\/wp-content\/uploads\/2023\/02\/NB-Bijoux-2023-222-web.jpg","width":1000,"height":1000},{"@type":"BreadcrumbList","@id":"https:\/\/nb-bijoux.fr\/?product=collier-colibri-noir-1-sequin-rond-texture#breadcrumb","itemListElement":[{"@type":"ListItem","position":1,"name":"Accueil","item":"https:\/\/nb-bijoux.fr\/"},{"@type":"ListItem","position":2,"name":"Collections","item":"https:\/\/nb-bijoux.fr\/?page_id=4339"},{"@type":"ListItem","position":3,"name":"Collier Colibri Noir"}]},{"@type":"WebSite","@id":"https:\/\/nb-bijoux.fr\/#website","url":"https:\/\/nb-bijoux.fr\/","name":"nb-bijoux","description":"La boutique de Najette Bordji, bijoux d&#039;art et Haute-Fantaisie","publisher":{"@id":"https:\/\/nb-bijoux.fr\/#organization"},"potentialAction":[{"@type":"SearchAction","target":{"@type":"EntryPoint","urlTemplate":"https:\/\/nb-bijoux.fr\/?s={search_term_string}"},"query-input":{"@type":"PropertyValueSpecification","valueRequired":true,"valueName":"search_term_string"}}],"inLanguage":"fr-FR"},{"@type":"Organization","@id":"https:\/\/nb-bijoux.fr\/#organization","name":"Boutique de Najette Bordji, cr\u00e9atrice de bijoux artisan d'Art","url":"https:\/\/nb-bijoux.fr\/","logo":{"@type":"ImageObject","inLanguage":"fr-FR","@id":"https:\/\/nb-bijoux.fr\/#\/schema\/logo\/image\/","url":"https:\/\/nb-bijoux.fr\/wp-content\/uploads\/2023\/08\/cropped-cropped-cropped-logo.png","contentUrl":"https:\/\/nb-bijoux.fr\/wp-content\/uploads\/2023\/08\/cropped-cropped-cropped-logo.png","width":400,"height":60,"caption":"Boutique de Najette Bordji, cr\u00e9atrice de bijoux artisan d'Art"},"image":{"@id":"https:\/\/nb-bijoux.fr\/#\/schema\/logo\/image\/"},"sameAs":["https:\/\/www.facebook.com\/najette.bordjibijoux","https:\/\/www.instagram.com\/najettebordji\/"]}]}},"_links":{"self":[{"href":"https:\/\/nb-bijoux.fr\/index.php?rest_route=\/wp\/v2\/product\/988919","targetHints":{"allow":["GET"]}}],"collection":[{"href":"https:\/\/nb-bijoux.fr\/index.php?rest_route=\/wp\/v2\/product"}],"about":[{"href":"https:\/\/nb-bijoux.fr\/index.php?rest_route=\/wp\/v2\/types\/product"}],"replies":[{"embeddable":true,"href":"https:\/\/nb-bijoux.fr\/index.php?rest_route=%2Fwp%2Fv2%2Fcomments&post=988919"}],"version-history":[{"count":0,"href":"https:\/\/nb-bijoux.fr\/index.php?rest_route=\/wp\/v2\/product\/988919\/revisions"}],"wp:featuredmedia":[{"embeddable":true,"href":"https:\/\/nb-bijoux.fr\/index.php?rest_route=\/wp\/v2\/media\/988933"}],"wp:attachment":[{"href":"https:\/\/nb-bijoux.fr\/index.php?rest_route=%2Fwp%2Fv2%2Fmedia&parent=988919"}],"wp:term":[{"taxonomy":"product_brand","embeddable":true,"href":"https:\/\/nb-bijoux.fr\/index.php?rest_route=%2Fwp%2Fv2%2Fproduct_brand&post=988919"},{"taxonomy":"product_cat","embeddable":true,"href":"https:\/\/nb-bijoux.fr\/index.php?rest_route=%2Fwp%2Fv2%2Fproduct_cat&post=988919"},{"taxonomy":"product_tag","embeddable":true,"href":"https:\/\/nb-bijoux.fr\/index.php?rest_route=%2Fwp%2Fv2%2Fproduct_tag&post=988919"}],"curies":[{"name":"wp","href":"https:\/\/api.w.org\/{rel}","templated":true}]}}