{"id":4998,"date":"2020-10-19T17:08:00","date_gmt":"2020-10-19T15:08:00","guid":{"rendered":"https:\/\/bijoux.vamtam.com\/?post_type=product&#038;p=4998"},"modified":"2024-11-21T18:01:16","modified_gmt":"2024-11-21T17:01:16","slug":"nighwave-golden-necklace","status":"publish","type":"product","link":"https:\/\/nb-bijoux.fr\/?product=nighwave-golden-necklace","title":{"rendered":"Collier Sur le Nil"},"content":{"rendered":"<div class=\"vgblk-rw-wrapper limit-wrapper\">Pour conserver l&rsquo;\u00e9clat de votre collier, rangez-le dans sa pochette lorsque vous ne le portez pas et \u00e9vitez tout contact avec l&rsquo;humidit\u00e9 et les produits cosm\u00e9tiques.<\/div>\n<p><!-- .vgblk-rw-wrapper --><\/p>\n","protected":false},"excerpt":{"rendered":"<p>Une harmonie parfaite entre modernit\u00e9 et intemporalit\u00e9. Ce collier d\u2019inspiration Art D\u00e9co, avec son tour de cou rigide, sublime l&rsquo;\u00e9l\u00e9gance des formes g\u00e9om\u00e9triques.<\/p>\n<p>Son pendentif joue sur les contrastes : la chaleur du laiton brut, la lumi\u00e8re du plaqu\u00e9 argent, et la profondeur du noir \u00e9maill\u00e9, dans une superposition de textures raffin\u00e9es.<\/p>\n<p>Un bijou statement, audacieux et sophistiqu\u00e9, qui transcende les \u00e9poques.<\/p>\n<p>Son design Art D\u00e9co et la juxtaposition des textures et mati\u00e8res en font une pi\u00e8ce qui capte le regard et d\u00e9gage une allure affirm\u00e9e.<\/p>\n","protected":false},"featured_media":988213,"comment_status":"open","ping_status":"closed","template":"","meta":[],"product_brand":[],"product_cat":[33],"product_tag":[63,74,34,31,121],"class_list":{"0":"post-4998","1":"product","2":"type-product","3":"status-publish","4":"has-post-thumbnail","6":"product_cat-colliers","7":"product_tag-argente","8":"product_tag-art-deco","9":"product_tag-collier","10":"product_tag-dore","11":"product_tag-pendentif","13":"first","14":"instock","15":"shipping-taxable","16":"purchasable","17":"product-type-simple"},"yoast_head":"<!-- This site is optimized with the Yoast SEO plugin v27.5 - https:\/\/yoast.com\/product\/yoast-seo-wordpress\/ -->\n<title>Collier Sur le Nil - Najette Bordji, cr\u00e9atrice de bijoux artisan d&#039;art<\/title>\n<meta name=\"robots\" content=\"index, follow, max-snippet:-1, max-image-preview:large, max-video-preview:-1\" \/>\n<link rel=\"canonical\" href=\"https:\/\/nb-bijoux.fr\/?product=nighwave-golden-necklace\" \/>\n<meta property=\"og:locale\" content=\"fr_FR\" \/>\n<meta property=\"og:type\" content=\"article\" \/>\n<meta property=\"og:title\" content=\"Collier Sur le Nil - Najette Bordji, cr\u00e9atrice de bijoux artisan d&#039;art\" \/>\n<meta property=\"og:description\" content=\"Une harmonie parfaite entre modernit\u00e9 et intemporalit\u00e9. Ce collier d\u2019inspiration Art D\u00e9co, avec son tour de cou rigide, sublime l&#039;\u00e9l\u00e9gance des formes g\u00e9om\u00e9triques.  Son pendentif joue sur les contrastes : la chaleur du laiton brut, la lumi\u00e8re du plaqu\u00e9 argent, et la profondeur du noir \u00e9maill\u00e9, dans une superposition de textures raffin\u00e9es.  Un bijou statement, audacieux et sophistiqu\u00e9, qui transcende les \u00e9poques.  Son design Art D\u00e9co et la juxtaposition des textures et mati\u00e8res en font une pi\u00e8ce qui capte le regard et d\u00e9gage une allure affirm\u00e9e.\" \/>\n<meta property=\"og:url\" content=\"https:\/\/nb-bijoux.fr\/?product=nighwave-golden-necklace\" \/>\n<meta property=\"og:site_name\" content=\"Najette Bordji, cr\u00e9atrice de bijoux artisan d&#039;art\" \/>\n<meta property=\"article:publisher\" content=\"https:\/\/www.facebook.com\/najette.bordjibijoux\" \/>\n<meta property=\"article:modified_time\" content=\"2024-11-21T17:01:16+00:00\" \/>\n<meta property=\"og:image\" content=\"https:\/\/nb-bijoux.fr\/wp-content\/uploads\/2022\/11\/Najette-Bordji-Bijoux-005-web.jpg\" \/>\n\t<meta property=\"og:image:width\" content=\"1000\" \/>\n\t<meta property=\"og:image:height\" content=\"1000\" \/>\n\t<meta property=\"og:image:type\" content=\"image\/jpeg\" \/>\n<meta name=\"twitter:card\" content=\"summary_large_image\" \/>\n<meta name=\"twitter:label1\" content=\"Dur\u00e9e de lecture estim\u00e9e\" \/>\n\t<meta name=\"twitter:data1\" content=\"1 minute\" \/>\n<script type=\"application\/ld+json\" class=\"yoast-schema-graph\">{\"@context\":\"https:\\\/\\\/schema.org\",\"@graph\":[{\"@type\":\"WebPage\",\"@id\":\"https:\\\/\\\/nb-bijoux.fr\\\/?product=nighwave-golden-necklace\",\"url\":\"https:\\\/\\\/nb-bijoux.fr\\\/?product=nighwave-golden-necklace\",\"name\":\"Collier Sur le Nil - Najette Bordji, cr\u00e9atrice de bijoux artisan d&#039;art\",\"isPartOf\":{\"@id\":\"https:\\\/\\\/nb-bijoux.fr\\\/#website\"},\"primaryImageOfPage\":{\"@id\":\"https:\\\/\\\/nb-bijoux.fr\\\/?product=nighwave-golden-necklace#primaryimage\"},\"image\":{\"@id\":\"https:\\\/\\\/nb-bijoux.fr\\\/?product=nighwave-golden-necklace#primaryimage\"},\"thumbnailUrl\":\"https:\\\/\\\/nb-bijoux.fr\\\/wp-content\\\/uploads\\\/2022\\\/11\\\/Najette-Bordji-Bijoux-005-web.jpg\",\"datePublished\":\"2020-10-19T15:08:00+00:00\",\"dateModified\":\"2024-11-21T17:01:16+00:00\",\"breadcrumb\":{\"@id\":\"https:\\\/\\\/nb-bijoux.fr\\\/?product=nighwave-golden-necklace#breadcrumb\"},\"inLanguage\":\"fr-FR\",\"potentialAction\":[{\"@type\":\"ReadAction\",\"target\":[\"https:\\\/\\\/nb-bijoux.fr\\\/?product=nighwave-golden-necklace\"]}]},{\"@type\":\"ImageObject\",\"inLanguage\":\"fr-FR\",\"@id\":\"https:\\\/\\\/nb-bijoux.fr\\\/?product=nighwave-golden-necklace#primaryimage\",\"url\":\"https:\\\/\\\/nb-bijoux.fr\\\/wp-content\\\/uploads\\\/2022\\\/11\\\/Najette-Bordji-Bijoux-005-web.jpg\",\"contentUrl\":\"https:\\\/\\\/nb-bijoux.fr\\\/wp-content\\\/uploads\\\/2022\\\/11\\\/Najette-Bordji-Bijoux-005-web.jpg\",\"width\":1000,\"height\":1000},{\"@type\":\"BreadcrumbList\",\"@id\":\"https:\\\/\\\/nb-bijoux.fr\\\/?product=nighwave-golden-necklace#breadcrumb\",\"itemListElement\":[{\"@type\":\"ListItem\",\"position\":1,\"name\":\"Accueil\",\"item\":\"https:\\\/\\\/nb-bijoux.fr\\\/\"},{\"@type\":\"ListItem\",\"position\":2,\"name\":\"Collections\",\"item\":\"https:\\\/\\\/nb-bijoux.fr\\\/?page_id=4339\"},{\"@type\":\"ListItem\",\"position\":3,\"name\":\"Collier Sur le Nil\"}]},{\"@type\":\"WebSite\",\"@id\":\"https:\\\/\\\/nb-bijoux.fr\\\/#website\",\"url\":\"https:\\\/\\\/nb-bijoux.fr\\\/\",\"name\":\"nb-bijoux\",\"description\":\"La boutique de Najette Bordji, bijoux d&#039;art et Haute-Fantaisie\",\"publisher\":{\"@id\":\"https:\\\/\\\/nb-bijoux.fr\\\/#organization\"},\"potentialAction\":[{\"@type\":\"SearchAction\",\"target\":{\"@type\":\"EntryPoint\",\"urlTemplate\":\"https:\\\/\\\/nb-bijoux.fr\\\/?s={search_term_string}\"},\"query-input\":{\"@type\":\"PropertyValueSpecification\",\"valueRequired\":true,\"valueName\":\"search_term_string\"}}],\"inLanguage\":\"fr-FR\"},{\"@type\":\"Organization\",\"@id\":\"https:\\\/\\\/nb-bijoux.fr\\\/#organization\",\"name\":\"Boutique de Najette Bordji, cr\u00e9atrice de bijoux artisan d'Art\",\"url\":\"https:\\\/\\\/nb-bijoux.fr\\\/\",\"logo\":{\"@type\":\"ImageObject\",\"inLanguage\":\"fr-FR\",\"@id\":\"https:\\\/\\\/nb-bijoux.fr\\\/#\\\/schema\\\/logo\\\/image\\\/\",\"url\":\"https:\\\/\\\/nb-bijoux.fr\\\/wp-content\\\/uploads\\\/2023\\\/08\\\/cropped-cropped-cropped-logo.png\",\"contentUrl\":\"https:\\\/\\\/nb-bijoux.fr\\\/wp-content\\\/uploads\\\/2023\\\/08\\\/cropped-cropped-cropped-logo.png\",\"width\":400,\"height\":60,\"caption\":\"Boutique de Najette Bordji, cr\u00e9atrice de bijoux artisan d'Art\"},\"image\":{\"@id\":\"https:\\\/\\\/nb-bijoux.fr\\\/#\\\/schema\\\/logo\\\/image\\\/\"},\"sameAs\":[\"https:\\\/\\\/www.facebook.com\\\/najette.bordjibijoux\",\"https:\\\/\\\/www.instagram.com\\\/najettebordji\\\/\"]}]}<\/script>\n<!-- \/ Yoast SEO plugin. -->","yoast_head_json":{"title":"Collier Sur le Nil - Najette Bordji, cr\u00e9atrice de bijoux artisan d&#039;art","robots":{"index":"index","follow":"follow","max-snippet":"max-snippet:-1","max-image-preview":"max-image-preview:large","max-video-preview":"max-video-preview:-1"},"canonical":"https:\/\/nb-bijoux.fr\/?product=nighwave-golden-necklace","og_locale":"fr_FR","og_type":"article","og_title":"Collier Sur le Nil - Najette Bordji, cr\u00e9atrice de bijoux artisan d&#039;art","og_description":"Une harmonie parfaite entre modernit\u00e9 et intemporalit\u00e9. Ce collier d\u2019inspiration Art D\u00e9co, avec son tour de cou rigide, sublime l'\u00e9l\u00e9gance des formes g\u00e9om\u00e9triques.  Son pendentif joue sur les contrastes : la chaleur du laiton brut, la lumi\u00e8re du plaqu\u00e9 argent, et la profondeur du noir \u00e9maill\u00e9, dans une superposition de textures raffin\u00e9es.  Un bijou statement, audacieux et sophistiqu\u00e9, qui transcende les \u00e9poques.  Son design Art D\u00e9co et la juxtaposition des textures et mati\u00e8res en font une pi\u00e8ce qui capte le regard et d\u00e9gage une allure affirm\u00e9e.","og_url":"https:\/\/nb-bijoux.fr\/?product=nighwave-golden-necklace","og_site_name":"Najette Bordji, cr\u00e9atrice de bijoux artisan d&#039;art","article_publisher":"https:\/\/www.facebook.com\/najette.bordjibijoux","article_modified_time":"2024-11-21T17:01:16+00:00","og_image":[{"width":1000,"height":1000,"url":"https:\/\/nb-bijoux.fr\/wp-content\/uploads\/2022\/11\/Najette-Bordji-Bijoux-005-web.jpg","type":"image\/jpeg"}],"twitter_card":"summary_large_image","twitter_misc":{"Dur\u00e9e de lecture estim\u00e9e":"1 minute"},"schema":{"@context":"https:\/\/schema.org","@graph":[{"@type":"WebPage","@id":"https:\/\/nb-bijoux.fr\/?product=nighwave-golden-necklace","url":"https:\/\/nb-bijoux.fr\/?product=nighwave-golden-necklace","name":"Collier Sur le Nil - Najette Bordji, cr\u00e9atrice de bijoux artisan d&#039;art","isPartOf":{"@id":"https:\/\/nb-bijoux.fr\/#website"},"primaryImageOfPage":{"@id":"https:\/\/nb-bijoux.fr\/?product=nighwave-golden-necklace#primaryimage"},"image":{"@id":"https:\/\/nb-bijoux.fr\/?product=nighwave-golden-necklace#primaryimage"},"thumbnailUrl":"https:\/\/nb-bijoux.fr\/wp-content\/uploads\/2022\/11\/Najette-Bordji-Bijoux-005-web.jpg","datePublished":"2020-10-19T15:08:00+00:00","dateModified":"2024-11-21T17:01:16+00:00","breadcrumb":{"@id":"https:\/\/nb-bijoux.fr\/?product=nighwave-golden-necklace#breadcrumb"},"inLanguage":"fr-FR","potentialAction":[{"@type":"ReadAction","target":["https:\/\/nb-bijoux.fr\/?product=nighwave-golden-necklace"]}]},{"@type":"ImageObject","inLanguage":"fr-FR","@id":"https:\/\/nb-bijoux.fr\/?product=nighwave-golden-necklace#primaryimage","url":"https:\/\/nb-bijoux.fr\/wp-content\/uploads\/2022\/11\/Najette-Bordji-Bijoux-005-web.jpg","contentUrl":"https:\/\/nb-bijoux.fr\/wp-content\/uploads\/2022\/11\/Najette-Bordji-Bijoux-005-web.jpg","width":1000,"height":1000},{"@type":"BreadcrumbList","@id":"https:\/\/nb-bijoux.fr\/?product=nighwave-golden-necklace#breadcrumb","itemListElement":[{"@type":"ListItem","position":1,"name":"Accueil","item":"https:\/\/nb-bijoux.fr\/"},{"@type":"ListItem","position":2,"name":"Collections","item":"https:\/\/nb-bijoux.fr\/?page_id=4339"},{"@type":"ListItem","position":3,"name":"Collier Sur le Nil"}]},{"@type":"WebSite","@id":"https:\/\/nb-bijoux.fr\/#website","url":"https:\/\/nb-bijoux.fr\/","name":"nb-bijoux","description":"La boutique de Najette Bordji, bijoux d&#039;art et Haute-Fantaisie","publisher":{"@id":"https:\/\/nb-bijoux.fr\/#organization"},"potentialAction":[{"@type":"SearchAction","target":{"@type":"EntryPoint","urlTemplate":"https:\/\/nb-bijoux.fr\/?s={search_term_string}"},"query-input":{"@type":"PropertyValueSpecification","valueRequired":true,"valueName":"search_term_string"}}],"inLanguage":"fr-FR"},{"@type":"Organization","@id":"https:\/\/nb-bijoux.fr\/#organization","name":"Boutique de Najette Bordji, cr\u00e9atrice de bijoux artisan d'Art","url":"https:\/\/nb-bijoux.fr\/","logo":{"@type":"ImageObject","inLanguage":"fr-FR","@id":"https:\/\/nb-bijoux.fr\/#\/schema\/logo\/image\/","url":"https:\/\/nb-bijoux.fr\/wp-content\/uploads\/2023\/08\/cropped-cropped-cropped-logo.png","contentUrl":"https:\/\/nb-bijoux.fr\/wp-content\/uploads\/2023\/08\/cropped-cropped-cropped-logo.png","width":400,"height":60,"caption":"Boutique de Najette Bordji, cr\u00e9atrice de bijoux artisan d'Art"},"image":{"@id":"https:\/\/nb-bijoux.fr\/#\/schema\/logo\/image\/"},"sameAs":["https:\/\/www.facebook.com\/najette.bordjibijoux","https:\/\/www.instagram.com\/najettebordji\/"]}]}},"_links":{"self":[{"href":"https:\/\/nb-bijoux.fr\/index.php?rest_route=\/wp\/v2\/product\/4998","targetHints":{"allow":["GET"]}}],"collection":[{"href":"https:\/\/nb-bijoux.fr\/index.php?rest_route=\/wp\/v2\/product"}],"about":[{"href":"https:\/\/nb-bijoux.fr\/index.php?rest_route=\/wp\/v2\/types\/product"}],"replies":[{"embeddable":true,"href":"https:\/\/nb-bijoux.fr\/index.php?rest_route=%2Fwp%2Fv2%2Fcomments&post=4998"}],"version-history":[{"count":0,"href":"https:\/\/nb-bijoux.fr\/index.php?rest_route=\/wp\/v2\/product\/4998\/revisions"}],"wp:featuredmedia":[{"embeddable":true,"href":"https:\/\/nb-bijoux.fr\/index.php?rest_route=\/wp\/v2\/media\/988213"}],"wp:attachment":[{"href":"https:\/\/nb-bijoux.fr\/index.php?rest_route=%2Fwp%2Fv2%2Fmedia&parent=4998"}],"wp:term":[{"taxonomy":"product_brand","embeddable":true,"href":"https:\/\/nb-bijoux.fr\/index.php?rest_route=%2Fwp%2Fv2%2Fproduct_brand&post=4998"},{"taxonomy":"product_cat","embeddable":true,"href":"https:\/\/nb-bijoux.fr\/index.php?rest_route=%2Fwp%2Fv2%2Fproduct_cat&post=4998"},{"taxonomy":"product_tag","embeddable":true,"href":"https:\/\/nb-bijoux.fr\/index.php?rest_route=%2Fwp%2Fv2%2Fproduct_tag&post=4998"}],"curies":[{"name":"wp","href":"https:\/\/api.w.org\/{rel}","templated":true}]}}