{"id":4995,"date":"2020-10-19T17:06:47","date_gmt":"2020-10-19T15:06:47","guid":{"rendered":"https:\/\/bijoux.vamtam.com\/?post_type=product&#038;p=4995"},"modified":"2024-12-03T11:11:23","modified_gmt":"2024-12-03T10:11:23","slug":"twilight-golden-necklace","status":"publish","type":"product","link":"https:\/\/nb-bijoux.fr\/?product=twilight-golden-necklace","title":{"rendered":"Pendentif Colibri"},"content":{"rendered":"<div class=\"vgblk-rw-wrapper limit-wrapper\"><strong>Taille de la navette:<\/strong> 5x9mm<\/p>\n<p><strong>B\u00e9li\u00e8re<\/strong>: 6x4mm<\/p>\n<p>Pour conserver l\u2019\u00e9clat de votre bijou, rangez-le dans son \u00e9crin ou sa pochette lorsque vous ne le portez pas et \u00e9vitez tout contact avec l\u2019humidit\u00e9 et les produits cosm\u00e9tiques.<\/p><\/div>\n<p><!-- .vgblk-rw-wrapper --><\/p>\n","protected":false},"excerpt":{"rendered":"<p>Sur une cha\u00eene maille jaseron, le pendentif Colibri d\u00e9voile un anneau de spinelles noirs facett\u00e9s intercal\u00e9s de petites perles rondes en laiton dor\u00e9 \u00e0 l&rsquo;or, retenant une d\u00e9licate navette brillante.<\/p>\n<p>Le bijou id\u00e9al pour briller et r\u00e9v\u00e9ler le grain de votre peau.<\/p>\n<p>&nbsp;<\/p>\n","protected":false},"featured_media":988214,"comment_status":"open","ping_status":"closed","template":"","meta":[],"product_brand":[],"product_cat":[33],"product_tag":[34,31,121,120],"class_list":{"0":"post-4995","1":"product","2":"type-product","3":"status-publish","4":"has-post-thumbnail","6":"product_cat-colliers","7":"product_tag-collier","8":"product_tag-dore","9":"product_tag-pendentif","10":"product_tag-pierres-fines","12":"first","13":"instock","14":"shipping-taxable","15":"purchasable","16":"product-type-simple"},"yoast_head":"<!-- This site is optimized with the Yoast SEO plugin v27.5 - https:\/\/yoast.com\/product\/yoast-seo-wordpress\/ -->\n<title>Pendentif Colibri - Najette Bordji, cr\u00e9atrice de bijoux artisan d&#039;art<\/title>\n<meta name=\"description\" content=\"&quot;Pendentif Colibri r\u00e9v\u00e9lant de d\u00e9licats spinelles noirs facett\u00e9s mettant en valeur le grain de votre. A porter en journ\u00e9e ou lors de moments d&#039;exception!&quot;\" \/>\n<meta name=\"robots\" content=\"index, follow, max-snippet:-1, max-image-preview:large, max-video-preview:-1\" \/>\n<link rel=\"canonical\" href=\"https:\/\/nb-bijoux.fr\/?product=twilight-golden-necklace\" \/>\n<meta property=\"og:locale\" content=\"fr_FR\" \/>\n<meta property=\"og:type\" content=\"article\" \/>\n<meta property=\"og:title\" content=\"Pendentif Colibri - Najette Bordji, cr\u00e9atrice de bijoux artisan d&#039;art\" \/>\n<meta property=\"og:description\" content=\"&quot;Pendentif Colibri r\u00e9v\u00e9lant de d\u00e9licats spinelles noirs facett\u00e9s mettant en valeur le grain de votre. A porter en journ\u00e9e ou lors de moments d&#039;exception!&quot;\" \/>\n<meta property=\"og:url\" content=\"https:\/\/nb-bijoux.fr\/?product=twilight-golden-necklace\" \/>\n<meta property=\"og:site_name\" content=\"Najette Bordji, cr\u00e9atrice de bijoux artisan d&#039;art\" \/>\n<meta property=\"article:publisher\" content=\"https:\/\/www.facebook.com\/najette.bordjibijoux\" \/>\n<meta property=\"article:modified_time\" content=\"2024-12-03T10:11:23+00:00\" \/>\n<meta property=\"og:image\" content=\"https:\/\/nb-bijoux.fr\/wp-content\/uploads\/2022\/11\/Najette-Bordji-Bijoux-006-web.jpg\" \/>\n\t<meta property=\"og:image:width\" content=\"1000\" \/>\n\t<meta property=\"og:image:height\" content=\"1000\" \/>\n\t<meta property=\"og:image:type\" content=\"image\/jpeg\" \/>\n<meta name=\"twitter:card\" content=\"summary_large_image\" \/>\n<meta name=\"twitter:label1\" content=\"Dur\u00e9e de lecture estim\u00e9e\" \/>\n\t<meta name=\"twitter:data1\" content=\"1 minute\" \/>\n<script type=\"application\/ld+json\" class=\"yoast-schema-graph\">{\"@context\":\"https:\\\/\\\/schema.org\",\"@graph\":[{\"@type\":\"WebPage\",\"@id\":\"https:\\\/\\\/nb-bijoux.fr\\\/?product=twilight-golden-necklace\",\"url\":\"https:\\\/\\\/nb-bijoux.fr\\\/?product=twilight-golden-necklace\",\"name\":\"Pendentif Colibri - Najette Bordji, cr\u00e9atrice de bijoux artisan d&#039;art\",\"isPartOf\":{\"@id\":\"https:\\\/\\\/nb-bijoux.fr\\\/#website\"},\"primaryImageOfPage\":{\"@id\":\"https:\\\/\\\/nb-bijoux.fr\\\/?product=twilight-golden-necklace#primaryimage\"},\"image\":{\"@id\":\"https:\\\/\\\/nb-bijoux.fr\\\/?product=twilight-golden-necklace#primaryimage\"},\"thumbnailUrl\":\"https:\\\/\\\/nb-bijoux.fr\\\/wp-content\\\/uploads\\\/2022\\\/11\\\/Najette-Bordji-Bijoux-006-web.jpg\",\"datePublished\":\"2020-10-19T15:06:47+00:00\",\"dateModified\":\"2024-12-03T10:11:23+00:00\",\"description\":\"\\\"Pendentif Colibri r\u00e9v\u00e9lant de d\u00e9licats spinelles noirs facett\u00e9s mettant en valeur le grain de votre. A porter en journ\u00e9e ou lors de moments d'exception!\\\"\",\"breadcrumb\":{\"@id\":\"https:\\\/\\\/nb-bijoux.fr\\\/?product=twilight-golden-necklace#breadcrumb\"},\"inLanguage\":\"fr-FR\",\"potentialAction\":[{\"@type\":\"ReadAction\",\"target\":[\"https:\\\/\\\/nb-bijoux.fr\\\/?product=twilight-golden-necklace\"]}]},{\"@type\":\"ImageObject\",\"inLanguage\":\"fr-FR\",\"@id\":\"https:\\\/\\\/nb-bijoux.fr\\\/?product=twilight-golden-necklace#primaryimage\",\"url\":\"https:\\\/\\\/nb-bijoux.fr\\\/wp-content\\\/uploads\\\/2022\\\/11\\\/Najette-Bordji-Bijoux-006-web.jpg\",\"contentUrl\":\"https:\\\/\\\/nb-bijoux.fr\\\/wp-content\\\/uploads\\\/2022\\\/11\\\/Najette-Bordji-Bijoux-006-web.jpg\",\"width\":1000,\"height\":1000},{\"@type\":\"BreadcrumbList\",\"@id\":\"https:\\\/\\\/nb-bijoux.fr\\\/?product=twilight-golden-necklace#breadcrumb\",\"itemListElement\":[{\"@type\":\"ListItem\",\"position\":1,\"name\":\"Accueil\",\"item\":\"https:\\\/\\\/nb-bijoux.fr\\\/\"},{\"@type\":\"ListItem\",\"position\":2,\"name\":\"Collections\",\"item\":\"https:\\\/\\\/nb-bijoux.fr\\\/?page_id=4339\"},{\"@type\":\"ListItem\",\"position\":3,\"name\":\"Pendentif Colibri\"}]},{\"@type\":\"WebSite\",\"@id\":\"https:\\\/\\\/nb-bijoux.fr\\\/#website\",\"url\":\"https:\\\/\\\/nb-bijoux.fr\\\/\",\"name\":\"nb-bijoux\",\"description\":\"La boutique de Najette Bordji, bijoux d&#039;art et Haute-Fantaisie\",\"publisher\":{\"@id\":\"https:\\\/\\\/nb-bijoux.fr\\\/#organization\"},\"potentialAction\":[{\"@type\":\"SearchAction\",\"target\":{\"@type\":\"EntryPoint\",\"urlTemplate\":\"https:\\\/\\\/nb-bijoux.fr\\\/?s={search_term_string}\"},\"query-input\":{\"@type\":\"PropertyValueSpecification\",\"valueRequired\":true,\"valueName\":\"search_term_string\"}}],\"inLanguage\":\"fr-FR\"},{\"@type\":\"Organization\",\"@id\":\"https:\\\/\\\/nb-bijoux.fr\\\/#organization\",\"name\":\"Boutique de Najette Bordji, cr\u00e9atrice de bijoux artisan d'Art\",\"url\":\"https:\\\/\\\/nb-bijoux.fr\\\/\",\"logo\":{\"@type\":\"ImageObject\",\"inLanguage\":\"fr-FR\",\"@id\":\"https:\\\/\\\/nb-bijoux.fr\\\/#\\\/schema\\\/logo\\\/image\\\/\",\"url\":\"https:\\\/\\\/nb-bijoux.fr\\\/wp-content\\\/uploads\\\/2023\\\/08\\\/cropped-cropped-cropped-logo.png\",\"contentUrl\":\"https:\\\/\\\/nb-bijoux.fr\\\/wp-content\\\/uploads\\\/2023\\\/08\\\/cropped-cropped-cropped-logo.png\",\"width\":400,\"height\":60,\"caption\":\"Boutique de Najette Bordji, cr\u00e9atrice de bijoux artisan d'Art\"},\"image\":{\"@id\":\"https:\\\/\\\/nb-bijoux.fr\\\/#\\\/schema\\\/logo\\\/image\\\/\"},\"sameAs\":[\"https:\\\/\\\/www.facebook.com\\\/najette.bordjibijoux\",\"https:\\\/\\\/www.instagram.com\\\/najettebordji\\\/\"]}]}<\/script>\n<!-- \/ Yoast SEO plugin. -->","yoast_head_json":{"title":"Pendentif Colibri - Najette Bordji, cr\u00e9atrice de bijoux artisan d&#039;art","description":"\"Pendentif Colibri r\u00e9v\u00e9lant de d\u00e9licats spinelles noirs facett\u00e9s mettant en valeur le grain de votre. A porter en journ\u00e9e ou lors de moments d'exception!\"","robots":{"index":"index","follow":"follow","max-snippet":"max-snippet:-1","max-image-preview":"max-image-preview:large","max-video-preview":"max-video-preview:-1"},"canonical":"https:\/\/nb-bijoux.fr\/?product=twilight-golden-necklace","og_locale":"fr_FR","og_type":"article","og_title":"Pendentif Colibri - Najette Bordji, cr\u00e9atrice de bijoux artisan d&#039;art","og_description":"\"Pendentif Colibri r\u00e9v\u00e9lant de d\u00e9licats spinelles noirs facett\u00e9s mettant en valeur le grain de votre. A porter en journ\u00e9e ou lors de moments d'exception!\"","og_url":"https:\/\/nb-bijoux.fr\/?product=twilight-golden-necklace","og_site_name":"Najette Bordji, cr\u00e9atrice de bijoux artisan d&#039;art","article_publisher":"https:\/\/www.facebook.com\/najette.bordjibijoux","article_modified_time":"2024-12-03T10:11:23+00:00","og_image":[{"width":1000,"height":1000,"url":"https:\/\/nb-bijoux.fr\/wp-content\/uploads\/2022\/11\/Najette-Bordji-Bijoux-006-web.jpg","type":"image\/jpeg"}],"twitter_card":"summary_large_image","twitter_misc":{"Dur\u00e9e de lecture estim\u00e9e":"1 minute"},"schema":{"@context":"https:\/\/schema.org","@graph":[{"@type":"WebPage","@id":"https:\/\/nb-bijoux.fr\/?product=twilight-golden-necklace","url":"https:\/\/nb-bijoux.fr\/?product=twilight-golden-necklace","name":"Pendentif Colibri - Najette Bordji, cr\u00e9atrice de bijoux artisan d&#039;art","isPartOf":{"@id":"https:\/\/nb-bijoux.fr\/#website"},"primaryImageOfPage":{"@id":"https:\/\/nb-bijoux.fr\/?product=twilight-golden-necklace#primaryimage"},"image":{"@id":"https:\/\/nb-bijoux.fr\/?product=twilight-golden-necklace#primaryimage"},"thumbnailUrl":"https:\/\/nb-bijoux.fr\/wp-content\/uploads\/2022\/11\/Najette-Bordji-Bijoux-006-web.jpg","datePublished":"2020-10-19T15:06:47+00:00","dateModified":"2024-12-03T10:11:23+00:00","description":"\"Pendentif Colibri r\u00e9v\u00e9lant de d\u00e9licats spinelles noirs facett\u00e9s mettant en valeur le grain de votre. A porter en journ\u00e9e ou lors de moments d'exception!\"","breadcrumb":{"@id":"https:\/\/nb-bijoux.fr\/?product=twilight-golden-necklace#breadcrumb"},"inLanguage":"fr-FR","potentialAction":[{"@type":"ReadAction","target":["https:\/\/nb-bijoux.fr\/?product=twilight-golden-necklace"]}]},{"@type":"ImageObject","inLanguage":"fr-FR","@id":"https:\/\/nb-bijoux.fr\/?product=twilight-golden-necklace#primaryimage","url":"https:\/\/nb-bijoux.fr\/wp-content\/uploads\/2022\/11\/Najette-Bordji-Bijoux-006-web.jpg","contentUrl":"https:\/\/nb-bijoux.fr\/wp-content\/uploads\/2022\/11\/Najette-Bordji-Bijoux-006-web.jpg","width":1000,"height":1000},{"@type":"BreadcrumbList","@id":"https:\/\/nb-bijoux.fr\/?product=twilight-golden-necklace#breadcrumb","itemListElement":[{"@type":"ListItem","position":1,"name":"Accueil","item":"https:\/\/nb-bijoux.fr\/"},{"@type":"ListItem","position":2,"name":"Collections","item":"https:\/\/nb-bijoux.fr\/?page_id=4339"},{"@type":"ListItem","position":3,"name":"Pendentif Colibri"}]},{"@type":"WebSite","@id":"https:\/\/nb-bijoux.fr\/#website","url":"https:\/\/nb-bijoux.fr\/","name":"nb-bijoux","description":"La boutique de Najette Bordji, bijoux d&#039;art et Haute-Fantaisie","publisher":{"@id":"https:\/\/nb-bijoux.fr\/#organization"},"potentialAction":[{"@type":"SearchAction","target":{"@type":"EntryPoint","urlTemplate":"https:\/\/nb-bijoux.fr\/?s={search_term_string}"},"query-input":{"@type":"PropertyValueSpecification","valueRequired":true,"valueName":"search_term_string"}}],"inLanguage":"fr-FR"},{"@type":"Organization","@id":"https:\/\/nb-bijoux.fr\/#organization","name":"Boutique de Najette Bordji, cr\u00e9atrice de bijoux artisan d'Art","url":"https:\/\/nb-bijoux.fr\/","logo":{"@type":"ImageObject","inLanguage":"fr-FR","@id":"https:\/\/nb-bijoux.fr\/#\/schema\/logo\/image\/","url":"https:\/\/nb-bijoux.fr\/wp-content\/uploads\/2023\/08\/cropped-cropped-cropped-logo.png","contentUrl":"https:\/\/nb-bijoux.fr\/wp-content\/uploads\/2023\/08\/cropped-cropped-cropped-logo.png","width":400,"height":60,"caption":"Boutique de Najette Bordji, cr\u00e9atrice de bijoux artisan d'Art"},"image":{"@id":"https:\/\/nb-bijoux.fr\/#\/schema\/logo\/image\/"},"sameAs":["https:\/\/www.facebook.com\/najette.bordjibijoux","https:\/\/www.instagram.com\/najettebordji\/"]}]}},"_links":{"self":[{"href":"https:\/\/nb-bijoux.fr\/index.php?rest_route=\/wp\/v2\/product\/4995","targetHints":{"allow":["GET"]}}],"collection":[{"href":"https:\/\/nb-bijoux.fr\/index.php?rest_route=\/wp\/v2\/product"}],"about":[{"href":"https:\/\/nb-bijoux.fr\/index.php?rest_route=\/wp\/v2\/types\/product"}],"replies":[{"embeddable":true,"href":"https:\/\/nb-bijoux.fr\/index.php?rest_route=%2Fwp%2Fv2%2Fcomments&post=4995"}],"version-history":[{"count":0,"href":"https:\/\/nb-bijoux.fr\/index.php?rest_route=\/wp\/v2\/product\/4995\/revisions"}],"wp:featuredmedia":[{"embeddable":true,"href":"https:\/\/nb-bijoux.fr\/index.php?rest_route=\/wp\/v2\/media\/988214"}],"wp:attachment":[{"href":"https:\/\/nb-bijoux.fr\/index.php?rest_route=%2Fwp%2Fv2%2Fmedia&parent=4995"}],"wp:term":[{"taxonomy":"product_brand","embeddable":true,"href":"https:\/\/nb-bijoux.fr\/index.php?rest_route=%2Fwp%2Fv2%2Fproduct_brand&post=4995"},{"taxonomy":"product_cat","embeddable":true,"href":"https:\/\/nb-bijoux.fr\/index.php?rest_route=%2Fwp%2Fv2%2Fproduct_cat&post=4995"},{"taxonomy":"product_tag","embeddable":true,"href":"https:\/\/nb-bijoux.fr\/index.php?rest_route=%2Fwp%2Fv2%2Fproduct_tag&post=4995"}],"curies":[{"name":"wp","href":"https:\/\/api.w.org\/{rel}","templated":true}]}}